{"id":19,"date":"2015-06-15T16:22:01","date_gmt":"2015-06-15T14:22:01","guid":{"rendered":"https:\/\/www.diocesidicremona.it\/vocazioni\/?page_id=19"},"modified":"2016-08-07T16:11:11","modified_gmt":"2016-08-07T14:11:11","slug":"informazioni","status":"publish","type":"page","link":"https:\/\/www.diocesidicremona.it\/vocazioni\/informazioni\/","title":{"rendered":"Centro diocesano vocazioni"},"content":{"rendered":"<div class=\"pdfprnt-buttons pdfprnt-buttons-page pdfprnt-top-right\"><a href=\"https:\/\/www.diocesidicremona.it\/vocazioni\/wp-json\/wp\/v2\/pages\/19?print=pdf\" class=\"pdfprnt-button pdfprnt-button-pdf\" target=\"_blank\" ><img decoding=\"async\" src=\"https:\/\/www.diocesidicremona.it\/vocazioni\/wp-content\/plugins\/pdf-print\/images\/pdf.png\" alt=\"image_pdf\" title=\"Visualizza PDF\" \/><\/a><a href=\"https:\/\/www.diocesidicremona.it\/vocazioni\/wp-json\/wp\/v2\/pages\/19?print=print\" class=\"pdfprnt-button pdfprnt-button-print\" target=\"_blank\" ><img decoding=\"async\" src=\"https:\/\/www.diocesidicremona.it\/vocazioni\/wp-content\/plugins\/pdf-print\/images\/print.png\" alt=\"image_print\" title=\"Stampa contenuto\" \/><\/a><\/div><p>Questo \u00e8 il mini-sito della pastorale vocazionale della diocesi di Cremona (una versione pi\u00f9 estesa la trovi all&#8217;indirizzo\u00a0<a href=\"http:\/\/www.vocazionicremona.it\">http:\/\/www.vocazionicremona.it<\/a>). Si rivolge ai giovani o alle giovani che sono alla ricerca di un senso per la loro esistenza e non hanno escluso che il Signore possa prospettare loro qualcosa di grande.<\/p>\n<p>A Cremona, la pastorale vocazionale \u00e8 inserita all\u2019interno della pi\u00f9 ampia area dell\u2019ascolto ai giovani (pastorale giovanile), che, insieme alle altre tre (famiglia, ambito sociale e cultura) delinea gli ambiti in cui \u00e8 stata organizzata dal Vescovo la pastorale nella nostra diocesi. Coordinatore del settore giovanile \u00e8 don Paolo Arienti, della pastorale vocazionale pi\u00f9 nello specifico \u00e8 don Davide Schiavon.<\/p>\n<p>Il Centro diocesano vocazioni (CDV) e l\u2019Opera vocazioni ecclesiastiche (OVE), affidati a un Responsabile, esprimono l\u2019impegno della Chiesa che \u00e8 in Cremona per l\u2019animazione vocazionale del popolo di Dio, promuovendo e coordinando, sotto la guida del Vescovo, le iniziative di studio e attivit\u00e0 pastorali opportune (costituz. sin. 368).<\/p>\n<p>Il Centro diocesano vocazioni ha, in particolare, il compito di:<\/p>\n<ul>\n<li>operare perch\u00e9 tutta la comunit\u00e0 diocesana prenda viva coscienza della dimensione vocazionale della vita cristiana e si ponga con pi\u00f9 responsabilit\u00e0 e fattiva collaborazione il problema delle specifiche vocazioni, con particolare riferimento a quelle sacerdotali e di speciale consacrazione;<\/li>\n<li>promuove lo studio degli aspetti teologici, psicologici e pedagogici della pastorale vocazionale;<\/li>\n<li>stimolare una convergenza di idee e di metodi nell\u2019impostazione e nella presentazione della problematica vocazionale tra gli animatori vocazionali;<\/li>\n<li>far presente l\u2019impegno per l\u2019orientamento vocazionale agli organismi pastorali della diocesi, inserendo e armonizzando le proprie attivit\u00e0 nel piano diocesano;<\/li>\n<li>favorire collaborazione e scambi per le singole iniziative vocazionali;<\/li>\n<li>di concerto con l\u2019Ufficio per la pastorale giovanile, organizzare corsi di orientamento vocazionale per giovani, nei quali vengano presentate le diverse e complementari vocazioni cristiane.<\/li>\n<\/ul>\n<p>Il Centro diocesano vocazioni e l\u2019Opera vocazioni ecclesiastiche sono retti da uno statuto proprio emanato dal Vescovo diocesano.<\/p>\n<p style=\"text-align: right;\"><em>(Regolamento della Curia Diocesana, Titolo III, art. 61)<\/em><\/p>\n","protected":false},"excerpt":{"rendered":"<p>Questo \u00e8 il mini-sito della pastorale vocazionale della diocesi di Cremona (una versione pi\u00f9 estesa la trovi all&#8217;indirizzo\u00a0http:\/\/www.vocazionicremona.it). Si rivolge ai giovani o alle giovani che sono alla ricerca di un senso per la loro esistenza e non hanno escluso che il Signore possa prospettare loro qualcosa di grande. A Cremona, la pastorale vocazionale \u00e8 &hellip; <a href=\"https:\/\/www.diocesidicremona.it\/vocazioni\/informazioni\/\" class=\"more-link\">Continue reading <span class=\"screen-reader-text\">Centro diocesano vocazioni<\/span> <span class=\"meta-nav\">&raquo;<\/span><\/a><\/p>\n","protected":false},"author":11,"featured_media":93,"parent":0,"menu_order":0,"comment_status":"closed","ping_status":"open","template":"","meta":{"_acf_changed":false,"ip_address":"","user_agent":"","level":"","revision":"","cookie_id":"","page_referer":"","html_form":"","footnotes":"","_links_to":"","_links_to_target":""},"class_list":["post-19","page","type-page","status-publish","has-post-thumbnail","hentry"],"acf":[],"_links":{"self":[{"href":"https:\/\/www.diocesidicremona.it\/vocazioni\/wp-json\/wp\/v2\/pages\/19","targetHints":{"allow":["GET"]}}],"collection":[{"href":"https:\/\/www.diocesidicremona.it\/vocazioni\/wp-json\/wp\/v2\/pages"}],"about":[{"href":"https:\/\/www.diocesidicremona.it\/vocazioni\/wp-json\/wp\/v2\/types\/page"}],"author":[{"embeddable":true,"href":"https:\/\/www.diocesidicremona.it\/vocazioni\/wp-json\/wp\/v2\/users\/11"}],"replies":[{"embeddable":true,"href":"https:\/\/www.diocesidicremona.it\/vocazioni\/wp-json\/wp\/v2\/comments?post=19"}],"version-history":[{"count":3,"href":"https:\/\/www.diocesidicremona.it\/vocazioni\/wp-json\/wp\/v2\/pages\/19\/revisions"}],"predecessor-version":[{"id":94,"href":"https:\/\/www.diocesidicremona.it\/vocazioni\/wp-json\/wp\/v2\/pages\/19\/revisions\/94"}],"wp:featuredmedia":[{"embeddable":true,"href":"https:\/\/www.diocesidicremona.it\/vocazioni\/wp-json\/wp\/v2\/media\/93"}],"wp:attachment":[{"href":"https:\/\/www.diocesidicremona.it\/vocazioni\/wp-json\/wp\/v2\/media?parent=19"}],"curies":[{"name":"wp","href":"https:\/\/api.w.org\/{rel}","templated":true}]}}