{"id":166,"date":"2016-08-09T12:07:35","date_gmt":"2016-08-09T10:07:35","guid":{"rendered":"https:\/\/www.diocesidicremona.it\/vocazioni\/?page_id=166"},"modified":"2016-08-09T12:07:49","modified_gmt":"2016-08-09T10:07:49","slug":"la-parola-al-vescovo","status":"publish","type":"page","link":"https:\/\/www.diocesidicremona.it\/vocazioni\/la-parola-al-vescovo\/","title":{"rendered":"La parola al Vescovo"},"content":{"rendered":"<div class=\"pdfprnt-buttons pdfprnt-buttons-page pdfprnt-top-right\"><a href=\"https:\/\/www.diocesidicremona.it\/vocazioni\/wp-json\/wp\/v2\/pages\/166?print=pdf\" class=\"pdfprnt-button pdfprnt-button-pdf\" target=\"_blank\" ><img decoding=\"async\" src=\"https:\/\/www.diocesidicremona.it\/vocazioni\/wp-content\/plugins\/pdf-print\/images\/pdf.png\" alt=\"image_pdf\" title=\"Visualizza PDF\" \/><\/a><a href=\"https:\/\/www.diocesidicremona.it\/vocazioni\/wp-json\/wp\/v2\/pages\/166?print=print\" class=\"pdfprnt-button pdfprnt-button-print\" target=\"_blank\" ><img decoding=\"async\" src=\"https:\/\/www.diocesidicremona.it\/vocazioni\/wp-content\/plugins\/pdf-print\/images\/print.png\" alt=\"image_print\" title=\"Stampa contenuto\" \/><\/a><\/div><p>\u201cLa parola al vescovo\u201d: cos\u00ec si chiama questo spazio che la pastorale vocazionale della nostra diocesi<br \/>\nMi offre per avviare un dialogo con voi. Grazie e\u2026 ci provo!<br \/>\nLa Parola: per noi credenti \u00e8 la Rivelazione di Dio, nelle Scritture, nel Vangelo, nella fede della Chiesa. Ma in queste poche righe non far\u00f2 una lectio, o una meditazione, tanto meno una predica.<br \/>\nLa parola al Vescovo: nemmeno credo che qui mi si chieda un discorso\u2026 ne faccio gi\u00e0 tanti in giro!<br \/>\nPreferisco invece, proporre una sola parola, ogni volta, come piccola pro-vocazione, ossia qualcosa che interpelli, che chiami al dialogo,<br \/>\ninteriore e fraterno, sulle tracce del dono di Dio.<\/p>\n<p>Oggi la parola \u00e8 VIAGGIO\u2026<br \/>\nS\u00ec, perch\u00e9 sto facendo la valigia per la GMG a Cracovia: domani si parte!<br \/>\nE nei prossimi giorni saremo davvero in tanti, a metterci in viaggio, mentre si rinnova sulle autostrade il rito dell\u2019 \u201cesodo dei vacanzieri\u201d, una carovana di giovani si d\u00e0 appuntamento con papa Francesco, per vivere nella terra di San Giovanni Paolo II un vero \u201cpellegrinaggio\u201d alle fonti della Misericordia divina.<br \/>\nDal viaggio fisico a quello spirituale, possiamo fare davvero dell\u2019intera vita un cammino, la cui direzione non \u00e8 obbligatoria, n\u00e9 scontata, n\u00e9 inesistente, ma tracciata nel dialogo d\u2019amore tra il Dio che si \u00e8 fatto uomo e ogni cuore che ne accoglie la vicinanza e la chiamata.<br \/>\nUn viaggio all\u2019insegna del SEGUIMI, in cui gli occhi del Maestro e Signore rendono possibile l\u2019attraversamento di confini impensati.<br \/>\nUn viaggio in cui la compagnia cresce e si illumina: cercatori di senso che osano diventare operatori di pace, pellegrini dell\u2019Assoluto, che si chinano a riconoscerlo e servirlo nelle ferite del prossimo.<br \/>\nC\u2019\u00e8 dentro un progetto per il mondo intero\u2026 ma saranno altre parole a dircelo man mano, anzi \u201cpasso passo\u201d.<br \/>\nIntanto, a tutti BUON VIAGGIO\u2026<br \/>\nE magari fateci sapere cosa sta rendendo veramente BUONO il vostro VIAGGIO\u2026<\/p>\n<p>Antonio Napolioni, Vescovo<\/p>\n","protected":false},"excerpt":{"rendered":"<p>\u201cLa parola al vescovo\u201d: cos\u00ec si chiama questo spazio che la pastorale vocazionale della nostra diocesi Mi offre per avviare un dialogo con voi. Grazie e\u2026 ci provo! La Parola: per noi credenti \u00e8 la Rivelazione di Dio, nelle Scritture, nel Vangelo, nella fede della Chiesa. Ma in queste poche righe non far\u00f2 una lectio, &hellip; <a href=\"https:\/\/www.diocesidicremona.it\/vocazioni\/la-parola-al-vescovo\/\" class=\"more-link\">Continue reading <span class=\"screen-reader-text\">La parola al Vescovo<\/span> <span class=\"meta-nav\">&raquo;<\/span><\/a><\/p>\n","protected":false},"author":6,"featured_media":167,"parent":0,"menu_order":0,"comment_status":"closed","ping_status":"closed","template":"","meta":{"_acf_changed":false,"ip_address":"","user_agent":"","level":"","revision":"","cookie_id":"","page_referer":"","html_form":"","footnotes":"","_links_to":"","_links_to_target":""},"class_list":["post-166","page","type-page","status-publish","has-post-thumbnail","hentry"],"acf":[],"_links":{"self":[{"href":"https:\/\/www.diocesidicremona.it\/vocazioni\/wp-json\/wp\/v2\/pages\/166","targetHints":{"allow":["GET"]}}],"collection":[{"href":"https:\/\/www.diocesidicremona.it\/vocazioni\/wp-json\/wp\/v2\/pages"}],"about":[{"href":"https:\/\/www.diocesidicremona.it\/vocazioni\/wp-json\/wp\/v2\/types\/page"}],"author":[{"embeddable":true,"href":"https:\/\/www.diocesidicremona.it\/vocazioni\/wp-json\/wp\/v2\/users\/6"}],"replies":[{"embeddable":true,"href":"https:\/\/www.diocesidicremona.it\/vocazioni\/wp-json\/wp\/v2\/comments?post=166"}],"version-history":[{"count":1,"href":"https:\/\/www.diocesidicremona.it\/vocazioni\/wp-json\/wp\/v2\/pages\/166\/revisions"}],"predecessor-version":[{"id":168,"href":"https:\/\/www.diocesidicremona.it\/vocazioni\/wp-json\/wp\/v2\/pages\/166\/revisions\/168"}],"wp:featuredmedia":[{"embeddable":true,"href":"https:\/\/www.diocesidicremona.it\/vocazioni\/wp-json\/wp\/v2\/media\/167"}],"wp:attachment":[{"href":"https:\/\/www.diocesidicremona.it\/vocazioni\/wp-json\/wp\/v2\/media?parent=166"}],"curies":[{"name":"wp","href":"https:\/\/api.w.org\/{rel}","templated":true}]}}