{"id":117,"date":"2016-08-08T21:44:57","date_gmt":"2016-08-08T19:44:57","guid":{"rendered":"https:\/\/www.diocesidicremona.it\/vocazioni\/?page_id=117"},"modified":"2016-08-08T21:44:57","modified_gmt":"2016-08-08T19:44:57","slug":"tipologie-di-vocazioni","status":"publish","type":"page","link":"https:\/\/www.diocesidicremona.it\/vocazioni\/tipologie-di-vocazioni\/","title":{"rendered":"Tipologie di vocazioni"},"content":{"rendered":"<div class=\"pdfprnt-buttons pdfprnt-buttons-page pdfprnt-top-right\"><a href=\"https:\/\/www.diocesidicremona.it\/vocazioni\/wp-json\/wp\/v2\/pages\/117?print=pdf\" class=\"pdfprnt-button pdfprnt-button-pdf\" target=\"_blank\" ><img decoding=\"async\" src=\"https:\/\/www.diocesidicremona.it\/vocazioni\/wp-content\/plugins\/pdf-print\/images\/pdf.png\" alt=\"image_pdf\" title=\"Visualizza PDF\" \/><\/a><a href=\"https:\/\/www.diocesidicremona.it\/vocazioni\/wp-json\/wp\/v2\/pages\/117?print=print\" class=\"pdfprnt-button pdfprnt-button-print\" target=\"_blank\" ><img decoding=\"async\" src=\"https:\/\/www.diocesidicremona.it\/vocazioni\/wp-content\/plugins\/pdf-print\/images\/print.png\" alt=\"image_print\" title=\"Stampa contenuto\" \/><\/a><\/div><p>Anche qui, non bisogna di pretendere il ritratto perfetto della propria situazione. Quelli che seguono sono solo alcuni tratti, schizzi appena abbozzati di una prima classificazione, magari un po\u2019 rozza, ma non troppo lontana dal vero, che pu\u00f2 aiutare ad orientarsi nel capire come Dio chiama nel mondo di oggi.<br \/>\n<strong>Vocazione adulta.<\/strong><br \/>\nVista come una mosca bianca fino a pochi anni (o decenni) fa, oggi \u00e8 assolutamente la tipologia maggioritaria, se non esclusiva. Si tratta di persone di venti, trenta o quarant\u2019anni che hanno gi\u00e0 percorso un tratto di vita ricco e intenso, magari laureandosi o avendo alle spalle diversi anni di lavoro. Pu\u00f2 darsi che la vocazione abbia gi\u00e0 fatto capolino, in passato, sotto mentite spoglie, e magari non sia stata riconosciuta o assecondata, ma pu\u00f2 darsi benissimo che il Signore si stia facendo sentire proprio adesso, per la prima volta. Queste persone, in genere, hanno tenacemente cercato di applicare al loro ambito quotidiano (universit\u00e0, lavoro, volontariato, amicizie) i valori cristiani, ma ora percepiscono come tutto questo non basta pi\u00f9 e che viene richiesto loro una specie di \u201ccambio di livello\u201d: Dio non pu\u00f2 pi\u00f9 essere una dimensione a fianco di altre, seppure onorata e visitata, ma deve diventare la piattaforma e lo sfondo che d\u00e0 l\u2019orientamento a tutto il resto. La vita condotta finora viene percepita come giusta, una tappa necessaria, ma anche, in una certa maniera, un capitolo ormai concluso, come se fosse servito da preparazione a qualcos\u2019altro che non \u00e8 ancora chiaro, ma sembra si stia affacciando.<br \/>\n<strong>Vocazione in et\u00e0 infantile<\/strong><br \/>\nPiuttosto frequente nel passato, perch\u00e9 facilitata dalla presenza di seminari minori o, comunque, da una societ\u00e0 sostanzialmente cristiana, oggi \u00e8 numericamente molto ridotta, ma la sua qualit\u00e0 non \u00e8 inficiata e, anzi, piuttosto \u00e8 accresciuta dalla scarsit\u00e0 numerica. Un bambino, o un ragazzo, sia maschio che femmina, grazie agli insegnamenti cristiani vissuti in famiglia, ad una felice esperienza in parrocchia o in oratorio, ad una vita di preghiera seria e costante, ad un servizio liturgico compiuto in qualit\u00e0 di ministrante, percepisce la grandezza e la bont\u00e0 di Dio e della vita che Egli propone. Pur mancando, data la giovane et\u00e0, di una visione anche solo abbozzata del mondo adulto e della societ\u00e0, sente dentro di s\u00e9 che nulla pu\u00f2 essere preferibile a Dio e alla Sua proposta. Questa chiamata precoce, come quella adulta, del resto, presenta punti di forza e di debolezza. Tra i primi, la genuinit\u00e0 ed il coraggio con cui viene accolta, senza tentennamenti e dilazioni, senza aspettare che cosa la vita potr\u00e0 offrire in seguito allo scopo di fare, magari, qualche \u201ccalcolo di opportunit\u00e0\u201d. Tra i secondi, la necessit\u00e0 di ri-verificare, ad ogni nuova stagione della vita, le motivazioni originarie, non perch\u00e9 non fossero vere, ma perch\u00e9 vanno messe a confronto con fatti e situazioni nuove che non devono spegnere la fiammella, ma renderla pi\u00f9 intensa e robusta.<br \/>\n<strong>Vocazione maturata in contesti lontani dalla fede.<\/strong><br \/>\nUna sorta di \u201creazione\u201d di fede, di fronte ad ambienti laici o di aperta opposizione a valori religiosi, non \u00e8 necessariamente una reazione sbagliata, da guardare con sospetto, come \u201cscintilla\u201d della vocazione. L\u2019importante \u00e8 che non sia l\u2019unica sua componente e che sia sottoposta al vaglio di un discernimento vocazionale guidato da una persona esperta (il direttore spirituale di un seminario o di un ordine religioso, un sacerdote di fiducia, una figura di religiosa esperta in materia spirituale\u2026). Il Signore, per spronare qualcuno a lavorare nella Sua vigna, a volte pu\u00f2 anche far percepire con particolare intensit\u00e0 la desolazione spirituale che regna in ambienti non abitati da Lui. Un successivo equilibrio andr\u00e0 comunque raggiunto successivamente, perch\u00e9 questi ambienti non possono essere depennati dal proprio orizzonte, ma re-inclusi alla luce di una fede pi\u00f9 matura, magari allo scopo di evangelizzarli nella maniera pi\u00f9 adatta alle circostanze e alla forze disponibili.<br \/>\nVocazione maturata in ambito oratoriano o parrocchiale<br \/>\nDando una mano in parrocchia, ispirandosi alla figura di un sacerdote o di una religiosa, un \/ a ragazzo \/ a pu\u00f2 maturare il desiderio di incarnare uno stile che appare buono e che richiama direttamente l\u2019insegnamento di Ges\u00f9. Il desiderio di fare del bene, di giovare a qualcuno, la soddisfazione di compiere gesti che hanno diretta attinenza con il Vangelo sono un\u2019ottima disposizione che \u00e8 da incoraggiare e nutrire senza dubbio. Questo desiderio, certamente ispirato da Dio, andr\u00e0 poi aiutato a maturare e ad allargarsi tenendo conto anche delle altre dimensioni che assumeranno un\u2019importanza crescente nella vita del ragazzo: scuola, amici, sport, altre esperienze e testimonianze (o, anche, contro \u2013 testimonianze).<br \/>\n<strong>Vocazione maturata all\u2019interno di un gruppo di preghiera o movimento ecclesiale.<\/strong><br \/>\nOggi \u00e8 un caso piuttosto frequente che la chiamata di Dio si faccia strada all\u2019interno di un percorso spirituale maturato dentro un movimento o associazione (Azione Cattolica, Scout, Rinnovamento nello Spirito, Neocatecumenali, Focolarini, Comunione e Liberazione o altri). Si tratta di vocazioni adulte che hanno tratto grande beneficio da questo tipo di appartenenza, che ha fatto sentir loro, oltre che l\u2019attrattiva della fede, anche il calore di una comunit\u00e0. Il passo successivo consister\u00e0, all\u2019interno del percorso di maturazione vocazionale che continua, nel concepire la comunit\u00e0 come una famiglia sempre pi\u00f9 ampia, la Chiesa a livello universale e la parrocchia a livello locale, il che non contrasta necessariamente con il cammino da cui si proviene.<br \/>\nVocazione maturata all\u2019interno di una conversione<br \/>\nConsiste in un riavvicinamento alla fede, avvenuto dopo anni di lontananza o di indifferenza, all\u2019interno del quale si percepisce una sorta di \u201cimperativo\u201d a dare anche la propria vita a Dio, come naturale conseguenza e sbocco del cambio radicale e repentino che sta avvenendo all\u2019interno della persona. Trattandosi di due fenomeni in uno (conversione e vocazione) richiede un surplus di discernimento attuato con una persona competente (direttore spirituale).<br \/>\n<strong>Vocazione intellettuale<\/strong><br \/>\nE\u2019 molto raro, ma pu\u00f2 succedere, che l\u2019incontro con Dio avvenga al termine di un percorso filosofico, o intellettuale, magari dopo aver constatato che esso non fornisce tutte le risposte che si cercavano. Si affaccia allora la presenza di Dio che, come alternativa a questo vicolo cieco, fa balenare la Sua proposta di vita, in grado di appagare non solo la mente, ma anche il cuore. Questo tipo di vocazione \u00e8 pi\u00f9 solida dal punto di vista teoretico e dispone di ottime basi culturali di partenza, ma \u00e8 tutta da verificare e irrobustire sul piano relazionale e pastorale, nel caso ci si stia orientando verso una risposta all\u2019interno dell\u2019ambito diocesano.<\/p>\n","protected":false},"excerpt":{"rendered":"<p>Anche qui, non bisogna di pretendere il ritratto perfetto della propria situazione. Quelli che seguono sono solo alcuni tratti, schizzi appena abbozzati di una prima classificazione, magari un po\u2019 rozza, ma non troppo lontana dal vero, che pu\u00f2 aiutare ad orientarsi nel capire come Dio chiama nel mondo di oggi. Vocazione adulta. Vista come una &hellip; <a href=\"https:\/\/www.diocesidicremona.it\/vocazioni\/tipologie-di-vocazioni\/\" class=\"more-link\">Continue reading <span class=\"screen-reader-text\">Tipologie di vocazioni<\/span> <span class=\"meta-nav\">&raquo;<\/span><\/a><\/p>\n","protected":false},"author":6,"featured_media":118,"parent":0,"menu_order":0,"comment_status":"closed","ping_status":"closed","template":"","meta":{"_acf_changed":false,"ip_address":"","user_agent":"","level":"","revision":"","cookie_id":"","page_referer":"","html_form":"","footnotes":"","_links_to":"","_links_to_target":""},"class_list":["post-117","page","type-page","status-publish","has-post-thumbnail","hentry"],"acf":[],"_links":{"self":[{"href":"https:\/\/www.diocesidicremona.it\/vocazioni\/wp-json\/wp\/v2\/pages\/117","targetHints":{"allow":["GET"]}}],"collection":[{"href":"https:\/\/www.diocesidicremona.it\/vocazioni\/wp-json\/wp\/v2\/pages"}],"about":[{"href":"https:\/\/www.diocesidicremona.it\/vocazioni\/wp-json\/wp\/v2\/types\/page"}],"author":[{"embeddable":true,"href":"https:\/\/www.diocesidicremona.it\/vocazioni\/wp-json\/wp\/v2\/users\/6"}],"replies":[{"embeddable":true,"href":"https:\/\/www.diocesidicremona.it\/vocazioni\/wp-json\/wp\/v2\/comments?post=117"}],"version-history":[{"count":1,"href":"https:\/\/www.diocesidicremona.it\/vocazioni\/wp-json\/wp\/v2\/pages\/117\/revisions"}],"predecessor-version":[{"id":119,"href":"https:\/\/www.diocesidicremona.it\/vocazioni\/wp-json\/wp\/v2\/pages\/117\/revisions\/119"}],"wp:featuredmedia":[{"embeddable":true,"href":"https:\/\/www.diocesidicremona.it\/vocazioni\/wp-json\/wp\/v2\/media\/118"}],"wp:attachment":[{"href":"https:\/\/www.diocesidicremona.it\/vocazioni\/wp-json\/wp\/v2\/media?parent=117"}],"curies":[{"name":"wp","href":"https:\/\/api.w.org\/{rel}","templated":true}]}}