{"id":114,"date":"2016-08-08T21:43:07","date_gmt":"2016-08-08T19:43:07","guid":{"rendered":"https:\/\/www.diocesidicremona.it\/vocazioni\/?page_id=114"},"modified":"2016-08-08T21:43:07","modified_gmt":"2016-08-08T19:43:07","slug":"il-fertilizzante-della-vocazione","status":"publish","type":"page","link":"https:\/\/www.diocesidicremona.it\/vocazioni\/il-fertilizzante-della-vocazione\/","title":{"rendered":"Il &#8220;fertilizzante&#8221; della vocazione"},"content":{"rendered":"<div class=\"pdfprnt-buttons pdfprnt-buttons-page pdfprnt-top-right\"><a href=\"https:\/\/www.diocesidicremona.it\/vocazioni\/wp-json\/wp\/v2\/pages\/114?print=pdf\" class=\"pdfprnt-button pdfprnt-button-pdf\" target=\"_blank\" ><img decoding=\"async\" src=\"https:\/\/www.diocesidicremona.it\/vocazioni\/wp-content\/plugins\/pdf-print\/images\/pdf.png\" alt=\"image_pdf\" title=\"Visualizza PDF\" \/><\/a><a href=\"https:\/\/www.diocesidicremona.it\/vocazioni\/wp-json\/wp\/v2\/pages\/114?print=print\" class=\"pdfprnt-button pdfprnt-button-print\" target=\"_blank\" ><img decoding=\"async\" src=\"https:\/\/www.diocesidicremona.it\/vocazioni\/wp-content\/plugins\/pdf-print\/images\/print.png\" alt=\"image_print\" title=\"Stampa contenuto\" \/><\/a><\/div><p>Un aspetto molto sottovalutato, ai nostri giorni, anche in questioni strettamente spirituali quale potrebbe essere una chiamata di Dio \u00e8, paradossalmente, la preghiera. Ci\u00f2 che non viene spontaneo pensare \u00e8 che, di fronte a certi dilemmi, oltre alla riflessione, si possa ricorrere all\u2019aiuto di Dio. E, se anche di vocazione non si trattasse (o, per lo meno, di vocazione alla vita consacrata), la preghiera sarebbe utile ugualmente per capirlo. Detto altrimenti, la preghiera serve sempre:<br \/>\n1. Per chiedere lumi a Dio<br \/>\n2. Per capire se c\u2019\u00e8 o no una speciale chiamata<br \/>\n3. Per coltivarla e irrobustirla, nel caso ci sia.<br \/>\n4. Per capire come vivere cristianamente in altra maniera, nel caso il Signore non stia chiamando a una scelta di vita consacrata.<br \/>\nL\u2019efficacia della preghiera, nel campo della vocazione, \u00e8 inestimabile non solo se essa \u00e8 praticata dall\u2019interessato, ma anche se fatta da altri con l\u2019intenzione di illuminare questa vocazione.<\/p>\n","protected":false},"excerpt":{"rendered":"<p>Un aspetto molto sottovalutato, ai nostri giorni, anche in questioni strettamente spirituali quale potrebbe essere una chiamata di Dio \u00e8, paradossalmente, la preghiera. Ci\u00f2 che non viene spontaneo pensare \u00e8 che, di fronte a certi dilemmi, oltre alla riflessione, si possa ricorrere all\u2019aiuto di Dio. E, se anche di vocazione non si trattasse (o, per &hellip; <a href=\"https:\/\/www.diocesidicremona.it\/vocazioni\/il-fertilizzante-della-vocazione\/\" class=\"more-link\">Continue reading <span class=\"screen-reader-text\">Il &#8220;fertilizzante&#8221; della vocazione<\/span> <span class=\"meta-nav\">&raquo;<\/span><\/a><\/p>\n","protected":false},"author":6,"featured_media":115,"parent":0,"menu_order":0,"comment_status":"closed","ping_status":"closed","template":"","meta":{"_acf_changed":false,"ip_address":"","user_agent":"","level":"","revision":"","cookie_id":"","page_referer":"","html_form":"","footnotes":"","_links_to":"","_links_to_target":""},"class_list":["post-114","page","type-page","status-publish","has-post-thumbnail","hentry"],"acf":[],"_links":{"self":[{"href":"https:\/\/www.diocesidicremona.it\/vocazioni\/wp-json\/wp\/v2\/pages\/114","targetHints":{"allow":["GET"]}}],"collection":[{"href":"https:\/\/www.diocesidicremona.it\/vocazioni\/wp-json\/wp\/v2\/pages"}],"about":[{"href":"https:\/\/www.diocesidicremona.it\/vocazioni\/wp-json\/wp\/v2\/types\/page"}],"author":[{"embeddable":true,"href":"https:\/\/www.diocesidicremona.it\/vocazioni\/wp-json\/wp\/v2\/users\/6"}],"replies":[{"embeddable":true,"href":"https:\/\/www.diocesidicremona.it\/vocazioni\/wp-json\/wp\/v2\/comments?post=114"}],"version-history":[{"count":1,"href":"https:\/\/www.diocesidicremona.it\/vocazioni\/wp-json\/wp\/v2\/pages\/114\/revisions"}],"predecessor-version":[{"id":116,"href":"https:\/\/www.diocesidicremona.it\/vocazioni\/wp-json\/wp\/v2\/pages\/114\/revisions\/116"}],"wp:featuredmedia":[{"embeddable":true,"href":"https:\/\/www.diocesidicremona.it\/vocazioni\/wp-json\/wp\/v2\/media\/115"}],"wp:attachment":[{"href":"https:\/\/www.diocesidicremona.it\/vocazioni\/wp-json\/wp\/v2\/media?parent=114"}],"curies":[{"name":"wp","href":"https:\/\/api.w.org\/{rel}","templated":true}]}}