{"id":1141,"date":"2020-12-12T20:08:23","date_gmt":"2020-12-12T19:08:23","guid":{"rendered":"https:\/\/www.diocesidicremona.it\/tutelaminori\/?page_id=1141"},"modified":"2021-03-13T11:22:19","modified_gmt":"2021-03-13T10:22:19","slug":"la-legislazione-canonica","status":"publish","type":"page","link":"https:\/\/www.diocesidicremona.it\/tutelaminori\/la-legislazione-canonica\/","title":{"rendered":"La legislazione canonica"},"content":{"rendered":"<div class=\"pdfprnt-buttons pdfprnt-buttons-page pdfprnt-top-right\"><a href=\"https:\/\/www.diocesidicremona.it\/tutelaminori\/wp-json\/wp\/v2\/pages\/1141?print=pdf\" class=\"pdfprnt-button pdfprnt-button-pdf\" target=\"_blank\" ><img decoding=\"async\" src=\"https:\/\/www.diocesidicremona.it\/seminariovescovile\/wp-content\/plugins\/pdf-print\/images\/pdf.png\" alt=\"image_pdf\" title=\"Visualizza PDF\" \/><\/a><a href=\"https:\/\/www.diocesidicremona.it\/tutelaminori\/wp-json\/wp\/v2\/pages\/1141?print=print\" class=\"pdfprnt-button pdfprnt-button-print\" target=\"_blank\" ><img decoding=\"async\" src=\"https:\/\/www.diocesidicremona.it\/seminariovescovile\/wp-content\/plugins\/pdf-print\/images\/print.png\" alt=\"image_print\" title=\"Stampa contenuto\" \/><\/a><\/div><p>Lettera Apostolica in forma di \u201cMotu Proprio\u201d Sacramentorum Sanctitatis Tutela, Papa Giovanni Paolo II, 30 aprile 2001,<br \/>\ncon cui Papa Giovanni Paolo II promulg\u00f2 le norme circa i delitti pi\u00f9 gravi, riservandoli alla giurisdizione della Congregazione per la dottrina della fede. Tra i delitti pi\u00f9 gravi compare l\u2019abuso su minori commesso da un diacono, prete o vescovo.<\/p>\n<p>Norme sostanziali circa i delitti pi\u00f9 gravi riservati alla competenza esclusiva della Congregazione per la dottrina della fede, Papa Benedetto XVI il 21 Maggio 2010.<br \/>\nIl documento aggiorna ed integra il precedente normativa di Giovanni Paolo II; le modifiche introdotte sono sia sostanziali che procedurali. Includono ora \u201cl\u2019acquisizione o la detenzione o la divulgazione\u201d di materiale pedopornografico.<\/p>\n<p>Lettera circolare per aiutare le conferenze episcopali nel preparare linee guida per il trattamento dei casi di abuso sessuale nei confronti di minori da parte di chierici, Congregazione per la Dottrina della fede, 3 maggio 2011.<br \/>\nCon tale documento la Congregazione per la Dottrina della Fede ha fornito alcune indicazioni per i casi di abusi sessuali perpetrati da chierici ai danni di minori e invitato le Conferenze Episcopali a predisporre su questa base, entro maggio 2012, delle proprie Linee guida che tenessero \u201cin considerazione le situazioni concrete delle giurisdizioni appartenenti alla Conferenza Episcopale\u201d.<\/p>\n<p>Linee guida per la tutela dei minori e delle persone vulnerabili della Conferenza Episcopale Italiana e della Conferenza Italiana dei Superiori Maggiori, 24 giugno 2019.<br \/>\nLa Conferenza Episcopale Italiana, che gi\u00e0 nel 2014 aveva provveduto ad approvare un primo testo di linee guida, il 24 giugno 2019 ha emanato le nuove \u201cLinee guida per la tutela dei minori e delle persone vulnerabili della Conferenza Episcopale Italiana e della Conferenza Italiana dei Superiori Maggiori\u201d: la cura e protezione dei minori e delle persone vulnerabili costituisce un punto di riferimento imprescindibile e un criterio dirimente delle scelte operate in queste Linee guida. Cura e protezione sono parte integrante della missione della Chiesa nella costruzione del Regno di Dio. Le vigenti Linee guida si applicano a tutti coloro che operano, a qualsiasi titolo, individuale o associato, all\u2019interno delle comunit\u00e0 ecclesiali in Italia. Esse si applicano anche, compatibilmente al diritto proprio e alla normativa canonica, a tutti gli Istituti di Vita Consacrata e Societ\u00e0 di Vita apostolica, nella misura in cui questi non dispongano di proprie Linee guida.<\/p>\n<p>Rescritto del Santo Padre Francesco con cui si introducono alcune modifiche alle \u201cNormae de gravioribus delictis\u201d, Papa Francesco, 17 dicembre 2019.<br \/>\nIn questo Rescritto del Papa si introducono alcune modifiche alle \u201cNormae de gravioribus delictis\u201d, che fanno riferimento al Motu Proprio \u201cSacramentorum Sancitatis tutela\u201d emanato da Giovanni Paolo II il 30 aprile 2001. Rispetto al precedente rescritto, firmato dall\u2019allora prefetto della Congregazione per la Dottrina della fede, card. William Levada, l\u2019et\u00e0 \u00e8 stata innalzata dai 14 ai 18 anni: viene dichiarata punibile, infatti, \u201cl\u2019acquisizione o la detenzione o la divulgazione, a fine di libidine, di immagini pornografiche di minori di 18 anni da parte di un chierico, in qualunque modo e con qualunque strumento\u201d.<\/p>\n<p>Rescritto del Santo Padre Francesco con cui si promulga l\u2019Istruzione &#8220;Sulla riservatezza delle cause&#8221;, Papa Francesco, 17 dicembre 2019.<br \/>\nCon questo Rescritto gli abusi sessuali commessi da membri del clero su minori non sono pi\u00f9 coperti da \u201csegreto pontificio\u201d. Rimane, invece, il \u201csegreto d\u2019ufficio\u201d per garantire \u201cla sicurezza, l\u2019integrit\u00e0 e la riservatezza\u201d delle varie fasi del processo e \u201ctutelare la buona fama, l\u2019immagine e la sfera privata di tutte le persone coinvolte\u201d.<\/p>\n","protected":false},"excerpt":{"rendered":"<p>Lettera Apostolica in forma di \u201cMotu Proprio\u201d Sacramentorum Sanctitatis Tutela, Papa Giovanni Paolo II, 30 aprile 2001, con cui Papa Giovanni Paolo II promulg\u00f2 le norme circa i delitti pi\u00f9 gravi, riservandoli alla giurisdizione della Congregazione per la dottrina della fede. Tra i delitti pi\u00f9 gravi compare l\u2019abuso su minori commesso da un diacono, prete &hellip; <a href=\"https:\/\/www.diocesidicremona.it\/tutelaminori\/la-legislazione-canonica\/\" class=\"more-link\">Continue reading <span class=\"screen-reader-text\">La legislazione canonica<\/span> <span class=\"meta-nav\">&raquo;<\/span><\/a><\/p>\n","protected":false},"author":6,"featured_media":0,"parent":0,"menu_order":0,"comment_status":"closed","ping_status":"closed","template":"page-templates\/full-width.php","meta":{"_acf_changed":false,"ip_address":"","user_agent":"","level":"","revision":"","cookie_id":"","page_referer":"","html_form":"","footnotes":"","_links_to":"","_links_to_target":""},"class_list":["post-1141","page","type-page","status-publish","hentry"],"acf":[],"_links":{"self":[{"href":"https:\/\/www.diocesidicremona.it\/tutelaminori\/wp-json\/wp\/v2\/pages\/1141","targetHints":{"allow":["GET"]}}],"collection":[{"href":"https:\/\/www.diocesidicremona.it\/tutelaminori\/wp-json\/wp\/v2\/pages"}],"about":[{"href":"https:\/\/www.diocesidicremona.it\/tutelaminori\/wp-json\/wp\/v2\/types\/page"}],"author":[{"embeddable":true,"href":"https:\/\/www.diocesidicremona.it\/tutelaminori\/wp-json\/wp\/v2\/users\/6"}],"replies":[{"embeddable":true,"href":"https:\/\/www.diocesidicremona.it\/tutelaminori\/wp-json\/wp\/v2\/comments?post=1141"}],"version-history":[{"count":5,"href":"https:\/\/www.diocesidicremona.it\/tutelaminori\/wp-json\/wp\/v2\/pages\/1141\/revisions"}],"predecessor-version":[{"id":1437,"href":"https:\/\/www.diocesidicremona.it\/tutelaminori\/wp-json\/wp\/v2\/pages\/1141\/revisions\/1437"}],"wp:attachment":[{"href":"https:\/\/www.diocesidicremona.it\/tutelaminori\/wp-json\/wp\/v2\/media?parent=1141"}],"curies":[{"name":"wp","href":"https:\/\/api.w.org\/{rel}","templated":true}]}}