{"id":1082,"date":"2020-12-09T18:55:25","date_gmt":"2020-12-09T17:55:25","guid":{"rendered":"https:\/\/www.diocesidicremona.it\/tutelaminori\/?page_id=1082"},"modified":"2024-01-13T21:14:06","modified_gmt":"2024-01-13T20:14:06","slug":"attivita-formative-2","status":"publish","type":"page","link":"https:\/\/www.diocesidicremona.it\/tutelaminori\/attivita-formative-2\/","title":{"rendered":"Calendario incontri formativi"},"content":{"rendered":"<div class=\"pdfprnt-buttons pdfprnt-buttons-page pdfprnt-top-right\"><a href=\"https:\/\/www.diocesidicremona.it\/tutelaminori\/wp-json\/wp\/v2\/pages\/1082?print=pdf\" class=\"pdfprnt-button pdfprnt-button-pdf\" target=\"_blank\" ><img decoding=\"async\" src=\"https:\/\/www.diocesidicremona.it\/seminariovescovile\/wp-content\/plugins\/pdf-print\/images\/pdf.png\" alt=\"image_pdf\" title=\"Visualizza PDF\" \/><\/a><a href=\"https:\/\/www.diocesidicremona.it\/tutelaminori\/wp-json\/wp\/v2\/pages\/1082?print=print\" class=\"pdfprnt-button pdfprnt-button-print\" target=\"_blank\" ><img decoding=\"async\" src=\"https:\/\/www.diocesidicremona.it\/seminariovescovile\/wp-content\/plugins\/pdf-print\/images\/print.png\" alt=\"image_print\" title=\"Stampa contenuto\" \/><\/a><\/div><p><strong>INCONTRI FORMATIVI PER INSEGNANTI IRC SULLA TUTELA MINORI<\/strong><br \/>\nAll\u2019inizio del nuovo anno scolastico 2022\/23, l\u2019Ufficio Scolastico della Diocesi di Cremona e il Servizio diocesano Tutela Minori &#8211; costituito nel febbraio di due anni fa dal Vescovo Antonio per accogliere gli orientamenti di Papa Francesco e per collaborare sul tema con tutte le altre diocesi italiane \u2013 propongono un breve percorso educativo per gli Insegnanti di Religione Cattolica sul tema della protezione e della custodia dei minori e delle persone vulnerabili. Si tratta di un momento ecclesiale qualificato per la responsabilizzazione comunitaria e personale dei docenti di religione in modo che possano essere diligentemente formati a stili educativi che abbiano sempre al centro il rispetto della persona, specie del pi\u00f9 piccolo e fragile.<br \/>\nUna prevenzione davvero efficace degli atteggiamenti e dei comportamenti scorretti o inappropriati nasce in un contesto educativo sicuro e autorevole, capace di mettersi sapientemente accanto al minore, in ascolto dei suoi bisogni e a sostegno delle sue potenzialit\u00e0, nelle differenti fasi evolutive. \u00c8 fondamentale, pertanto, che in ogni realt\u00e0 ecclesiale ogni adulto sia consapevole del proprio ruolo educativo. A tal fine egli non pu\u00f2 essere soltanto accolto o ingaggiato, ma va anche formato.<br \/>\nNell\u2019orizzonte ampio di una prospettiva interdisciplinare attenta anche al legale &#8211; in modo da promuovere prassi educative sempre pi\u00f9 appropriate e mature -, l\u2019itinerario formativo offre due proposte correlate: la prima pi\u00f9 legata agli aspetti pedagogici e la seconda pi\u00f9 aderente agli aspetti psicologici in questione. Gli accompagnatori saranno evidentemente persone competenti nei vari ambiti indicati, provenienti dalla nostra diocesi o da quelle limitrofe.<br \/>\nQuesto il calendario:<br \/>\n\uf0d8\tCremona:<br \/>\n\u2022\tmercoled\u00ec 5 ottobre 2022, dalle ore 17.30 alle ore 19.30 (aspetti pedagogici);<br \/>\n\u2022\tmercoled\u00ec 26 ottobre 2022, dalle ore 17.30 alle ore 19.30 (aspetti psicologici);<br \/>\n\uf0d8\tCasamaggiore:<br \/>\n\u2022\tmercoled\u00ec 12 ottobre 2022, dalle ore 17.30 alle ore 19.30 (aspetti pedagogici);<br \/>\n\u2022\tmercoled\u00ec 9 novembre 2022, dalle ore 17.30 alle ore 19.30 (aspetti psicologici);<br \/>\n\uf0d8\tCaravaggio:<br \/>\n\u2022\tmercoled\u00ec 19 ottobre 2022, dalle ore 17.30 alle ore 19.30 (aspetti pedagogici);<br \/>\n\u2022\tmercoled\u00ec 16 novembre 2022, dalle ore 17.30 alle ore 19.30 (aspetti psicologici);<br \/>\n\uf0d8 Lodi:<br \/>\n\u2022\tvenerd\u00ec 25 novembre 2022, dalle ore 17.30 alle ore 19.30 (aspetti psicologici;<br \/>\n\u2022\tvenerd\u00ec 16 dicembre 2022, dalle ore 17.30 alle ore 19.30 (aspetti pedagogici);<br \/>\n\uf0d8 Codogno:<br \/>\n\u2022\tmercoled\u00ec 30 novembre 2022, dalle ore 17.30 alle ore 19.30 (aspetti psicologici);<br \/>\n\u2022\tmercoled\u00ec 14 dicembre 2022, dalle ore 17.30 alle ore 19.30 (aspetti pedagogici).<br \/>\n_______________________________________________________________________________________________<\/p>\n<p>RIPRESA INCONTRI FORMATIVI PER GLI INSEGNANTI DI IRC SULLA TUTELA MINORI<\/p>\n<p>CARAVAGGIO: Luned\u00ec 9 ottobre, ore 18.00-19.30<\/p>\n<p>CASALMAGGIORE: Luned\u00ec 16 ottobre, ore 18.00-19.30<\/p>\n<p>CREMONA: Luned\u00ec 23 ottobre, ore 18.00-19.30<\/p>\n","protected":false},"excerpt":{"rendered":"<p>INCONTRI FORMATIVI PER INSEGNANTI IRC SULLA TUTELA MINORI All\u2019inizio del nuovo anno scolastico 2022\/23, l\u2019Ufficio Scolastico della Diocesi di Cremona e il Servizio diocesano Tutela Minori &#8211; costituito nel febbraio di due anni fa dal Vescovo Antonio per accogliere gli orientamenti di Papa Francesco e per collaborare sul tema con tutte le altre diocesi italiane &hellip; <a href=\"https:\/\/www.diocesidicremona.it\/tutelaminori\/attivita-formative-2\/\" class=\"more-link\">Continue reading <span class=\"screen-reader-text\">Calendario incontri formativi<\/span> <span class=\"meta-nav\">&raquo;<\/span><\/a><\/p>\n","protected":false},"author":6,"featured_media":0,"parent":0,"menu_order":0,"comment_status":"closed","ping_status":"closed","template":"page-templates\/full-width.php","meta":{"_acf_changed":false,"ip_address":"","user_agent":"","level":"","revision":"","cookie_id":"","page_referer":"","html_form":"","footnotes":"","_links_to":"","_links_to_target":""},"class_list":["post-1082","page","type-page","status-publish","hentry"],"acf":[],"_links":{"self":[{"href":"https:\/\/www.diocesidicremona.it\/tutelaminori\/wp-json\/wp\/v2\/pages\/1082","targetHints":{"allow":["GET"]}}],"collection":[{"href":"https:\/\/www.diocesidicremona.it\/tutelaminori\/wp-json\/wp\/v2\/pages"}],"about":[{"href":"https:\/\/www.diocesidicremona.it\/tutelaminori\/wp-json\/wp\/v2\/types\/page"}],"author":[{"embeddable":true,"href":"https:\/\/www.diocesidicremona.it\/tutelaminori\/wp-json\/wp\/v2\/users\/6"}],"replies":[{"embeddable":true,"href":"https:\/\/www.diocesidicremona.it\/tutelaminori\/wp-json\/wp\/v2\/comments?post=1082"}],"version-history":[{"count":5,"href":"https:\/\/www.diocesidicremona.it\/tutelaminori\/wp-json\/wp\/v2\/pages\/1082\/revisions"}],"predecessor-version":[{"id":1995,"href":"https:\/\/www.diocesidicremona.it\/tutelaminori\/wp-json\/wp\/v2\/pages\/1082\/revisions\/1995"}],"wp:attachment":[{"href":"https:\/\/www.diocesidicremona.it\/tutelaminori\/wp-json\/wp\/v2\/media?parent=1082"}],"curies":[{"name":"wp","href":"https:\/\/api.w.org\/{rel}","templated":true}]}}