{"id":1039,"date":"2020-12-01T08:25:31","date_gmt":"2020-12-01T07:25:31","guid":{"rendered":"https:\/\/www.diocesidicremona.it\/tutelaminori\/?page_id=1039"},"modified":"2021-03-13T12:32:33","modified_gmt":"2021-03-13T11:32:33","slug":"i-sussidi-pastorali","status":"publish","type":"page","link":"https:\/\/www.diocesidicremona.it\/tutelaminori\/i-sussidi-pastorali\/","title":{"rendered":"La cura e la formazione degli operatori pastorali"},"content":{"rendered":"<div class=\"pdfprnt-buttons pdfprnt-buttons-page pdfprnt-top-right\"><a href=\"https:\/\/www.diocesidicremona.it\/tutelaminori\/wp-json\/wp\/v2\/pages\/1039?print=pdf\" class=\"pdfprnt-button pdfprnt-button-pdf\" target=\"_blank\" ><img decoding=\"async\" src=\"https:\/\/www.diocesidicremona.it\/seminariovescovile\/wp-content\/plugins\/pdf-print\/images\/pdf.png\" alt=\"image_pdf\" title=\"Visualizza PDF\" \/><\/a><a href=\"https:\/\/www.diocesidicremona.it\/tutelaminori\/wp-json\/wp\/v2\/pages\/1039?print=print\" class=\"pdfprnt-button pdfprnt-button-print\" target=\"_blank\" ><img decoding=\"async\" src=\"https:\/\/www.diocesidicremona.it\/seminariovescovile\/wp-content\/plugins\/pdf-print\/images\/print.png\" alt=\"image_print\" title=\"Stampa contenuto\" \/><\/a><\/div><p><a href=\"https:\/\/www.diocesidicremona.it\/tutelaminori\/wp-content\/uploads\/sites\/43\/2021\/03\/img5.png\" data-rel=\"lightbox-image-0\" data-rl_title=\"\" data-rl_caption=\"\" title=\"\"><img loading=\"lazy\" decoding=\"async\" class=\" wp-image-1468 alignleft\" src=\"https:\/\/www.diocesidicremona.it\/tutelaminori\/wp-content\/uploads\/sites\/43\/2021\/03\/img5-275x300.png\" alt=\"\" width=\"174\" height=\"201\" \/><\/a>Una prevenzione davvero efficace nasce in un <em>contesto educativo sicuro e autorevole<\/em>, capace di mettersi sapientemente accanto al minore, in ascolto dei suoi bisogni e a sostegno delle sue potenzialit\u00e0, nelle differenti fasi evolutive.<\/p>\n<p>\u00c8 fondamentale, pertanto, che in ogni realt\u00e0 ecclesiale \u2013 nell\u2019opera con e per minori e soggetti vulnerabili &#8211; <em>ogni adulto sia consapevole del proprio ruolo educativo<\/em>. A tal fine egli non pu\u00f2 essere soltanto accolto o ingaggiato, ma va anche formato.<\/p>\n<p>Sostenuto dal Servizio Interdiocesano Tutela Minori e in collaborazione con esso, il Servizio diocesano \u00e8 a disposizione per organizzare e proporre incontri di formazione specifici per sacerdoti, catechisti, animatori ed educatori, capigruppo di associazioni, allenatori, volontari e operatori pastorali, sia a livello parrocchiale sia a livello territoriale pi\u00f9 ampio.<\/p>\n<p style=\"text-align: center;\"><strong>PER APPROFONDIRE<\/strong><\/p>\n<p>I moduli di formazione spaziano in diversi ambiti:<\/p>\n<ul>\n<li>Buone prassi di prevenzione e tutela, con indicazioni pratiche organizzative e operative per una buona tutela del minore, sia per la generalit\u00e0 dei volontari ed operatori pastorali, sia finalizzati a specifiche categorie di operatori pastorali;<\/li>\n<li>Percorsi rivolti a minori e finalizzati ad aiutare i bambini ad evitare situazioni potenzialmente pericolose e acquisire o rafforzare abilit\u00e0 volte all\u2019auto-protezione (proposti in collaborazione con professionisti provenienti dei Consultori Diocesani o da enti educativi riconosciuti);<\/li>\n<li>Percorsi pastorali ed educativi specifici di metodo di animazione per animatori giovanili e coordinatori in oratorio e parrocchia (in sinergia con gli Uffici diocesani di pastorale Giovanile o dell\u2019Et\u00e0 Evolutiva).<\/li>\n<\/ul>\n","protected":false},"excerpt":{"rendered":"<p>Una prevenzione davvero efficace nasce in un contesto educativo sicuro e autorevole, capace di mettersi sapientemente accanto al minore, in ascolto dei suoi bisogni e a sostegno delle sue potenzialit\u00e0, nelle differenti fasi evolutive. \u00c8 fondamentale, pertanto, che in ogni realt\u00e0 ecclesiale \u2013 nell\u2019opera con e per minori e soggetti vulnerabili &#8211; ogni adulto sia &hellip; <a href=\"https:\/\/www.diocesidicremona.it\/tutelaminori\/i-sussidi-pastorali\/\" class=\"more-link\">Continue reading <span class=\"screen-reader-text\">La cura e la formazione degli operatori pastorali<\/span> <span class=\"meta-nav\">&raquo;<\/span><\/a><\/p>\n","protected":false},"author":6,"featured_media":0,"parent":0,"menu_order":0,"comment_status":"closed","ping_status":"closed","template":"page-templates\/full-width.php","meta":{"_acf_changed":false,"ip_address":"","user_agent":"","level":"","revision":"","cookie_id":"","page_referer":"","html_form":"","footnotes":"","_links_to":"","_links_to_target":""},"class_list":["post-1039","page","type-page","status-publish","hentry"],"acf":[],"_links":{"self":[{"href":"https:\/\/www.diocesidicremona.it\/tutelaminori\/wp-json\/wp\/v2\/pages\/1039","targetHints":{"allow":["GET"]}}],"collection":[{"href":"https:\/\/www.diocesidicremona.it\/tutelaminori\/wp-json\/wp\/v2\/pages"}],"about":[{"href":"https:\/\/www.diocesidicremona.it\/tutelaminori\/wp-json\/wp\/v2\/types\/page"}],"author":[{"embeddable":true,"href":"https:\/\/www.diocesidicremona.it\/tutelaminori\/wp-json\/wp\/v2\/users\/6"}],"replies":[{"embeddable":true,"href":"https:\/\/www.diocesidicremona.it\/tutelaminori\/wp-json\/wp\/v2\/comments?post=1039"}],"version-history":[{"count":6,"href":"https:\/\/www.diocesidicremona.it\/tutelaminori\/wp-json\/wp\/v2\/pages\/1039\/revisions"}],"predecessor-version":[{"id":1470,"href":"https:\/\/www.diocesidicremona.it\/tutelaminori\/wp-json\/wp\/v2\/pages\/1039\/revisions\/1470"}],"wp:attachment":[{"href":"https:\/\/www.diocesidicremona.it\/tutelaminori\/wp-json\/wp\/v2\/media?parent=1039"}],"curies":[{"name":"wp","href":"https:\/\/api.w.org\/{rel}","templated":true}]}}