{"id":1004,"date":"2020-12-01T08:20:26","date_gmt":"2020-12-01T07:20:26","guid":{"rendered":"https:\/\/www.diocesidicremona.it\/serviziominori\/?page_id=1004"},"modified":"2021-03-13T12:30:34","modified_gmt":"2021-03-13T11:30:34","slug":"centro-dascolto","status":"publish","type":"page","link":"https:\/\/www.diocesidicremona.it\/tutelaminori\/centro-dascolto\/","title":{"rendered":"Il Centro di Ascolto diocesano"},"content":{"rendered":"<div class=\"pdfprnt-buttons pdfprnt-buttons-page pdfprnt-top-right\"><a href=\"https:\/\/www.diocesidicremona.it\/tutelaminori\/wp-json\/wp\/v2\/pages\/1004?print=pdf\" class=\"pdfprnt-button pdfprnt-button-pdf\" target=\"_blank\" ><img decoding=\"async\" src=\"https:\/\/www.diocesidicremona.it\/seminariovescovile\/wp-content\/plugins\/pdf-print\/images\/pdf.png\" alt=\"image_pdf\" title=\"Visualizza PDF\" \/><\/a><a href=\"https:\/\/www.diocesidicremona.it\/tutelaminori\/wp-json\/wp\/v2\/pages\/1004?print=print\" class=\"pdfprnt-button pdfprnt-button-print\" target=\"_blank\" ><img decoding=\"async\" src=\"https:\/\/www.diocesidicremona.it\/seminariovescovile\/wp-content\/plugins\/pdf-print\/images\/print.png\" alt=\"image_print\" title=\"Stampa contenuto\" \/><\/a><\/div><p><a href=\"https:\/\/www.diocesidicremona.it\/tutelaminori\/wp-content\/uploads\/sites\/43\/2021\/03\/img3.png\" data-rel=\"lightbox-image-0\" data-rl_title=\"\" data-rl_caption=\"\" title=\"\"><img loading=\"lazy\" decoding=\"async\" class=\"size-medium wp-image-1463 alignleft\" src=\"https:\/\/www.diocesidicremona.it\/tutelaminori\/wp-content\/uploads\/sites\/43\/2021\/03\/img3-234x300.png\" alt=\"\" width=\"234\" height=\"300\" srcset=\"https:\/\/www.diocesidicremona.it\/tutelaminori\/wp-content\/uploads\/sites\/43\/2021\/03\/img3-234x300.png 234w, https:\/\/www.diocesidicremona.it\/tutelaminori\/wp-content\/uploads\/sites\/43\/2021\/03\/img3-799x1024.png 799w, https:\/\/www.diocesidicremona.it\/tutelaminori\/wp-content\/uploads\/sites\/43\/2021\/03\/img3-768x984.png 768w, https:\/\/www.diocesidicremona.it\/tutelaminori\/wp-content\/uploads\/sites\/43\/2021\/03\/img3-218x280.png 218w, https:\/\/www.diocesidicremona.it\/tutelaminori\/wp-content\/uploads\/sites\/43\/2021\/03\/img3-599x768.png 599w, https:\/\/www.diocesidicremona.it\/tutelaminori\/wp-content\/uploads\/sites\/43\/2021\/03\/img3-685x878.png 685w, https:\/\/www.diocesidicremona.it\/tutelaminori\/wp-content\/uploads\/sites\/43\/2021\/03\/img3.png 1004w\" sizes=\"auto, (max-width: 234px) 100vw, 234px\" \/><\/a>Accogliere ed ascoltare sono il primo atto di una effettiva vicinanza alle persone che hanno bisogno e trovano il coraggio di raccontare: a questo delicato momento, si garantiscono empatia e apertura, rispetto della dignit\u00e0 della persona e fiducia.<\/p>\n<p>Come ha detto il Papa, \u201cla Chiesa non cercher\u00e0 mai di insabbiare o sottovalutare nessun caso. \u00c8 innegabile che alcuni responsabili, nel passato, per leggerezza, per incredulit\u00e0, per impreparazione, per inesperienza &#8230; o per superficialit\u00e0 spirituale e umana hanno trattato tanti casi senza la dovuta seriet\u00e0 e prontezza. Ci\u00f2 non deve accadere mai pi\u00f9. Questa \u00e8 la scelta e la decisione di tutta la Chiesa\u201d. (Papa Francesco, Discorso alla Curia Romana, 21.12.2018)<\/p>\n<p>Il Centro di ascolto, sempre attento alla necessaria riservatezza, considera con la massima seriet\u00e0 ogni segnalazione ed offre indicazioni e consulenza alle persone coinvolte in modo diretto o indiretto nelle situazioni segnalate, con suggerimenti per un eventuale supporto psicologico, legale, spirituale.<\/p>\n<p>Nell\u2019accompagnamento delle persone ferite, si informer\u00e0 sempre della possibilit\u00e0 o necessit\u00e0 di segnalare i fatti alle competenti autorit\u00e0 dello Stato.<\/p>\n<h5><strong>PER IL CONTATTO<\/strong><\/h5>\n<p>e-mail: <strong>tutelaminori.ascolto@diocesidicremona.it<\/strong><\/p>\n<p>Numero di telefono: <strong>389 577.63.80<\/strong> disponibile, ogni marted\u00ec e gioved\u00ec dalle ore 18.00 alle ore 20.00, sabato dalle ore 10.00 alle ore 12.00.<br \/>\nOvviamente, \u00e8 sempre possibile lasciare un messaggio, in base al quale si verr\u00e0 prontamente richiamati.<\/p>\n<p>Il Servizio ha sede presso il Centro Pastorale Diocesano, Via S. Antonio del Fuoco, 9\/A &#8211; 26100 Cremona, ma i colloqui possono anche avvenire in diversa sede, in base alle esigenze delle persone.<\/p>\n<p>&nbsp;<\/p>\n<p style=\"text-align: center;\"><strong><a href=\"https:\/\/www.diocesidicremona.it\/tutelaminori\/wp-content\/uploads\/sites\/43\/2021\/03\/Centri-di-ascolto-e-indicazioni-per-la-segnalazione-novembre-2020.pdf\"><em>IL CENTRO DI ASCOLTO dei Servizi ecclesiali per la Tutela dei minori e delle persone vulnerabili<br \/>\nINDICAZIONI PER LA RICEZIONE DI SEGNALAZIONI<\/em><\/a><\/strong><\/p>\n<p>&nbsp;<\/p>\n","protected":false},"excerpt":{"rendered":"<p>Accogliere ed ascoltare sono il primo atto di una effettiva vicinanza alle persone che hanno bisogno e trovano il coraggio di raccontare: a questo delicato momento, si garantiscono empatia e apertura, rispetto della dignit\u00e0 della persona e fiducia. Come ha detto il Papa, \u201cla Chiesa non cercher\u00e0 mai di insabbiare o sottovalutare nessun caso. \u00c8 &hellip; <a href=\"https:\/\/www.diocesidicremona.it\/tutelaminori\/centro-dascolto\/\" class=\"more-link\">Continue reading <span class=\"screen-reader-text\">Il Centro di Ascolto diocesano<\/span> <span class=\"meta-nav\">&raquo;<\/span><\/a><\/p>\n","protected":false},"author":6,"featured_media":0,"parent":0,"menu_order":0,"comment_status":"closed","ping_status":"closed","template":"page-templates\/full-width.php","meta":{"_acf_changed":false,"ip_address":"","user_agent":"","level":"","revision":"","cookie_id":"","page_referer":"","html_form":"","footnotes":"","_links_to":"","_links_to_target":""},"class_list":["post-1004","page","type-page","status-publish","hentry"],"acf":[],"_links":{"self":[{"href":"https:\/\/www.diocesidicremona.it\/tutelaminori\/wp-json\/wp\/v2\/pages\/1004","targetHints":{"allow":["GET"]}}],"collection":[{"href":"https:\/\/www.diocesidicremona.it\/tutelaminori\/wp-json\/wp\/v2\/pages"}],"about":[{"href":"https:\/\/www.diocesidicremona.it\/tutelaminori\/wp-json\/wp\/v2\/types\/page"}],"author":[{"embeddable":true,"href":"https:\/\/www.diocesidicremona.it\/tutelaminori\/wp-json\/wp\/v2\/users\/6"}],"replies":[{"embeddable":true,"href":"https:\/\/www.diocesidicremona.it\/tutelaminori\/wp-json\/wp\/v2\/comments?post=1004"}],"version-history":[{"count":6,"href":"https:\/\/www.diocesidicremona.it\/tutelaminori\/wp-json\/wp\/v2\/pages\/1004\/revisions"}],"predecessor-version":[{"id":1464,"href":"https:\/\/www.diocesidicremona.it\/tutelaminori\/wp-json\/wp\/v2\/pages\/1004\/revisions\/1464"}],"wp:attachment":[{"href":"https:\/\/www.diocesidicremona.it\/tutelaminori\/wp-json\/wp\/v2\/media?parent=1004"}],"curies":[{"name":"wp","href":"https:\/\/api.w.org\/{rel}","templated":true}]}}