{"id":926,"date":"2019-11-08T17:20:04","date_gmt":"2019-11-08T16:20:04","guid":{"rendered":"https:\/\/www.diocesidicremona.it\/seminariovescovile\/?page_id=926"},"modified":"2019-12-02T16:32:29","modified_gmt":"2019-12-02T15:32:29","slug":"vita-comunitaria","status":"publish","type":"page","link":"https:\/\/www.diocesidicremona.it\/seminariovescovile\/vita-comunitaria\/","title":{"rendered":"Formazione umana"},"content":{"rendered":"<div class=\"pdfprnt-buttons pdfprnt-buttons-page pdfprnt-top-right\"><a href=\"https:\/\/www.diocesidicremona.it\/seminariovescovile\/wp-json\/wp\/v2\/pages\/926?print=pdf\" class=\"pdfprnt-button pdfprnt-button-pdf\" target=\"_blank\" ><img decoding=\"async\" src=\"https:\/\/www.diocesidicremona.it\/seminariovescovile\/wp-content\/plugins\/pdf-print\/images\/pdf.png\" alt=\"image_pdf\" title=\"Visualizza PDF\" \/><\/a><a href=\"https:\/\/www.diocesidicremona.it\/seminariovescovile\/wp-json\/wp\/v2\/pages\/926?print=print\" class=\"pdfprnt-button pdfprnt-button-print\" target=\"_blank\" ><img decoding=\"async\" src=\"https:\/\/www.diocesidicremona.it\/seminariovescovile\/wp-content\/plugins\/pdf-print\/images\/print.png\" alt=\"image_print\" title=\"Stampa contenuto\" \/><\/a><\/div><p><a href=\"https:\/\/www.diocesidicremona.it\/seminariovescovile\/wp-content\/uploads\/sites\/37\/2019\/11\/VITA-SPIRITUALE2.png\" data-rel=\"lightbox-image-0\" data-rl_title=\"\" data-rl_caption=\"\" title=\"\"><img loading=\"lazy\" decoding=\"async\" class=\"alignnone wp-image-970 \" src=\"https:\/\/www.diocesidicremona.it\/seminariovescovile\/wp-content\/uploads\/sites\/37\/2019\/11\/VITA-SPIRITUALE2-300x106.png\" alt=\"\" width=\"790\" height=\"279\" srcset=\"https:\/\/www.diocesidicremona.it\/seminariovescovile\/wp-content\/uploads\/sites\/37\/2019\/11\/VITA-SPIRITUALE2-300x106.png 300w, https:\/\/www.diocesidicremona.it\/seminariovescovile\/wp-content\/uploads\/sites\/37\/2019\/11\/VITA-SPIRITUALE2-768x270.png 768w, https:\/\/www.diocesidicremona.it\/seminariovescovile\/wp-content\/uploads\/sites\/37\/2019\/11\/VITA-SPIRITUALE2-1024x360.png 1024w, https:\/\/www.diocesidicremona.it\/seminariovescovile\/wp-content\/uploads\/sites\/37\/2019\/11\/VITA-SPIRITUALE2-360x127.png 360w, https:\/\/www.diocesidicremona.it\/seminariovescovile\/wp-content\/uploads\/sites\/37\/2019\/11\/VITA-SPIRITUALE2-685x241.png 685w\" sizes=\"auto, (max-width: 790px) 100vw, 790px\" \/><\/a><\/p>\n<p>La formazione umana rappresenta uno degli ambiti pi\u00f9 importanti del seminario. Essa, infatti, \u00e8 costituita da diversi aspetti:<\/p>\n<ol>\n<li><strong>Le relazioni<\/strong>: utili e indispensabili per ciascun seminarista, perch\u00e9 mettendosi in gioco nel rapporto con altre persone e con umilt\u00e0 lasciarsi da esse educare, sapr\u00e0 un domani vivere rapporti sani e duraturi. Oltre ai momenti di preghiera e di studio, sono anche rilevanti i momenti di maggiore informalit\u00e0 nei quali ci si racconta le proprie esperienze davanti ad un buon caff\u00e8. Ciascun seminarista non \u00e8 un semplice \u201ccoinquilino\u201d di un altro ma un compagno di viaggio con cui ci si confronta e insieme si cresce. La correzione fraterna ne \u00e8 un esempio utile e fondamentale. Vivere insieme ogni giorno permette la nascita di belle amicizie e di rapporti fraterni, profondi e responsabili.<\/li>\n<\/ol>\n<ol start=\"2\">\n<li><strong>L\u2019affettivit\u00e0<\/strong>: un altro punto focale riguarda la crescita umana e affettiva di ogni seminarista. La scelta del celibato infatti non \u00e8 un aspetto di poco valore, ma una parte costitutiva del futuro presbitero, e come tale deve essere una scelta seria e consapevole che si costruir\u00e0 lungo il percorso.<\/li>\n<\/ol>\n<p>&nbsp;<\/p>\n","protected":false},"excerpt":{"rendered":"<p>La formazione umana rappresenta uno degli ambiti pi\u00f9 importanti del seminario. Essa, infatti, \u00e8 costituita da diversi aspetti: Le relazioni: utili e indispensabili per ciascun seminarista, perch\u00e9 mettendosi in gioco nel rapporto con altre persone e con umilt\u00e0 lasciarsi da esse educare, sapr\u00e0 un domani vivere rapporti sani e duraturi. Oltre ai momenti di preghiera &hellip; <a href=\"https:\/\/www.diocesidicremona.it\/seminariovescovile\/vita-comunitaria\/\" class=\"more-link\">Continue reading <span class=\"screen-reader-text\">Formazione umana<\/span> <span class=\"meta-nav\">&raquo;<\/span><\/a><\/p>\n","protected":false},"author":74,"featured_media":0,"parent":0,"menu_order":0,"comment_status":"closed","ping_status":"closed","template":"","meta":{"_acf_changed":false,"ip_address":"","user_agent":"","level":"","revision":"","cookie_id":"","page_referer":"","html_form":"","footnotes":"","_links_to":"","_links_to_target":""},"class_list":["post-926","page","type-page","status-publish","hentry"],"acf":[],"_links":{"self":[{"href":"https:\/\/www.diocesidicremona.it\/seminariovescovile\/wp-json\/wp\/v2\/pages\/926","targetHints":{"allow":["GET"]}}],"collection":[{"href":"https:\/\/www.diocesidicremona.it\/seminariovescovile\/wp-json\/wp\/v2\/pages"}],"about":[{"href":"https:\/\/www.diocesidicremona.it\/seminariovescovile\/wp-json\/wp\/v2\/types\/page"}],"author":[{"embeddable":true,"href":"https:\/\/www.diocesidicremona.it\/seminariovescovile\/wp-json\/wp\/v2\/users\/74"}],"replies":[{"embeddable":true,"href":"https:\/\/www.diocesidicremona.it\/seminariovescovile\/wp-json\/wp\/v2\/comments?post=926"}],"version-history":[{"count":5,"href":"https:\/\/www.diocesidicremona.it\/seminariovescovile\/wp-json\/wp\/v2\/pages\/926\/revisions"}],"predecessor-version":[{"id":982,"href":"https:\/\/www.diocesidicremona.it\/seminariovescovile\/wp-json\/wp\/v2\/pages\/926\/revisions\/982"}],"wp:attachment":[{"href":"https:\/\/www.diocesidicremona.it\/seminariovescovile\/wp-json\/wp\/v2\/media?parent=926"}],"curies":[{"name":"wp","href":"https:\/\/api.w.org\/{rel}","templated":true}]}}