{"id":52,"date":"2015-11-11T17:03:09","date_gmt":"2015-11-11T16:03:09","guid":{"rendered":"https:\/\/www.diocesidicremona.it\/seminariovescovile2\/?page_id=52"},"modified":"2025-05-06T17:08:44","modified_gmt":"2025-05-06T15:08:44","slug":"educatori","status":"publish","type":"page","link":"https:\/\/www.diocesidicremona.it\/seminariovescovile\/educatori\/","title":{"rendered":"Gli Educatori"},"content":{"rendered":"<div class=\"pdfprnt-buttons pdfprnt-buttons-page pdfprnt-top-right\"><a href=\"https:\/\/www.diocesidicremona.it\/seminariovescovile\/wp-json\/wp\/v2\/pages\/52?print=pdf\" class=\"pdfprnt-button pdfprnt-button-pdf\" target=\"_blank\" ><img decoding=\"async\" src=\"https:\/\/www.diocesidicremona.it\/seminariovescovile\/wp-content\/plugins\/pdf-print\/images\/pdf.png\" alt=\"image_pdf\" title=\"Visualizza PDF\" \/><\/a><a href=\"https:\/\/www.diocesidicremona.it\/seminariovescovile\/wp-json\/wp\/v2\/pages\/52?print=print\" class=\"pdfprnt-button pdfprnt-button-print\" target=\"_blank\" ><img decoding=\"async\" src=\"https:\/\/www.diocesidicremona.it\/seminariovescovile\/wp-content\/plugins\/pdf-print\/images\/print.png\" alt=\"image_print\" title=\"Stampa contenuto\" \/><\/a><\/div><p>&nbsp;<\/p>\n<p>Il Seminario \u00e8 guidato dal <em>Rettore<\/em>, <strong>don Marco D&#8217;Agostino<\/strong>, che offre alla comunit\u00e0 il compito di guida e punto di riferimento. Il Rettore \u00e8 colui che ha la responsabilit\u00e0 di seguire il percorso di formazione di ogni seminarista e di guidarlo nel corso degli anni di preparazione.<\/p>\n<p>\u00c8 presente nella comunit\u00e0 anche un <em>Vicerettore<\/em>, <strong>don Francesco Cortellini<\/strong> che collabora con il Rettore nella conduzione della comunit\u00e0, prendendosi cura dei suoi aspetti pi\u00f9 pratici e seguendo pi\u00f9 da vicino la classe di propedeutica.<\/p>\n<p style=\"text-align: justify;\">Accanto alla figura del Rettore vi \u00e8 quella del <em>Direttore spirituale<\/em>, <strong>don Maurizio Lucini<\/strong>. Egli ha il delicato compito di accompagnare ogni seminarista nella crescita spirituale e umana attraverso la preghiera e l&#8217;aiuto nel discernimento.<\/p>\n","protected":false},"excerpt":{"rendered":"<p>&nbsp; Il Seminario \u00e8 guidato dal Rettore, don Marco D&#8217;Agostino, che offre alla comunit\u00e0 il compito di guida e punto di riferimento. Il Rettore \u00e8 colui che ha la responsabilit\u00e0 di seguire il percorso di formazione di ogni seminarista e di guidarlo nel corso degli anni di preparazione. \u00c8 presente nella comunit\u00e0 anche un Vicerettore, &hellip; <a href=\"https:\/\/www.diocesidicremona.it\/seminariovescovile\/educatori\/\" class=\"more-link\">Continue reading <span class=\"screen-reader-text\">Gli Educatori<\/span> <span class=\"meta-nav\">&raquo;<\/span><\/a><\/p>\n","protected":false},"author":6,"featured_media":0,"parent":0,"menu_order":0,"comment_status":"closed","ping_status":"closed","template":"","meta":{"_acf_changed":false,"ip_address":"","user_agent":"","level":"","revision":"","cookie_id":"","page_referer":"","html_form":"","footnotes":"","_links_to":"","_links_to_target":""},"class_list":["post-52","page","type-page","status-publish","hentry"],"acf":[],"_links":{"self":[{"href":"https:\/\/www.diocesidicremona.it\/seminariovescovile\/wp-json\/wp\/v2\/pages\/52","targetHints":{"allow":["GET"]}}],"collection":[{"href":"https:\/\/www.diocesidicremona.it\/seminariovescovile\/wp-json\/wp\/v2\/pages"}],"about":[{"href":"https:\/\/www.diocesidicremona.it\/seminariovescovile\/wp-json\/wp\/v2\/types\/page"}],"author":[{"embeddable":true,"href":"https:\/\/www.diocesidicremona.it\/seminariovescovile\/wp-json\/wp\/v2\/users\/6"}],"replies":[{"embeddable":true,"href":"https:\/\/www.diocesidicremona.it\/seminariovescovile\/wp-json\/wp\/v2\/comments?post=52"}],"version-history":[{"count":7,"href":"https:\/\/www.diocesidicremona.it\/seminariovescovile\/wp-json\/wp\/v2\/pages\/52\/revisions"}],"predecessor-version":[{"id":4173,"href":"https:\/\/www.diocesidicremona.it\/seminariovescovile\/wp-json\/wp\/v2\/pages\/52\/revisions\/4173"}],"wp:attachment":[{"href":"https:\/\/www.diocesidicremona.it\/seminariovescovile\/wp-json\/wp\/v2\/media?parent=52"}],"curies":[{"name":"wp","href":"https:\/\/api.w.org\/{rel}","templated":true}]}}