{"id":48,"date":"2015-11-11T16:51:40","date_gmt":"2015-11-11T15:51:40","guid":{"rendered":"https:\/\/www.diocesidicremona.it\/seminariovescovile2\/?page_id=48"},"modified":"2021-03-15T09:53:06","modified_gmt":"2021-03-15T08:53:06","slug":"i-seminaristi","status":"publish","type":"page","link":"https:\/\/www.diocesidicremona.it\/seminariovescovile\/i-seminaristi\/","title":{"rendered":"I Seminaristi"},"content":{"rendered":"<div class=\"pdfprnt-buttons pdfprnt-buttons-page pdfprnt-top-right\"><a href=\"https:\/\/www.diocesidicremona.it\/seminariovescovile\/wp-json\/wp\/v2\/pages\/48?print=pdf\" class=\"pdfprnt-button pdfprnt-button-pdf\" target=\"_blank\" ><img decoding=\"async\" src=\"https:\/\/www.diocesidicremona.it\/seminariovescovile\/wp-content\/plugins\/pdf-print\/images\/pdf.png\" alt=\"image_pdf\" title=\"Visualizza PDF\" \/><\/a><a href=\"https:\/\/www.diocesidicremona.it\/seminariovescovile\/wp-json\/wp\/v2\/pages\/48?print=print\" class=\"pdfprnt-button pdfprnt-button-print\" target=\"_blank\" ><img decoding=\"async\" src=\"https:\/\/www.diocesidicremona.it\/seminariovescovile\/wp-content\/plugins\/pdf-print\/images\/print.png\" alt=\"image_print\" title=\"Stampa contenuto\" \/><\/a><\/div><p><a href=\"https:\/\/www.diocesidicremona.it\/seminariovescovile\/wp-content\/uploads\/sites\/37\/2021\/03\/IMG-20201005-WA0014.jpg\" data-rel=\"lightbox-image-0\" data-rl_title=\"\" data-rl_caption=\"\" title=\"\"><img loading=\"lazy\" decoding=\"async\" class=\"wp-image-996  aligncenter\" src=\"https:\/\/www.diocesidicremona.it\/seminariovescovile\/wp-content\/uploads\/sites\/37\/2021\/03\/IMG-20201005-WA0014-300x200.jpg\" alt=\"\" width=\"428\" height=\"285\" srcset=\"https:\/\/www.diocesidicremona.it\/seminariovescovile\/wp-content\/uploads\/sites\/37\/2021\/03\/IMG-20201005-WA0014-300x200.jpg 300w, https:\/\/www.diocesidicremona.it\/seminariovescovile\/wp-content\/uploads\/sites\/37\/2021\/03\/IMG-20201005-WA0014-1024x683.jpg 1024w, https:\/\/www.diocesidicremona.it\/seminariovescovile\/wp-content\/uploads\/sites\/37\/2021\/03\/IMG-20201005-WA0014-768x512.jpg 768w, https:\/\/www.diocesidicremona.it\/seminariovescovile\/wp-content\/uploads\/sites\/37\/2021\/03\/IMG-20201005-WA0014-360x240.jpg 360w, https:\/\/www.diocesidicremona.it\/seminariovescovile\/wp-content\/uploads\/sites\/37\/2021\/03\/IMG-20201005-WA0014-685x457.jpg 685w, https:\/\/www.diocesidicremona.it\/seminariovescovile\/wp-content\/uploads\/sites\/37\/2021\/03\/IMG-20201005-WA0014.jpg 1296w\" sizes=\"auto, (max-width: 428px) 100vw, 428px\" \/><\/a><\/p>\n<p>Il Seminario attualmente ospita <strong>quindici<\/strong> giovani della diocesi di Cremona e <strong>tre <\/strong>provenienti dal Togo. La comunit\u00e0 \u00e8 suddivisa in due differenti realt\u00e0:<\/p>\n<ul>\n<li><strong>La Propedeutica:<\/strong> Il primo anno di Seminario. Un&#8217;esperienza per coloro che desiderano verificare maggiormente la propria vocazione. Questo tempo \u00e8 maggiormente dedicato alla preghiera e al discernimento.<\/li>\n<li><strong>Il Seminario Maggiore<\/strong>: Il percorso attraverso il quale gli studenti di teologia si preparano all&#8217;ordinazione presbiterale con lo studio, la preghiera e le esperienze pastorali, ovviamente anche in questi anni ciascun seminarista, accompagnato dagli educatori, esamina il proprio cammino e attraverso il discernimento verifica la sua scelta.<\/li>\n<\/ul>\n","protected":false},"excerpt":{"rendered":"<p>Il Seminario attualmente ospita quindici giovani della diocesi di Cremona e tre provenienti dal Togo. La comunit\u00e0 \u00e8 suddivisa in due differenti realt\u00e0: La Propedeutica: Il primo anno di Seminario. Un&#8217;esperienza per coloro che desiderano verificare maggiormente la propria vocazione. Questo tempo \u00e8 maggiormente dedicato alla preghiera e al discernimento. Il Seminario Maggiore: Il percorso &hellip; <a href=\"https:\/\/www.diocesidicremona.it\/seminariovescovile\/i-seminaristi\/\" class=\"more-link\">Continue reading <span class=\"screen-reader-text\">I Seminaristi<\/span> <span class=\"meta-nav\">&raquo;<\/span><\/a><\/p>\n","protected":false},"author":6,"featured_media":0,"parent":0,"menu_order":0,"comment_status":"closed","ping_status":"closed","template":"","meta":{"_acf_changed":false,"ip_address":"","user_agent":"","level":"","revision":"","cookie_id":"","page_referer":"","html_form":"","footnotes":"","_links_to":"","_links_to_target":""},"class_list":["post-48","page","type-page","status-publish","hentry"],"acf":[],"_links":{"self":[{"href":"https:\/\/www.diocesidicremona.it\/seminariovescovile\/wp-json\/wp\/v2\/pages\/48","targetHints":{"allow":["GET"]}}],"collection":[{"href":"https:\/\/www.diocesidicremona.it\/seminariovescovile\/wp-json\/wp\/v2\/pages"}],"about":[{"href":"https:\/\/www.diocesidicremona.it\/seminariovescovile\/wp-json\/wp\/v2\/types\/page"}],"author":[{"embeddable":true,"href":"https:\/\/www.diocesidicremona.it\/seminariovescovile\/wp-json\/wp\/v2\/users\/6"}],"replies":[{"embeddable":true,"href":"https:\/\/www.diocesidicremona.it\/seminariovescovile\/wp-json\/wp\/v2\/comments?post=48"}],"version-history":[{"count":7,"href":"https:\/\/www.diocesidicremona.it\/seminariovescovile\/wp-json\/wp\/v2\/pages\/48\/revisions"}],"predecessor-version":[{"id":998,"href":"https:\/\/www.diocesidicremona.it\/seminariovescovile\/wp-json\/wp\/v2\/pages\/48\/revisions\/998"}],"wp:attachment":[{"href":"https:\/\/www.diocesidicremona.it\/seminariovescovile\/wp-json\/wp\/v2\/media?parent=48"}],"curies":[{"name":"wp","href":"https:\/\/api.w.org\/{rel}","templated":true}]}}