{"id":43,"date":"2015-11-11T16:30:18","date_gmt":"2015-11-11T15:30:18","guid":{"rendered":"https:\/\/www.diocesidicremona.it\/seminariovescovile2\/?page_id=43"},"modified":"2021-03-15T11:02:06","modified_gmt":"2021-03-15T10:02:06","slug":"il-seminario","status":"publish","type":"page","link":"https:\/\/www.diocesidicremona.it\/seminariovescovile\/il-seminario\/","title":{"rendered":"Il Seminario"},"content":{"rendered":"<div class=\"pdfprnt-buttons pdfprnt-buttons-page pdfprnt-top-right\"><a href=\"https:\/\/www.diocesidicremona.it\/seminariovescovile\/wp-json\/wp\/v2\/pages\/43?print=pdf\" class=\"pdfprnt-button pdfprnt-button-pdf\" target=\"_blank\" ><img decoding=\"async\" src=\"https:\/\/www.diocesidicremona.it\/seminariovescovile\/wp-content\/plugins\/pdf-print\/images\/pdf.png\" alt=\"image_pdf\" title=\"Visualizza PDF\" \/><\/a><a href=\"https:\/\/www.diocesidicremona.it\/seminariovescovile\/wp-json\/wp\/v2\/pages\/43?print=print\" class=\"pdfprnt-button pdfprnt-button-print\" target=\"_blank\" ><img decoding=\"async\" src=\"https:\/\/www.diocesidicremona.it\/seminariovescovile\/wp-content\/plugins\/pdf-print\/images\/print.png\" alt=\"image_print\" title=\"Stampa contenuto\" \/><\/a><\/div><p><a href=\"https:\/\/www.diocesidicremona.it\/seminariovescovile\/wp-content\/uploads\/sites\/37\/2021\/03\/seminario.jpg\" data-rel=\"lightbox-image-0\" data-rl_title=\"\" data-rl_caption=\"\" title=\"\"><img loading=\"lazy\" decoding=\"async\" class=\"wp-image-1004  aligncenter\" src=\"https:\/\/www.diocesidicremona.it\/seminariovescovile\/wp-content\/uploads\/sites\/37\/2021\/03\/seminario-300x145.jpg\" alt=\"\" width=\"451\" height=\"218\" srcset=\"https:\/\/www.diocesidicremona.it\/seminariovescovile\/wp-content\/uploads\/sites\/37\/2021\/03\/seminario-300x145.jpg 300w, https:\/\/www.diocesidicremona.it\/seminariovescovile\/wp-content\/uploads\/sites\/37\/2021\/03\/seminario-360x174.jpg 360w, https:\/\/www.diocesidicremona.it\/seminariovescovile\/wp-content\/uploads\/sites\/37\/2021\/03\/seminario.jpg 620w\" sizes=\"auto, (max-width: 451px) 100vw, 451px\" \/><\/a><\/p>\n<p>Il Seminario \u00e8 una struttura diocesana che accoglie tutti coloro che desiderano verificare se il desiderio di una vita presbiterale, che portano nel cuore, sia ci\u00f2 che il Padre ha pensato per loro.<\/p>\n<p>La formazione, in seminario,\u00a0si fonda su quattro pilastri:<\/p>\n<ul>\n<li>VITA SPIRITUALE<\/li>\n<li>SERVIZIO PASTORALE<\/li>\n<li>FORMAZIONE UMANA<\/li>\n<li>STUDIO<\/li>\n<\/ul>\n<p>Ogni seminarista vivendo questi quattro aspetti pu\u00f2, attraverso di essi, crescere non solo come persona e come cristiano, ma anche come futuro presbitero, certo che in ogni caso la formazione non terminer\u00e0 il giorno in cui uscir\u00e0 dal Seminario, ma durer\u00e0 tutta la vita.<\/p>\n","protected":false},"excerpt":{"rendered":"<p>Il Seminario \u00e8 una struttura diocesana che accoglie tutti coloro che desiderano verificare se il desiderio di una vita presbiterale, che portano nel cuore, sia ci\u00f2 che il Padre ha pensato per loro. La formazione, in seminario,\u00a0si fonda su quattro pilastri: VITA SPIRITUALE SERVIZIO PASTORALE FORMAZIONE UMANA STUDIO Ogni seminarista vivendo questi quattro aspetti pu\u00f2, &hellip; <a href=\"https:\/\/www.diocesidicremona.it\/seminariovescovile\/il-seminario\/\" class=\"more-link\">Continue reading <span class=\"screen-reader-text\">Il Seminario<\/span> <span class=\"meta-nav\">&raquo;<\/span><\/a><\/p>\n","protected":false},"author":6,"featured_media":0,"parent":0,"menu_order":0,"comment_status":"closed","ping_status":"closed","template":"","meta":{"_acf_changed":false,"ip_address":"","user_agent":"","level":"","revision":"","cookie_id":"","page_referer":"","html_form":"","footnotes":"","_links_to":"","_links_to_target":""},"class_list":["post-43","page","type-page","status-publish","hentry"],"acf":[],"_links":{"self":[{"href":"https:\/\/www.diocesidicremona.it\/seminariovescovile\/wp-json\/wp\/v2\/pages\/43","targetHints":{"allow":["GET"]}}],"collection":[{"href":"https:\/\/www.diocesidicremona.it\/seminariovescovile\/wp-json\/wp\/v2\/pages"}],"about":[{"href":"https:\/\/www.diocesidicremona.it\/seminariovescovile\/wp-json\/wp\/v2\/types\/page"}],"author":[{"embeddable":true,"href":"https:\/\/www.diocesidicremona.it\/seminariovescovile\/wp-json\/wp\/v2\/users\/6"}],"replies":[{"embeddable":true,"href":"https:\/\/www.diocesidicremona.it\/seminariovescovile\/wp-json\/wp\/v2\/comments?post=43"}],"version-history":[{"count":7,"href":"https:\/\/www.diocesidicremona.it\/seminariovescovile\/wp-json\/wp\/v2\/pages\/43\/revisions"}],"predecessor-version":[{"id":1005,"href":"https:\/\/www.diocesidicremona.it\/seminariovescovile\/wp-json\/wp\/v2\/pages\/43\/revisions\/1005"}],"wp:attachment":[{"href":"https:\/\/www.diocesidicremona.it\/seminariovescovile\/wp-json\/wp\/v2\/media?parent=43"}],"curies":[{"name":"wp","href":"https:\/\/api.w.org\/{rel}","templated":true}]}}