{"id":175,"date":"2016-02-17T16:20:37","date_gmt":"2016-02-17T15:20:37","guid":{"rendered":"https:\/\/www.diocesidicremona.it\/seminariovescovile2\/?page_id=175"},"modified":"2019-11-29T10:25:28","modified_gmt":"2019-11-29T09:25:28","slug":"servizio","status":"publish","type":"page","link":"https:\/\/www.diocesidicremona.it\/seminariovescovile\/il-seminario\/servizio\/","title":{"rendered":"Servizio pastorale"},"content":{"rendered":"<div class=\"pdfprnt-buttons pdfprnt-buttons-page pdfprnt-top-right\"><a href=\"https:\/\/www.diocesidicremona.it\/seminariovescovile\/wp-json\/wp\/v2\/pages\/175?print=pdf\" class=\"pdfprnt-button pdfprnt-button-pdf\" target=\"_blank\" ><img decoding=\"async\" src=\"https:\/\/www.diocesidicremona.it\/seminariovescovile\/wp-content\/plugins\/pdf-print\/images\/pdf.png\" alt=\"image_pdf\" title=\"Visualizza PDF\" \/><\/a><a href=\"https:\/\/www.diocesidicremona.it\/seminariovescovile\/wp-json\/wp\/v2\/pages\/175?print=print\" class=\"pdfprnt-button pdfprnt-button-print\" target=\"_blank\" ><img decoding=\"async\" src=\"https:\/\/www.diocesidicremona.it\/seminariovescovile\/wp-content\/plugins\/pdf-print\/images\/print.png\" alt=\"image_print\" title=\"Stampa contenuto\" \/><\/a><\/div><p><a href=\"https:\/\/www.diocesidicremona.it\/seminariovescovile\/wp-content\/uploads\/sites\/37\/2019\/11\/VITA-SPIRITUALE-1.png\" data-rel=\"lightbox-image-0\" data-rl_title=\"\" data-rl_caption=\"\" title=\"\"><img loading=\"lazy\" decoding=\"async\" class=\"alignnone wp-image-954\" src=\"https:\/\/www.diocesidicremona.it\/seminariovescovile\/wp-content\/uploads\/sites\/37\/2019\/11\/VITA-SPIRITUALE-1-300x106.png\" alt=\"\" width=\"795\" height=\"281\" srcset=\"https:\/\/www.diocesidicremona.it\/seminariovescovile\/wp-content\/uploads\/sites\/37\/2019\/11\/VITA-SPIRITUALE-1-300x106.png 300w, https:\/\/www.diocesidicremona.it\/seminariovescovile\/wp-content\/uploads\/sites\/37\/2019\/11\/VITA-SPIRITUALE-1-768x270.png 768w, https:\/\/www.diocesidicremona.it\/seminariovescovile\/wp-content\/uploads\/sites\/37\/2019\/11\/VITA-SPIRITUALE-1-360x127.png 360w, https:\/\/www.diocesidicremona.it\/seminariovescovile\/wp-content\/uploads\/sites\/37\/2019\/11\/VITA-SPIRITUALE-1-685x241.png 685w\" sizes=\"auto, (max-width: 795px) 100vw, 795px\" \/><\/a><\/p>\n<p>Durante la settimana la formazione avviene in seminario, con la scuola, gli impegni comunitari o altri momenti che riguardano la vita di ciascun seminarista. Il fine settimana \u00e8 dedicato al servizio in parrocchia. Ogni seminarista \u00e8 affidato ad una parrocchia, nella quale d\u00e0 il proprio aiuto per le varie attivit\u00e0 e i vari impegni. Ad esempio la catechesi, seguire i chierichetti, affiancare il sacerdote, stare con le persone e vivere la parrocchia in oratorio o comunque partecipare alla vita della comunit\u00e0. L\u2019esperienza del servizio in parrocchia \u00e8 sicuramente un\u2019occasione utile a livello formativo e umano e per conoscere altre realt\u00e0 oltre alla parrocchia di origine. Nell\u2019anno di propedeutica il fine settimana si torna invece a casa e si d\u00e0 un aiuto nella propria parrocchia.<\/p>\n","protected":false},"excerpt":{"rendered":"<p>Durante la settimana la formazione avviene in seminario, con la scuola, gli impegni comunitari o altri momenti che riguardano la vita di ciascun seminarista. Il fine settimana \u00e8 dedicato al servizio in parrocchia. Ogni seminarista \u00e8 affidato ad una parrocchia, nella quale d\u00e0 il proprio aiuto per le varie attivit\u00e0 e i vari impegni. Ad &hellip; <a href=\"https:\/\/www.diocesidicremona.it\/seminariovescovile\/il-seminario\/servizio\/\" class=\"more-link\">Continue reading <span class=\"screen-reader-text\">Servizio pastorale<\/span> <span class=\"meta-nav\">&raquo;<\/span><\/a><\/p>\n","protected":false},"author":36,"featured_media":0,"parent":43,"menu_order":0,"comment_status":"closed","ping_status":"closed","template":"","meta":{"_acf_changed":false,"ip_address":"","user_agent":"","level":"","revision":"","cookie_id":"","page_referer":"","html_form":"","footnotes":"","_links_to":"","_links_to_target":""},"class_list":["post-175","page","type-page","status-publish","hentry"],"acf":[],"_links":{"self":[{"href":"https:\/\/www.diocesidicremona.it\/seminariovescovile\/wp-json\/wp\/v2\/pages\/175","targetHints":{"allow":["GET"]}}],"collection":[{"href":"https:\/\/www.diocesidicremona.it\/seminariovescovile\/wp-json\/wp\/v2\/pages"}],"about":[{"href":"https:\/\/www.diocesidicremona.it\/seminariovescovile\/wp-json\/wp\/v2\/types\/page"}],"author":[{"embeddable":true,"href":"https:\/\/www.diocesidicremona.it\/seminariovescovile\/wp-json\/wp\/v2\/users\/36"}],"replies":[{"embeddable":true,"href":"https:\/\/www.diocesidicremona.it\/seminariovescovile\/wp-json\/wp\/v2\/comments?post=175"}],"version-history":[{"count":5,"href":"https:\/\/www.diocesidicremona.it\/seminariovescovile\/wp-json\/wp\/v2\/pages\/175\/revisions"}],"predecessor-version":[{"id":973,"href":"https:\/\/www.diocesidicremona.it\/seminariovescovile\/wp-json\/wp\/v2\/pages\/175\/revisions\/973"}],"up":[{"embeddable":true,"href":"https:\/\/www.diocesidicremona.it\/seminariovescovile\/wp-json\/wp\/v2\/pages\/43"}],"wp:attachment":[{"href":"https:\/\/www.diocesidicremona.it\/seminariovescovile\/wp-json\/wp\/v2\/media?parent=175"}],"curies":[{"name":"wp","href":"https:\/\/api.w.org\/{rel}","templated":true}]}}