{"id":163,"date":"2016-02-17T16:11:50","date_gmt":"2016-02-17T15:11:50","guid":{"rendered":"https:\/\/www.diocesidicremona.it\/seminariovescovile2\/?page_id=163"},"modified":"2019-12-02T16:36:33","modified_gmt":"2019-12-02T15:36:33","slug":"vocazione","status":"publish","type":"page","link":"https:\/\/www.diocesidicremona.it\/seminariovescovile\/il-seminario\/vocazione\/","title":{"rendered":"Vocazione"},"content":{"rendered":"<div class=\"pdfprnt-buttons pdfprnt-buttons-page pdfprnt-top-right\"><a href=\"https:\/\/www.diocesidicremona.it\/seminariovescovile\/wp-json\/wp\/v2\/pages\/163?print=pdf\" class=\"pdfprnt-button pdfprnt-button-pdf\" target=\"_blank\" ><img decoding=\"async\" src=\"https:\/\/www.diocesidicremona.it\/seminariovescovile\/wp-content\/plugins\/pdf-print\/images\/pdf.png\" alt=\"image_pdf\" title=\"Visualizza PDF\" \/><\/a><a href=\"https:\/\/www.diocesidicremona.it\/seminariovescovile\/wp-json\/wp\/v2\/pages\/163?print=print\" class=\"pdfprnt-button pdfprnt-button-print\" target=\"_blank\" ><img decoding=\"async\" src=\"https:\/\/www.diocesidicremona.it\/seminariovescovile\/wp-content\/plugins\/pdf-print\/images\/print.png\" alt=\"image_print\" title=\"Stampa contenuto\" \/><\/a><\/div><p style=\"text-align: justify;\"><a href=\"https:\/\/www.diocesidicremona.it\/seminariovescovile\/wp-content\/uploads\/sites\/37\/2019\/12\/VITA-SPIRITUALE.png\" data-rel=\"lightbox-image-0\" data-rl_title=\"\" data-rl_caption=\"\" title=\"\"><img loading=\"lazy\" decoding=\"async\" class=\"alignnone  wp-image-985\" src=\"https:\/\/www.diocesidicremona.it\/seminariovescovile\/wp-content\/uploads\/sites\/37\/2019\/12\/VITA-SPIRITUALE-300x106.png\" alt=\"\" width=\"790\" height=\"279\" srcset=\"https:\/\/www.diocesidicremona.it\/seminariovescovile\/wp-content\/uploads\/sites\/37\/2019\/12\/VITA-SPIRITUALE-300x106.png 300w, https:\/\/www.diocesidicremona.it\/seminariovescovile\/wp-content\/uploads\/sites\/37\/2019\/12\/VITA-SPIRITUALE-768x270.png 768w, https:\/\/www.diocesidicremona.it\/seminariovescovile\/wp-content\/uploads\/sites\/37\/2019\/12\/VITA-SPIRITUALE-1024x360.png 1024w, https:\/\/www.diocesidicremona.it\/seminariovescovile\/wp-content\/uploads\/sites\/37\/2019\/12\/VITA-SPIRITUALE-360x127.png 360w, https:\/\/www.diocesidicremona.it\/seminariovescovile\/wp-content\/uploads\/sites\/37\/2019\/12\/VITA-SPIRITUALE-685x241.png 685w\" sizes=\"auto, (max-width: 790px) 100vw, 790px\" \/><\/a><\/p>\n<p style=\"text-align: justify;\">Se \u00e8 vero che un Padre non pu\u00f2 scordarsi del proprio figlio e che basta bussare e chiedere per ricevere una risposta, allora \u00e8 anche vero che di fronte a questo Padre ci possiamo mettere in un atteggiamento di estrema fiducia perch\u00e9 Egli sa che cosa dimora nel nostro cuore e conosce ci\u00f2 di cui abbiamo bisogno (<em>Cfr. Mt 7,7<\/em>). A questo punto per\u00f2 la posta in gioco \u00e8 capire cosa domandare. In questo momento storico spesso si fatica a comprendere la differenza tra interrogativi circa la propria vita e la sua buona riuscita (Chi\/cosa cerco?) e che investono quindi tutto l\u2019arco temporale dell\u2019esistenza, e domande pur lecite, ma dettate da preoccupazioni contingenti (\u2026e se poi\u2026?) o da emozioni e paure momentanee e che rischiano di annebbiare la bellezza di una ricerca.<\/p>\n<p style=\"text-align: justify;\">Un ingrediente che in questo cammino di discernimento non dovrebbe mai mancare \u00e8 la memoria. Ricordare, riprendere e fare tesoro dei cammini e delle esperienze vissute permette ad un giovane di comprendere chi egli sia e, in queste situazioni, quali corde dell\u2019anima abbiano suonato pi\u00f9 di altre. \u00c8 in questo percorso che desideri, paure, sogni vengono purificati, mettendo cos\u00ec in luce la domanda autentica; domanda che ormai pu\u00f2 essere posta con la fiducia di chi sa che ricever\u00e0 una risposta vera e buona per la propria esistenza:<\/p>\n<p style=\"text-align: justify;\"><strong>Signore, cosa faccio della mia vita?<\/strong><\/p>\n","protected":false},"excerpt":{"rendered":"<p>Se \u00e8 vero che un Padre non pu\u00f2 scordarsi del proprio figlio e che basta bussare e chiedere per ricevere una risposta, allora \u00e8 anche vero che di fronte a questo Padre ci possiamo mettere in un atteggiamento di estrema fiducia perch\u00e9 Egli sa che cosa dimora nel nostro cuore e conosce ci\u00f2 di cui &hellip; <a href=\"https:\/\/www.diocesidicremona.it\/seminariovescovile\/il-seminario\/vocazione\/\" class=\"more-link\">Continue reading <span class=\"screen-reader-text\">Vocazione<\/span> <span class=\"meta-nav\">&raquo;<\/span><\/a><\/p>\n","protected":false},"author":36,"featured_media":0,"parent":43,"menu_order":0,"comment_status":"closed","ping_status":"closed","template":"","meta":{"_acf_changed":false,"ip_address":"","user_agent":"","level":"","revision":"","cookie_id":"","page_referer":"","html_form":"","footnotes":"","_links_to":"","_links_to_target":""},"class_list":["post-163","page","type-page","status-publish","hentry"],"acf":[],"_links":{"self":[{"href":"https:\/\/www.diocesidicremona.it\/seminariovescovile\/wp-json\/wp\/v2\/pages\/163","targetHints":{"allow":["GET"]}}],"collection":[{"href":"https:\/\/www.diocesidicremona.it\/seminariovescovile\/wp-json\/wp\/v2\/pages"}],"about":[{"href":"https:\/\/www.diocesidicremona.it\/seminariovescovile\/wp-json\/wp\/v2\/types\/page"}],"author":[{"embeddable":true,"href":"https:\/\/www.diocesidicremona.it\/seminariovescovile\/wp-json\/wp\/v2\/users\/36"}],"replies":[{"embeddable":true,"href":"https:\/\/www.diocesidicremona.it\/seminariovescovile\/wp-json\/wp\/v2\/comments?post=163"}],"version-history":[{"count":5,"href":"https:\/\/www.diocesidicremona.it\/seminariovescovile\/wp-json\/wp\/v2\/pages\/163\/revisions"}],"predecessor-version":[{"id":987,"href":"https:\/\/www.diocesidicremona.it\/seminariovescovile\/wp-json\/wp\/v2\/pages\/163\/revisions\/987"}],"up":[{"embeddable":true,"href":"https:\/\/www.diocesidicremona.it\/seminariovescovile\/wp-json\/wp\/v2\/pages\/43"}],"wp:attachment":[{"href":"https:\/\/www.diocesidicremona.it\/seminariovescovile\/wp-json\/wp\/v2\/media?parent=163"}],"curies":[{"name":"wp","href":"https:\/\/api.w.org\/{rel}","templated":true}]}}