{"id":9816,"date":"2025-11-11T21:45:04","date_gmt":"2025-11-11T20:45:04","guid":{"rendered":"https:\/\/www.diocesidicremona.it\/monasterovisitazione\/?page_id=9816"},"modified":"2025-11-12T21:53:14","modified_gmt":"2025-11-12T20:53:14","slug":"beata-maria-ines-zudaire","status":"publish","type":"page","link":"https:\/\/www.diocesidicremona.it\/monasterovisitazione\/sette-beate-suore-martiri-della-visitazione\/beata-maria-ines-zudaire\/","title":{"rendered":"Beata Mar\u00eda Ines Zudaire"},"content":{"rendered":"<div class=\"pdfprnt-buttons pdfprnt-buttons-page pdfprnt-top-right\"><a href=\"https:\/\/www.diocesidicremona.it\/monasterovisitazione\/wp-json\/wp\/v2\/pages\/9816?print=pdf\" class=\"pdfprnt-button pdfprnt-button-pdf\" target=\"_blank\" ><img decoding=\"async\" src=\"https:\/\/www.diocesidicremona.it\/monasterovisitazione\/wp-content\/plugins\/pdf-print\/images\/pdf.png\" alt=\"image_pdf\" title=\"Visualizza PDF\" \/><\/a><a href=\"https:\/\/www.diocesidicremona.it\/monasterovisitazione\/wp-json\/wp\/v2\/pages\/9816?print=print\" class=\"pdfprnt-button pdfprnt-button-print\" target=\"_blank\" ><img decoding=\"async\" src=\"https:\/\/www.diocesidicremona.it\/monasterovisitazione\/wp-content\/plugins\/pdf-print\/images\/print.png\" alt=\"image_print\" title=\"Stampa contenuto\" \/><\/a><\/div><p>Conosciamo, attraverso una minima biografia e il loro messaggio in prossimit\u00e0 del martirio, ciascuna delle sette Sorelle Martiri<\/p>\n<p><strong>\u00a0<\/strong><\/p>\n<p><strong>Beata<\/strong><strong> Mar\u00eda Ines Zudaire<\/strong><\/p>\n<p><strong>\u00a0<\/strong><\/p>\n<p><strong>\u201cMadre de D<\/strong><strong>\u00edos, bajo tu amparo, dichosa y fel<\/strong><strong>\u00edzsiempreser\u00e9\u201d<\/strong><\/p>\n<p><strong>\u201cMadre di Dio, sotto la tua protezione, sar\u00f2 sempre benedetta e felice\u201d<\/strong><\/p>\n<p><strong>Suor Mar\u00eda Agnese (In\u00e9s) ZudaireGaldeano<\/strong>, 36 anni<\/p>\n<p>Ech\u00e1varri, Spagna, 28 gennaio 1900 &#8211; Madrid, Spagna, 18 novembre 1936<\/p>\n<p>&nbsp;<\/p>\n<p>In\u00e9s ZuidareGaldeano nacque il 28 gennaio 1900 ad Ech\u00e1varri (Navarra). Lasci\u00f2 la sua citt\u00e0 natale il 3 maggio 1919 per entrare nel primo monastero della Visitazione di Madrid, diventando suor Maria Agnese. Il 17 novembre 1920 fece la sua professione religiosa. Di una semplicit\u00e0 incantevole, non nascose la paura che provava nel restare a Madrid nel 1936, nel periodo iniziale della guerra civile spagnola; trov\u00f2 per\u00f2 forza e fiducia in Dio. Insieme a sei consorelle rimase nel monastero, ma poi si trafer\u00ec in uno scantinato vicino. Dopo cinque mesi, il 18 novembre 1936, le monache furono prelevate da una pattuglia di miliziani anarchici. Al momento dell&#8217;arresto, suor Maria Agnese era a letto, con la febbre alta. La fecero alzare in malo modo e lei non oppose alcuna resistenza. Con le sue compagne, nell&#8217;uscire in strada si fece il segno della croce e offr\u00ec coraggiosamente la sua vita a 36 anni. Fu fucilata il 18 novembre 1936, a Madrid. L\u2019unica superstite, suor Maria Cecilia, venne uccisa cinque giorni dopo. Insieme a lei e alle proprie compagne di martirio, suor Maria Agnese fu beatificata dal Papa san Giovanni Paolo II il 10 maggio 1998 a Roma. I suoi resti mortali sono venerati nella cripta del monastero della Visitazione di Madrid.<\/p>\n<p>&nbsp;<\/p>\n<p>Martirologio Romano:\u00a0Presso Madrid in Spagna, beate Maria del Rifugio (Maria Gabriella) Hinojosa y Naveros e cinque compagne, vergini dell\u2019Ordine della Visitazione di Santa Maria e martiri, che, durante la persecuzione, bench\u00e9 chiuse in monastero, furono arrestate con l\u2019inganno dai miliziani e andarono incontro a Cristo Sposo uccise a fucilate.<\/p>\n<p>&nbsp;<\/p>\n<p><strong>Fonti<\/strong><\/p>\n<p><a href=\"http:\/\/www.visitationannecy.org\"><strong>www.visitationannecy.org<\/strong><\/a><\/p>\n<p><a href=\"http:\/\/www.santibeati.it\"><strong>www.santibeati.it<\/strong><\/a><\/p>\n<p>(Autore:\u00a0Emilia Flocchini)<\/p>\n","protected":false},"excerpt":{"rendered":"<p>Conosciamo, attraverso una minima biografia e il loro messaggio in prossimit\u00e0 del martirio, ciascuna delle sette Sorelle Martiri \u00a0 Beata Mar\u00eda Ines Zudaire \u00a0 \u201cMadre de D\u00edos, bajo tu amparo, dichosa y fel\u00edzsiempreser\u00e9\u201d \u201cMadre di Dio, sotto la tua protezione, sar\u00f2 sempre benedetta e felice\u201d Suor Mar\u00eda Agnese (In\u00e9s) ZudaireGaldeano, 36 anni Ech\u00e1varri, Spagna, 28 &hellip; <a href=\"https:\/\/www.diocesidicremona.it\/monasterovisitazione\/sette-beate-suore-martiri-della-visitazione\/beata-maria-ines-zudaire\/\" class=\"more-link\">Continue reading <span class=\"screen-reader-text\">Beata Mar\u00eda Ines Zudaire<\/span> <span class=\"meta-nav\">&raquo;<\/span><\/a><\/p>\n","protected":false},"author":10,"featured_media":9786,"parent":9748,"menu_order":0,"comment_status":"closed","ping_status":"closed","template":"","meta":{"_acf_changed":false,"ip_address":"","user_agent":"","level":"","revision":"","cookie_id":"","page_referer":"","html_form":"","footnotes":"","_links_to":"","_links_to_target":""},"class_list":["post-9816","page","type-page","status-publish","has-post-thumbnail","hentry"],"acf":[],"_links":{"self":[{"href":"https:\/\/www.diocesidicremona.it\/monasterovisitazione\/wp-json\/wp\/v2\/pages\/9816","targetHints":{"allow":["GET"]}}],"collection":[{"href":"https:\/\/www.diocesidicremona.it\/monasterovisitazione\/wp-json\/wp\/v2\/pages"}],"about":[{"href":"https:\/\/www.diocesidicremona.it\/monasterovisitazione\/wp-json\/wp\/v2\/types\/page"}],"author":[{"embeddable":true,"href":"https:\/\/www.diocesidicremona.it\/monasterovisitazione\/wp-json\/wp\/v2\/users\/10"}],"replies":[{"embeddable":true,"href":"https:\/\/www.diocesidicremona.it\/monasterovisitazione\/wp-json\/wp\/v2\/comments?post=9816"}],"version-history":[{"count":2,"href":"https:\/\/www.diocesidicremona.it\/monasterovisitazione\/wp-json\/wp\/v2\/pages\/9816\/revisions"}],"predecessor-version":[{"id":9862,"href":"https:\/\/www.diocesidicremona.it\/monasterovisitazione\/wp-json\/wp\/v2\/pages\/9816\/revisions\/9862"}],"up":[{"embeddable":true,"href":"https:\/\/www.diocesidicremona.it\/monasterovisitazione\/wp-json\/wp\/v2\/pages\/9748"}],"wp:featuredmedia":[{"embeddable":true,"href":"https:\/\/www.diocesidicremona.it\/monasterovisitazione\/wp-json\/wp\/v2\/media\/9786"}],"wp:attachment":[{"href":"https:\/\/www.diocesidicremona.it\/monasterovisitazione\/wp-json\/wp\/v2\/media?parent=9816"}],"curies":[{"name":"wp","href":"https:\/\/api.w.org\/{rel}","templated":true}]}}