{"id":9800,"date":"2025-11-11T21:28:58","date_gmt":"2025-11-11T20:28:58","guid":{"rendered":"https:\/\/www.diocesidicremona.it\/monasterovisitazione\/?page_id=9800"},"modified":"2025-11-12T21:50:43","modified_gmt":"2025-11-12T20:50:43","slug":"beata-maria-angela-olaizola","status":"publish","type":"page","link":"https:\/\/www.diocesidicremona.it\/monasterovisitazione\/sette-beate-suore-martiri-della-visitazione\/beata-maria-angela-olaizola\/","title":{"rendered":"Beata Maria Angela Olaizola"},"content":{"rendered":"<div class=\"pdfprnt-buttons pdfprnt-buttons-page pdfprnt-top-right\"><a href=\"https:\/\/www.diocesidicremona.it\/monasterovisitazione\/wp-json\/wp\/v2\/pages\/9800?print=pdf\" class=\"pdfprnt-button pdfprnt-button-pdf\" target=\"_blank\" ><img decoding=\"async\" src=\"https:\/\/www.diocesidicremona.it\/monasterovisitazione\/wp-content\/plugins\/pdf-print\/images\/pdf.png\" alt=\"image_pdf\" title=\"Visualizza PDF\" \/><\/a><a href=\"https:\/\/www.diocesidicremona.it\/monasterovisitazione\/wp-json\/wp\/v2\/pages\/9800?print=print\" class=\"pdfprnt-button pdfprnt-button-print\" target=\"_blank\" ><img decoding=\"async\" src=\"https:\/\/www.diocesidicremona.it\/monasterovisitazione\/wp-content\/plugins\/pdf-print\/images\/print.png\" alt=\"image_print\" title=\"Stampa contenuto\" \/><\/a><\/div><p>Conosciamo, attraverso una minima biografia e il loro messaggio in prossimit\u00e0 del martirio, ciascuna delle sette Sorelle Martiri<\/p>\n<p><strong>Beata Maria Angela Olaizola<\/strong><\/p>\n<p>&nbsp;<\/p>\n<p><strong><em>\u201cQuierosometerme a la voluntad de Dios, y hacer de su Querer mi querer\u201d<\/em><\/strong><\/p>\n<p><strong><em>\u00a0<\/em><\/strong><\/p>\n<p><strong><em>\u201cVoglio sottomettermi alla volont\u00e0 di Dio e fare della Sua volont\u00e0 la mia volont\u00e0\u201d<\/em><\/strong><\/p>\n<p>&nbsp;<\/p>\n<p><strong>Suor Maria Angela (Martina) OlaizolaGaragarza<\/strong>, 43 anni<\/p>\n<p>Azpeitia, Spagna, 12 novembre 1893 &#8211; Madrid, Spagna, 18 novembre 1936<\/p>\n<p>Martina Olaizola Garagarza nacque il 12 novembre 1893 ad Azpeitia presso Guip\u00fazcoa, nei Paesi Baschi.<\/p>\n<p>Entr\u00f2 nel Primo Monastero della Visitazione di Madrid nel 1918 col nome di suor Maria Angela e fece la professione religiosa il 15 agosto 1922. Era una sorella esterna addetta alla foresteria. In tutte le sue azioni amava passare inosservata. Insieme a sei consorelle rimase nel monastero anche nel periodo iniziale della guerra civile spagnola: con loro si trafer\u00ec, in seguito, in uno scantinato vicino. Dopo cinque mesi, il 18 novembre 1936, le monache furono prelevate da una pattuglia di miliziani anarchici: vennero fucilate mentre, tenendosi per mano, scendevano dal camion che le aveva condotte fuori citt\u00e0. L\u2019unica superstite, suor Maria Cecilia, venne uccisa cinque giorni dopo. Insieme a lei e alle proprie compagne di martirio, suor Maria Angela fu beatificata dal Papa san Giovanni Paolo II il 10 maggio 1998 a Roma. I suoi resti mortali sono venerati nella cappella del Santo Sepolcro dell\u2019abbazia della Santa Croce al \u201cValle de losCaidos\u201d di Madrid.<\/p>\n<p>&nbsp;<\/p>\n<p>Martirologio Romano:\u00a0Presso Madrid in Spagna, beate Maria del Rifugio (Maria Gabriella) Hinojosa y Naveros e cinque compagne, vergini dell\u2019Ordine della Visitazione di Santa Maria e martiri, che, durante la persecuzione, bench\u00e9 chiuse in monastero, furono arrestate con l\u2019inganno dai miliziani e andarono incontro a Cristo Sposo uccise a fucilate.<\/p>\n<p><strong>Fonti<\/strong><\/p>\n<p><a href=\"http:\/\/www.visitationannecy.org\"><strong>www.visitationannecy.org<\/strong><\/a><\/p>\n<p><a href=\"http:\/\/www.santibeati.it\"><strong>www.santibeati.it<\/strong><\/a><\/p>\n<p>(Autore:\u00a0Emilia Flocchini)<\/p>\n","protected":false},"excerpt":{"rendered":"<p>Conosciamo, attraverso una minima biografia e il loro messaggio in prossimit\u00e0 del martirio, ciascuna delle sette Sorelle Martiri Beata Maria Angela Olaizola &nbsp; \u201cQuierosometerme a la voluntad de Dios, y hacer de su Querer mi querer\u201d \u00a0 \u201cVoglio sottomettermi alla volont\u00e0 di Dio e fare della Sua volont\u00e0 la mia volont\u00e0\u201d &nbsp; Suor Maria Angela &hellip; <a href=\"https:\/\/www.diocesidicremona.it\/monasterovisitazione\/sette-beate-suore-martiri-della-visitazione\/beata-maria-angela-olaizola\/\" class=\"more-link\">Continue reading <span class=\"screen-reader-text\">Beata Maria Angela Olaizola<\/span> <span class=\"meta-nav\">&raquo;<\/span><\/a><\/p>\n","protected":false},"author":10,"featured_media":9782,"parent":9748,"menu_order":0,"comment_status":"closed","ping_status":"closed","template":"","meta":{"_acf_changed":false,"ip_address":"","user_agent":"","level":"","revision":"","cookie_id":"","page_referer":"","html_form":"","footnotes":"","_links_to":"","_links_to_target":""},"class_list":["post-9800","page","type-page","status-publish","has-post-thumbnail","hentry"],"acf":[],"_links":{"self":[{"href":"https:\/\/www.diocesidicremona.it\/monasterovisitazione\/wp-json\/wp\/v2\/pages\/9800","targetHints":{"allow":["GET"]}}],"collection":[{"href":"https:\/\/www.diocesidicremona.it\/monasterovisitazione\/wp-json\/wp\/v2\/pages"}],"about":[{"href":"https:\/\/www.diocesidicremona.it\/monasterovisitazione\/wp-json\/wp\/v2\/types\/page"}],"author":[{"embeddable":true,"href":"https:\/\/www.diocesidicremona.it\/monasterovisitazione\/wp-json\/wp\/v2\/users\/10"}],"replies":[{"embeddable":true,"href":"https:\/\/www.diocesidicremona.it\/monasterovisitazione\/wp-json\/wp\/v2\/comments?post=9800"}],"version-history":[{"count":5,"href":"https:\/\/www.diocesidicremona.it\/monasterovisitazione\/wp-json\/wp\/v2\/pages\/9800\/revisions"}],"predecessor-version":[{"id":9858,"href":"https:\/\/www.diocesidicremona.it\/monasterovisitazione\/wp-json\/wp\/v2\/pages\/9800\/revisions\/9858"}],"up":[{"embeddable":true,"href":"https:\/\/www.diocesidicremona.it\/monasterovisitazione\/wp-json\/wp\/v2\/pages\/9748"}],"wp:featuredmedia":[{"embeddable":true,"href":"https:\/\/www.diocesidicremona.it\/monasterovisitazione\/wp-json\/wp\/v2\/media\/9782"}],"wp:attachment":[{"href":"https:\/\/www.diocesidicremona.it\/monasterovisitazione\/wp-json\/wp\/v2\/media?parent=9800"}],"curies":[{"name":"wp","href":"https:\/\/api.w.org\/{rel}","templated":true}]}}