{"id":9748,"date":"2025-11-06T00:30:22","date_gmt":"2025-11-05T23:30:22","guid":{"rendered":"https:\/\/www.diocesidicremona.it\/monasterovisitazione\/?page_id=9748"},"modified":"2025-11-11T21:48:08","modified_gmt":"2025-11-11T20:48:08","slug":"sette-beate-suore-martiri-della-visitazione","status":"publish","type":"page","link":"https:\/\/www.diocesidicremona.it\/monasterovisitazione\/sette-beate-suore-martiri-della-visitazione\/","title":{"rendered":"Sette Beate Suore Martiri della Visitazione"},"content":{"rendered":"<div class=\"pdfprnt-buttons pdfprnt-buttons-page pdfprnt-top-right\"><a href=\"https:\/\/www.diocesidicremona.it\/monasterovisitazione\/wp-json\/wp\/v2\/pages\/9748?print=pdf\" class=\"pdfprnt-button pdfprnt-button-pdf\" target=\"_blank\" ><img decoding=\"async\" src=\"https:\/\/www.diocesidicremona.it\/monasterovisitazione\/wp-content\/plugins\/pdf-print\/images\/pdf.png\" alt=\"image_pdf\" title=\"Visualizza PDF\" \/><\/a><a href=\"https:\/\/www.diocesidicremona.it\/monasterovisitazione\/wp-json\/wp\/v2\/pages\/9748?print=print\" class=\"pdfprnt-button pdfprnt-button-print\" target=\"_blank\" ><img decoding=\"async\" src=\"https:\/\/www.diocesidicremona.it\/monasterovisitazione\/wp-content\/plugins\/pdf-print\/images\/print.png\" alt=\"image_print\" title=\"Stampa contenuto\" \/><\/a><\/div><blockquote class=\"wp-embedded-content\" data-secret=\"3tf0RnVS9x\"><p><a href=\"https:\/\/www.diocesidicremona.it\/monasterovisitazione\/2025\/11\/09\/18-novembre-memoria-delle-7-sorelle-martiri\/\">18 NOVEMBRE: MEMORIA DELLE 7 SORELLE MARTIRI<\/a><\/p><\/blockquote>\n<p><iframe loading=\"lazy\" class=\"wp-embedded-content\" sandbox=\"allow-scripts\" security=\"restricted\" style=\"position: absolute; visibility: hidden;\" title=\"&#8220;18 NOVEMBRE: MEMORIA DELLE 7 SORELLE MARTIRI&#8221; &#8212; Monastero della Visitazione\" src=\"https:\/\/www.diocesidicremona.it\/monasterovisitazione\/2025\/11\/09\/18-novembre-memoria-delle-7-sorelle-martiri\/embed\/#?secret=jpJsGWMBjo#?secret=3tf0RnVS9x\" data-secret=\"3tf0RnVS9x\" width=\"600\" height=\"338\" frameborder=\"0\" marginwidth=\"0\" marginheight=\"0\" scrolling=\"no\"><\/iframe><\/p>\n<blockquote class=\"wp-embedded-content\" data-secret=\"y2e6cNKCHB\"><p><a href=\"https:\/\/www.diocesidicremona.it\/monasterovisitazione\/sette-beate-suore-martiri-della-visitazione\/beata-josefa-maria-barrea\/\">Beata Josefa Maria Barrea<\/a><\/p><\/blockquote>\n<p><iframe loading=\"lazy\" class=\"wp-embedded-content\" sandbox=\"allow-scripts\" security=\"restricted\" style=\"position: absolute; visibility: hidden;\" title=\"&#8220;Beata Josefa Maria Barrea&#8221; &#8212; Monastero della Visitazione\" src=\"https:\/\/www.diocesidicremona.it\/monasterovisitazione\/sette-beate-suore-martiri-della-visitazione\/beata-josefa-maria-barrea\/embed\/#?secret=qTFl2WZSGk#?secret=y2e6cNKCHB\" data-secret=\"y2e6cNKCHB\" width=\"600\" height=\"338\" frameborder=\"0\" marginwidth=\"0\" marginheight=\"0\" scrolling=\"no\"><\/iframe><\/p>\n<blockquote class=\"wp-embedded-content\" data-secret=\"swSzUyvEAc\"><p><a href=\"https:\/\/www.diocesidicremona.it\/monasterovisitazione\/sette-beate-suore-martiri-della-visitazione\/beata-maria-angela-olaizola\/\">Beata Maria Angela Olaizola<\/a><\/p><\/blockquote>\n<p><iframe loading=\"lazy\" class=\"wp-embedded-content\" sandbox=\"allow-scripts\" security=\"restricted\" style=\"position: absolute; visibility: hidden;\" title=\"&#8220;Beata Maria Angela Olaizola&#8221; &#8212; Monastero della Visitazione\" src=\"https:\/\/www.diocesidicremona.it\/monasterovisitazione\/sette-beate-suore-martiri-della-visitazione\/beata-maria-angela-olaizola\/embed\/#?secret=rRsADpS3Pv#?secret=swSzUyvEAc\" data-secret=\"swSzUyvEAc\" width=\"600\" height=\"338\" frameborder=\"0\" marginwidth=\"0\" marginheight=\"0\" scrolling=\"no\"><\/iframe><\/p>\n<blockquote class=\"wp-embedded-content\" data-secret=\"90Zg5HRBYK\"><p><a href=\"https:\/\/www.diocesidicremona.it\/monasterovisitazione\/sette-beate-suore-martiri-della-visitazione\/beata-teresa-maria-cavestani\/\">Beata Teresa Mar\u00eda Cavestani<\/a><\/p><\/blockquote>\n<p><iframe loading=\"lazy\" class=\"wp-embedded-content\" sandbox=\"allow-scripts\" security=\"restricted\" style=\"position: absolute; visibility: hidden;\" title=\"&#8220;Beata Teresa Mar\u00eda Cavestani&#8221; &#8212; Monastero della Visitazione\" src=\"https:\/\/www.diocesidicremona.it\/monasterovisitazione\/sette-beate-suore-martiri-della-visitazione\/beata-teresa-maria-cavestani\/embed\/#?secret=S0cSSAUy9D#?secret=90Zg5HRBYK\" data-secret=\"90Zg5HRBYK\" width=\"600\" height=\"338\" frameborder=\"0\" marginwidth=\"0\" marginheight=\"0\" scrolling=\"no\"><\/iframe><\/p>\n<blockquote class=\"wp-embedded-content\" data-secret=\"Riw2jI40mF\"><p><a href=\"https:\/\/www.diocesidicremona.it\/monasterovisitazione\/sette-beate-suore-martiri-della-visitazione\/beata-maria-engracia-lecuona\/\">Beata Maria Engracia Lecuona<\/a><\/p><\/blockquote>\n<p><iframe loading=\"lazy\" class=\"wp-embedded-content\" sandbox=\"allow-scripts\" security=\"restricted\" style=\"position: absolute; visibility: hidden;\" title=\"&#8220;Beata Maria Engracia Lecuona&#8221; &#8212; Monastero della Visitazione\" src=\"https:\/\/www.diocesidicremona.it\/monasterovisitazione\/sette-beate-suore-martiri-della-visitazione\/beata-maria-engracia-lecuona\/embed\/#?secret=1o4A7gxiBb#?secret=Riw2jI40mF\" data-secret=\"Riw2jI40mF\" width=\"600\" height=\"338\" frameborder=\"0\" marginwidth=\"0\" marginheight=\"0\" scrolling=\"no\"><\/iframe><\/p>\n<blockquote class=\"wp-embedded-content\" data-secret=\"gbrGe30jSU\"><p><a href=\"https:\/\/www.diocesidicremona.it\/monasterovisitazione\/sette-beate-suore-martiri-della-visitazione\/beata-maria-gabriella-de-hinojosa\/\">Beata Maria Gabriella de Hinojosa<\/a><\/p><\/blockquote>\n<p><iframe loading=\"lazy\" class=\"wp-embedded-content\" sandbox=\"allow-scripts\" security=\"restricted\" style=\"position: absolute; visibility: hidden;\" title=\"&#8220;Beata Maria Gabriella de Hinojosa&#8221; &#8212; Monastero della Visitazione\" src=\"https:\/\/www.diocesidicremona.it\/monasterovisitazione\/sette-beate-suore-martiri-della-visitazione\/beata-maria-gabriella-de-hinojosa\/embed\/#?secret=3EvPtSG6WI#?secret=gbrGe30jSU\" data-secret=\"gbrGe30jSU\" width=\"600\" height=\"338\" frameborder=\"0\" marginwidth=\"0\" marginheight=\"0\" scrolling=\"no\"><\/iframe><\/p>\n<blockquote class=\"wp-embedded-content\" data-secret=\"TqTmLyTK9Z\"><p><a href=\"https:\/\/www.diocesidicremona.it\/monasterovisitazione\/sette-beate-suore-martiri-della-visitazione\/beata-maria-ines-zudaire\/\">Beata Mar\u00eda Ines Zudaire<\/a><\/p><\/blockquote>\n<p><iframe loading=\"lazy\" class=\"wp-embedded-content\" sandbox=\"allow-scripts\" security=\"restricted\" style=\"position: absolute; visibility: hidden;\" title=\"&#8220;Beata Mar\u00eda Ines Zudaire&#8221; &#8212; Monastero della Visitazione\" src=\"https:\/\/www.diocesidicremona.it\/monasterovisitazione\/sette-beate-suore-martiri-della-visitazione\/beata-maria-ines-zudaire\/embed\/#?secret=77LsAULzET#?secret=TqTmLyTK9Z\" data-secret=\"TqTmLyTK9Z\" width=\"600\" height=\"338\" frameborder=\"0\" marginwidth=\"0\" marginheight=\"0\" scrolling=\"no\"><\/iframe><\/p>\n<blockquote class=\"wp-embedded-content\" data-secret=\"LF0jcwXxUx\"><p><a href=\"https:\/\/www.diocesidicremona.it\/monasterovisitazione\/sette-beate-suore-martiri-della-visitazione\/beata-maria-cecilia-cendoya\/\">Beata Mar\u00eda Cecilia Cendoya<\/a><\/p><\/blockquote>\n<p><iframe loading=\"lazy\" class=\"wp-embedded-content\" sandbox=\"allow-scripts\" security=\"restricted\" style=\"position: absolute; visibility: hidden;\" title=\"&#8220;Beata Mar\u00eda Cecilia Cendoya&#8221; &#8212; Monastero della Visitazione\" src=\"https:\/\/www.diocesidicremona.it\/monasterovisitazione\/sette-beate-suore-martiri-della-visitazione\/beata-maria-cecilia-cendoya\/embed\/#?secret=FdRee9bGMn#?secret=LF0jcwXxUx\" data-secret=\"LF0jcwXxUx\" width=\"600\" height=\"338\" frameborder=\"0\" marginwidth=\"0\" marginheight=\"0\" scrolling=\"no\"><\/iframe><\/p>\n","protected":false},"excerpt":{"rendered":"<p>18 NOVEMBRE: MEMORIA DELLE 7 SORELLE MARTIRI Beata Josefa Maria Barrea Beata Maria Angela Olaizola Beata Teresa Mar\u00eda Cavestani Beata Maria Engracia Lecuona Beata Maria Gabriella de Hinojosa Beata Mar\u00eda Ines Zudaire Beata Mar\u00eda Cecilia Cendoya<\/p>\n","protected":false},"author":10,"featured_media":0,"parent":0,"menu_order":0,"comment_status":"closed","ping_status":"open","template":"","meta":{"_acf_changed":false,"ip_address":"","user_agent":"","level":"","revision":"","cookie_id":"","page_referer":"","html_form":"","footnotes":"","_links_to":"","_links_to_target":""},"class_list":["post-9748","page","type-page","status-publish","hentry"],"acf":[],"_links":{"self":[{"href":"https:\/\/www.diocesidicremona.it\/monasterovisitazione\/wp-json\/wp\/v2\/pages\/9748","targetHints":{"allow":["GET"]}}],"collection":[{"href":"https:\/\/www.diocesidicremona.it\/monasterovisitazione\/wp-json\/wp\/v2\/pages"}],"about":[{"href":"https:\/\/www.diocesidicremona.it\/monasterovisitazione\/wp-json\/wp\/v2\/types\/page"}],"author":[{"embeddable":true,"href":"https:\/\/www.diocesidicremona.it\/monasterovisitazione\/wp-json\/wp\/v2\/users\/10"}],"replies":[{"embeddable":true,"href":"https:\/\/www.diocesidicremona.it\/monasterovisitazione\/wp-json\/wp\/v2\/comments?post=9748"}],"version-history":[{"count":7,"href":"https:\/\/www.diocesidicremona.it\/monasterovisitazione\/wp-json\/wp\/v2\/pages\/9748\/revisions"}],"predecessor-version":[{"id":9821,"href":"https:\/\/www.diocesidicremona.it\/monasterovisitazione\/wp-json\/wp\/v2\/pages\/9748\/revisions\/9821"}],"wp:attachment":[{"href":"https:\/\/www.diocesidicremona.it\/monasterovisitazione\/wp-json\/wp\/v2\/media?parent=9748"}],"curies":[{"name":"wp","href":"https:\/\/api.w.org\/{rel}","templated":true}]}}