{"id":44,"date":"2015-08-01T09:20:24","date_gmt":"2015-08-01T07:20:24","guid":{"rendered":"https:\/\/www.diocesidicremona.it\/monasterovisitazione\/?page_id=44"},"modified":"2015-09-17T21:44:45","modified_gmt":"2015-09-17T19:44:45","slug":"iv-centenario-della-visitazione","status":"publish","type":"page","link":"https:\/\/www.diocesidicremona.it\/monasterovisitazione\/iv-centenario-della-visitazione\/","title":{"rendered":"IV Centenario della Visitazione"},"content":{"rendered":"<div class=\"pdfprnt-buttons pdfprnt-buttons-page pdfprnt-top-right\"><a href=\"https:\/\/www.diocesidicremona.it\/monasterovisitazione\/wp-json\/wp\/v2\/pages\/44?print=pdf\" class=\"pdfprnt-button pdfprnt-button-pdf\" target=\"_blank\" ><img decoding=\"async\" src=\"https:\/\/www.diocesidicremona.it\/monasterovisitazione\/wp-content\/plugins\/pdf-print\/images\/pdf.png\" alt=\"image_pdf\" title=\"Visualizza PDF\" \/><\/a><a href=\"https:\/\/www.diocesidicremona.it\/monasterovisitazione\/wp-json\/wp\/v2\/pages\/44?print=print\" class=\"pdfprnt-button pdfprnt-button-print\" target=\"_blank\" ><img decoding=\"async\" src=\"https:\/\/www.diocesidicremona.it\/monasterovisitazione\/wp-content\/plugins\/pdf-print\/images\/print.png\" alt=\"image_print\" title=\"Stampa contenuto\" \/><\/a><\/div><h3 style=\"text-align: center\"><em><strong>6 giugno 1610 &#8211; 6 giugno 2010<\/strong><\/em><br \/>\n<em><strong> IV Centenario dell&#8217;Ordine<\/strong><\/em><\/h3>\n<p style=\"text-align: justify\">&#8220;Un giorno Francesco di Sales, trovandosi solo nella cappella del castello di Thorens, immerso in profonda meditazione, fu improvvisamente rapito in estasi; gli fu mostrato che avrebbe fondato un Ordine di religiose e ne vide la propagazione sotto il simbolo di un albero piantato in fondo a una valle, il quale, alzandosi al di sopra dei monti, stendeva i suoi rami per tutto il mondo&#8221; (Hamon, Vita di S. Francesco di Sales).<\/p>\n<p style=\"text-align: justify\">Una profezia, oggi una realt\u00e0: quattrocento anni di cammino. Dal 6 giugno del 1610, giorno in cui la solennit\u00e0 della SS. Trinit\u00e0 illuminava l&#8217;inizio della nuova Famiglia religiosa, la silenziosa avanzata delle Visitandine ha percorso strade ed epoche in tutte le stagioni, prospere o avverse, con umile e intrepido coraggio, senza soste, custodendo l&#8217;unit\u00e0 che lega i monasteri &#8220;come anelli di una catena al primo monastero (quello di Annecy) che li tiene uniti tutti insieme&#8221; (G. de Chantal).<img loading=\"lazy\" decoding=\"async\" class=\"aligncenter wp-image-362 size-medium\" src=\"https:\/\/www.diocesidicremona.it\/monasterovisitazione\/wp-content\/uploads\/sites\/4\/2015\/08\/Fondatori-198x300.jpg\" alt=\"Fondatori\" width=\"198\" height=\"300\" srcset=\"https:\/\/www.diocesidicremona.it\/monasterovisitazione\/wp-content\/uploads\/sites\/4\/2015\/08\/Fondatori-198x300.jpg 198w, https:\/\/www.diocesidicremona.it\/monasterovisitazione\/wp-content\/uploads\/sites\/4\/2015\/08\/Fondatori-185x280.jpg 185w, https:\/\/www.diocesidicremona.it\/monasterovisitazione\/wp-content\/uploads\/sites\/4\/2015\/08\/Fondatori.jpg 250w\" sizes=\"auto, (max-width: 198px) 100vw, 198px\" \/><\/p>\n<p style=\"text-align: justify\">\u00c8 appunto dall&#8217;incontro di queste due anime che ebbe origine l&#8217;umile Congregazione, caratterizzata dall&#8217;impegno incondizionato nella perfezione dell&#8217;amore. &#8220;Il Dio degli incontri&#8221;, come felicemente \u00e8 stato detto, mise sui passi del Vescovo di Ginevra la baronessa di Chantal, giovane vedova intenta alla cura dei quattro figlioletti, ma tormentata dall&#8217;ardente brama di consacrarsi a Dio, abbandonando le preoccupazioni del mondo. In lei l&#8217;uomo di Dio scorgeva la pietra fondamentale su cui edificare l&#8217;opera che da tempo urgeva nel suo spirito. &#8220;Ho trovato a Digione &#8211; disse con indicibile consolazione &#8211; quello che Salomone stentava a rinvenire a Gerusalemme: la donna forte in Madama di Chantal, donna dal cuore vigoroso, capace di amare potentemente&#8221;. Basti pensare a quel drammatico momento in cui comp\u00ec il suo esodo dal mondo varcando la soglia su cui era disteso il figlio per impedirla. Dio la chiamava a divenire madre di figlie secondo una generazione spirituale, accanto a Francesco di Sales, ispiratore del nuovo Istituto. &#8220;Seguite questo cammino, mia cara figlia &#8211; le disse, consegnandole la Regola di vita scritta di suo pugno &#8211; e fatelo seguire a tutte quelle che il Cielo ha destinato per correre sulle vostre orme&#8221;.<\/p>\n<p>&nbsp;<\/p>\n<p style=\"text-align: justify\"><a href=\"https:\/\/www.diocesidicremona.it\/monasterovisitazione\/wp-content\/uploads\/sites\/4\/2015\/08\/S.-Margherita-M.-Alacoque.jpg\" data-rel=\"lightbox-image-0\" data-rl_title=\"\" data-rl_caption=\"\" title=\"\"><img loading=\"lazy\" decoding=\"async\" class=\" wp-image-363 alignright\" src=\"https:\/\/www.diocesidicremona.it\/monasterovisitazione\/wp-content\/uploads\/sites\/4\/2015\/08\/S.-Margherita-M.-Alacoque-197x300.jpg\" alt=\"S. Margherita M. Alacoque\" width=\"182\" height=\"277\" srcset=\"https:\/\/www.diocesidicremona.it\/monasterovisitazione\/wp-content\/uploads\/sites\/4\/2015\/08\/S.-Margherita-M.-Alacoque-197x300.jpg 197w, https:\/\/www.diocesidicremona.it\/monasterovisitazione\/wp-content\/uploads\/sites\/4\/2015\/08\/S.-Margherita-M.-Alacoque-184x280.jpg 184w, https:\/\/www.diocesidicremona.it\/monasterovisitazione\/wp-content\/uploads\/sites\/4\/2015\/08\/S.-Margherita-M.-Alacoque.jpg 230w\" sizes=\"auto, (max-width: 182px) 100vw, 182px\" \/><\/a><\/p>\n<p style=\"text-align: justify\">Il segreto dell&#8217;irradiamento di un Ordine, che nel pensiero del Fondatore era &#8220;il pi\u00f9 piccolo, l&#8217;ultimo, simile a una povera e innocente colombaia di caste colombe che hanno solo cura di meditare la legge del Signore, restando nascoste nel cavo della roccia&#8221;, si trova nel nascondimento, nell&#8217;umilt\u00e0 e semplicit\u00e0 nella vita comune, a imitazione della casa di Nazareth ove tutto era ordinato unicamente a Dio, e nella mitezza della Regola, praticabile anche dalle persone di gracile costituzione.<\/p>\n<p style=\"text-align: justify\">Le Rivelazioni del Sacro Cuore di Ges\u00f9 e il messaggio affidato a Margherita Maria Alacoque, religiosa della Visitazione di Paray-le-Monial, sono il sigillo di Dio sull&#8217;Ordine della Visitazione.<\/p>\n<p>&nbsp;<\/p>\n<p style=\"text-align: justify\"><a href=\"https:\/\/www.diocesidicremona.it\/monasterovisitazione\/wp-content\/uploads\/sites\/4\/2015\/08\/Stemma-Ordine-Visiatzione.jpg\" data-rel=\"lightbox-image-1\" data-rl_title=\"\" data-rl_caption=\"\" title=\"\"><img loading=\"lazy\" decoding=\"async\" class=\"size-full wp-image-372 alignleft\" src=\"https:\/\/www.diocesidicremona.it\/monasterovisitazione\/wp-content\/uploads\/sites\/4\/2015\/08\/Stemma-Ordine-Visiatzione.jpg\" alt=\"Stemma Ordine Visiatzione\" width=\"189\" height=\"213\" \/><\/a><\/p>\n<p style=\"text-align: justify\">&#8220;La nostra Congregazione \u00e8 veramente opera del Cuore di Ges\u00f9 e di Maria. Il Salvatore morente ci ha generati dalla ferita del suo Sacro Cuore. Bisogner\u00e0 dunque prendere come armi e come stemma il Sacro Divin Cuore trapassato da due frecce, circondato da una corona di spine e sormontato da una croce. Porter\u00e0 incisi i nomi di Ges\u00f9 e di Maria&#8221; (San Francesco di Sales)<\/p>\n<p style=\"text-align: justify\">&#8220;Se le nostre Sorelle saranno fedeli a Dio, esse avranno il Cuore di Ges\u00f9 per dimora e soggiorno in questo mondo e la dimora celeste per eterna abitazione&#8221; (Giovanna di Chantal).<\/p>\n","protected":false},"excerpt":{"rendered":"<p>6 giugno 1610 &#8211; 6 giugno 2010 IV Centenario dell&#8217;Ordine &#8220;Un giorno Francesco di Sales, trovandosi solo nella cappella del castello di Thorens, immerso in profonda meditazione, fu improvvisamente rapito in estasi; gli fu mostrato che avrebbe fondato un Ordine di religiose e ne vide la propagazione sotto il simbolo di un albero piantato in &hellip; <a href=\"https:\/\/www.diocesidicremona.it\/monasterovisitazione\/iv-centenario-della-visitazione\/\" class=\"more-link\">Continue reading <span class=\"screen-reader-text\">IV Centenario della Visitazione<\/span> <span class=\"meta-nav\">&raquo;<\/span><\/a><\/p>\n","protected":false},"author":6,"featured_media":0,"parent":0,"menu_order":0,"comment_status":"closed","ping_status":"open","template":"","meta":{"_acf_changed":false,"ip_address":"","user_agent":"","level":"","revision":"","cookie_id":"","page_referer":"","html_form":"","footnotes":"","_links_to":"","_links_to_target":""},"class_list":["post-44","page","type-page","status-publish","hentry"],"acf":[],"_links":{"self":[{"href":"https:\/\/www.diocesidicremona.it\/monasterovisitazione\/wp-json\/wp\/v2\/pages\/44","targetHints":{"allow":["GET"]}}],"collection":[{"href":"https:\/\/www.diocesidicremona.it\/monasterovisitazione\/wp-json\/wp\/v2\/pages"}],"about":[{"href":"https:\/\/www.diocesidicremona.it\/monasterovisitazione\/wp-json\/wp\/v2\/types\/page"}],"author":[{"embeddable":true,"href":"https:\/\/www.diocesidicremona.it\/monasterovisitazione\/wp-json\/wp\/v2\/users\/6"}],"replies":[{"embeddable":true,"href":"https:\/\/www.diocesidicremona.it\/monasterovisitazione\/wp-json\/wp\/v2\/comments?post=44"}],"version-history":[{"count":0,"href":"https:\/\/www.diocesidicremona.it\/monasterovisitazione\/wp-json\/wp\/v2\/pages\/44\/revisions"}],"wp:attachment":[{"href":"https:\/\/www.diocesidicremona.it\/monasterovisitazione\/wp-json\/wp\/v2\/media?parent=44"}],"curies":[{"name":"wp","href":"https:\/\/api.w.org\/{rel}","templated":true}]}}