{"id":36,"date":"2015-08-01T09:19:04","date_gmt":"2015-08-01T07:19:04","guid":{"rendered":"https:\/\/www.diocesidicremona.it\/monasterovisitazione\/?page_id=36"},"modified":"2015-09-17T14:48:21","modified_gmt":"2015-09-17T12:48:21","slug":"la-spiritualita-del-fondatore","status":"publish","type":"page","link":"https:\/\/www.diocesidicremona.it\/monasterovisitazione\/la-spiritualita-del-fondatore\/","title":{"rendered":"La spiritualit\u00e0 del Fondatore San Francesco di Sales"},"content":{"rendered":"<div class=\"pdfprnt-buttons pdfprnt-buttons-page pdfprnt-top-right\"><a href=\"https:\/\/www.diocesidicremona.it\/monasterovisitazione\/wp-json\/wp\/v2\/pages\/36?print=pdf\" class=\"pdfprnt-button pdfprnt-button-pdf\" target=\"_blank\" ><img decoding=\"async\" src=\"https:\/\/www.diocesidicremona.it\/monasterovisitazione\/wp-content\/plugins\/pdf-print\/images\/pdf.png\" alt=\"image_pdf\" title=\"Visualizza PDF\" \/><\/a><a href=\"https:\/\/www.diocesidicremona.it\/monasterovisitazione\/wp-json\/wp\/v2\/pages\/36?print=print\" class=\"pdfprnt-button pdfprnt-button-print\" target=\"_blank\" ><img decoding=\"async\" src=\"https:\/\/www.diocesidicremona.it\/monasterovisitazione\/wp-content\/plugins\/pdf-print\/images\/print.png\" alt=\"image_print\" title=\"Stampa contenuto\" \/><\/a><\/div><p style=\"text-align: center\"><em>Viva + Ges\u00f9<\/em><\/p>\n<p style=\"text-align: justify\">La spiritualit\u00e0 di san Francesco di Sales si pu\u00f2 sintetizzare cos\u00ec: una perfetta semplicit\u00e0 interiore, intessuta di profonda umilt\u00e0 verso Dio e di grande dolcezza verso il prossimo.<\/p>\n<p style=\"text-align: justify\">Semplicit\u00e0, intesa come un guardare dritto a Dio, un non avere altra mira in tutte le azioni che il solo desiderio di piacere a Lui, senza mescolanza di proprio interesse.<\/p>\n<p style=\"text-align: justify\">Umilt\u00e0 verso Dio: che \u00e8 un attuare la parola evangelica del \u201cdiventare come bambini\u201d per poter entrare nel Regno dei cieli. Dolcezza verso il prossimo: che, secondo una felice espressione, \u00e8 \u201cil sorriso\u201d fraterno di un cuore che nello sguardo di fede sa sempre vedere negli altri il volto di Dio.<\/p>\n<p style=\"text-align: justify\">Una spiritualit\u00e0, quella di san Francesco di Sales, che punta all\u2019essenziale della vita cristiana, la quale \u00e8 fondata sull\u2019amore, avendo come legge fondamentale il comandamento dell\u2019amore verso Dio, inseparabilmente unito all\u2019amore verso il prossimo.<\/p>\n<p style=\"text-align: justify\">Proprio mettendo l\u2019accento sull\u2019assoluto primato dell\u2019amore, egli ha potuto aprire l\u2019accesso alla santit\u00e0 a ogni categoria di persone, come ha insegnato nel suo famoso libro \u201cIntroduzione alla vita devota\u201d, e ha potuto aprire l\u2019accesso alla vita monastica anche a persone di gracile complessione fisica, impedite quindi di sostenere le rigorose penitenze corporali che erano in vigore nei monasteri della sua epoca.<\/p>\n<p style=\"text-align: justify\">Le Regole di vita che il nostro santo Fondatore ci ha date, ci propongono di vivere il Vangelo appunto secondo questa spiritualit\u00e0; quindi:<\/p>\n<ol>\n<li>tendere continuamente all\u2019unit\u00e0 con Dio, puntando non sulle austerit\u00e0 esteriori, ma sulle mortificazioni interiori;<\/li>\n<li>fare ogni cosa in spirito di profonda, sincera e schietta umilt\u00e0, ponendo un&#8217;attenzione particolare alla pratica di questa virt\u00f9;<\/li>\n<li>praticare nei rapporti con il prossimo una grande dolcezza, come a dire: non soltanto una carit\u00e0 ordinaria, ma la quintessenza della carit\u00e0 fraterna, poich\u00e9 la dolcezza, una inalterabile dolcezza, \u00e8 il fiore della carit\u00e0, il fiore pi\u00f9 bello e in un certo modo il pi\u00f9 costoso per il costante superamento di s\u00e9 che richiede.<\/li>\n<\/ol>\n<p style=\"text-align: center\"><em>Dio sia benedetto<\/em><\/p>\n<p style=\"text-align: center\"><img loading=\"lazy\" decoding=\"async\" class=\"aligncenter wp-image-337 size-full\" src=\"https:\/\/www.diocesidicremona.it\/monasterovisitazione\/wp-content\/uploads\/sites\/4\/2015\/08\/San-Francesco-di-Sales.jpg\" alt=\"San Francesco di Sales\" width=\"182\" height=\"242\" \/><\/p>\n","protected":false},"excerpt":{"rendered":"<p>Viva + Ges\u00f9 La spiritualit\u00e0 di san Francesco di Sales si pu\u00f2 sintetizzare cos\u00ec: una perfetta semplicit\u00e0 interiore, intessuta di profonda umilt\u00e0 verso Dio e di grande dolcezza verso il prossimo. Semplicit\u00e0, intesa come un guardare dritto a Dio, un non avere altra mira in tutte le azioni che il solo desiderio di piacere a &hellip; <a href=\"https:\/\/www.diocesidicremona.it\/monasterovisitazione\/la-spiritualita-del-fondatore\/\" class=\"more-link\">Continue reading <span class=\"screen-reader-text\">La spiritualit\u00e0 del Fondatore San Francesco di Sales<\/span> <span class=\"meta-nav\">&raquo;<\/span><\/a><\/p>\n","protected":false},"author":6,"featured_media":0,"parent":0,"menu_order":0,"comment_status":"closed","ping_status":"open","template":"","meta":{"_acf_changed":false,"ip_address":"","user_agent":"","level":"","revision":"","cookie_id":"","page_referer":"","html_form":"","footnotes":"","_links_to":"","_links_to_target":""},"class_list":["post-36","page","type-page","status-publish","hentry"],"acf":[],"_links":{"self":[{"href":"https:\/\/www.diocesidicremona.it\/monasterovisitazione\/wp-json\/wp\/v2\/pages\/36","targetHints":{"allow":["GET"]}}],"collection":[{"href":"https:\/\/www.diocesidicremona.it\/monasterovisitazione\/wp-json\/wp\/v2\/pages"}],"about":[{"href":"https:\/\/www.diocesidicremona.it\/monasterovisitazione\/wp-json\/wp\/v2\/types\/page"}],"author":[{"embeddable":true,"href":"https:\/\/www.diocesidicremona.it\/monasterovisitazione\/wp-json\/wp\/v2\/users\/6"}],"replies":[{"embeddable":true,"href":"https:\/\/www.diocesidicremona.it\/monasterovisitazione\/wp-json\/wp\/v2\/comments?post=36"}],"version-history":[{"count":0,"href":"https:\/\/www.diocesidicremona.it\/monasterovisitazione\/wp-json\/wp\/v2\/pages\/36\/revisions"}],"wp:attachment":[{"href":"https:\/\/www.diocesidicremona.it\/monasterovisitazione\/wp-json\/wp\/v2\/media?parent=36"}],"curies":[{"name":"wp","href":"https:\/\/api.w.org\/{rel}","templated":true}]}}