{"id":34,"date":"2015-08-01T09:18:41","date_gmt":"2015-08-01T07:18:41","guid":{"rendered":"https:\/\/www.diocesidicremona.it\/monasterovisitazione\/?page_id=34"},"modified":"2015-09-08T15:24:45","modified_gmt":"2015-09-08T13:24:45","slug":"il-nostro-carisma","status":"publish","type":"page","link":"https:\/\/www.diocesidicremona.it\/monasterovisitazione\/il-nostro-carisma\/","title":{"rendered":"Il nostro carisma"},"content":{"rendered":"<div class=\"pdfprnt-buttons pdfprnt-buttons-page pdfprnt-top-right\"><a href=\"https:\/\/www.diocesidicremona.it\/monasterovisitazione\/wp-json\/wp\/v2\/pages\/34?print=pdf\" class=\"pdfprnt-button pdfprnt-button-pdf\" target=\"_blank\" ><img decoding=\"async\" src=\"https:\/\/www.diocesidicremona.it\/monasterovisitazione\/wp-content\/plugins\/pdf-print\/images\/pdf.png\" alt=\"image_pdf\" title=\"Visualizza PDF\" \/><\/a><a href=\"https:\/\/www.diocesidicremona.it\/monasterovisitazione\/wp-json\/wp\/v2\/pages\/34?print=print\" class=\"pdfprnt-button pdfprnt-button-print\" target=\"_blank\" ><img decoding=\"async\" src=\"https:\/\/www.diocesidicremona.it\/monasterovisitazione\/wp-content\/plugins\/pdf-print\/images\/print.png\" alt=\"image_print\" title=\"Stampa contenuto\" \/><\/a><\/div><p style=\"text-align: justify\">Il carisma della Visitazione \u00e8 vivere il Vangelo secondo lo spirito dei fondatori, san Francesco di Sales e santa Giovanna Francesca Fr\u00e9myot de Chantal, le cui caratteristiche si possono sintetizzare essenzialmente in tre punti:<\/p>\n<ul>\n<li style=\"text-align: justify\">uno spirito che cerca Dio solo e tende continuamente all&#8217;unione con Lui, indipendente da tutto, fuorch\u00e9 dal beneplacito divino;<\/li>\n<li style=\"text-align: justify\">uno spirito di profonda umilt\u00e0 verso Dio e di grande dolcezza verso il prossimo;<\/li>\n<li style=\"text-align: justify\">uno spirito che, non mettendo l&#8217;accento sulle austerit\u00e0 esteriori, impegna le sorelle a supplirvi con la rinuncia interiore, con una grande semplicit\u00e0 e gioia nella vita comune.<\/li>\n<\/ul>\n<p style=\"text-align: justify\">La Visitandina tende alla perfezione del divino amore con questa modalit\u00e0 particolare: ardentemente ma con pace, diligentemente ma con abbandono fiducioso, cio\u00e8 appoggiandosi pi\u00f9 sulla bont\u00e0 di Dio e sulla sua Provvidenza che su se stessa e sulle sue opere.<\/p>\n<p style=\"text-align: justify\">Vita d&#8217;amore quella che la Visitandina \u00e8 chiamata a vivere, vita quindi essenzialmente felice, poich\u00e9 l&#8217;amore rende felici: le Sorelle infatti cercano di trasfigurare in gioia sempre pi\u00f9 piena la realt\u00e0 quotidiana.<\/p>\n<p style=\"text-align: justify\">E insieme vita esigente, poich\u00e9 l&#8217;amore \u00e8 geloso; si attua, difatti, attraverso quello che \u00e8 stato definito un &#8220;eroismo sorridente&#8221;, attento alle pi\u00f9 piccole sfumature della perfezione, nella consapevolezza che non c&#8217;\u00e8 niente di indifferente per chi ama.<\/p>\n<p style=\"text-align: justify\">In tal modo la Visitandina pu\u00f2 effettivamente realizzare il mistero della Visitazione: possedere Ges\u00f9, come Maria nel suo grembo, e offrirlo al mondo con una &#8220;segreta fecondit\u00e0 apostolica&#8221;.<\/p>\n<p style=\"text-align: center\">Dio sia benedetto<\/p>\n<p style=\"text-align: center\">\n<p style=\"text-align: center\"><img loading=\"lazy\" decoding=\"async\" class=\"aligncenter wp-image-104 size-medium\" src=\"https:\/\/www.diocesidicremona.it\/monasterovisitazione\/wp-content\/uploads\/sites\/4\/2015\/08\/Consegna-delle-regole-216x300.jpg\" alt=\"Consegna delle regole\" width=\"216\" height=\"300\" srcset=\"https:\/\/www.diocesidicremona.it\/monasterovisitazione\/wp-content\/uploads\/sites\/4\/2015\/08\/Consegna-delle-regole-216x300.jpg 216w, https:\/\/www.diocesidicremona.it\/monasterovisitazione\/wp-content\/uploads\/sites\/4\/2015\/08\/Consegna-delle-regole-201x280.jpg 201w, https:\/\/www.diocesidicremona.it\/monasterovisitazione\/wp-content\/uploads\/sites\/4\/2015\/08\/Consegna-delle-regole.jpg 220w\" sizes=\"auto, (max-width: 216px) 100vw, 216px\" \/><\/p>\n","protected":false},"excerpt":{"rendered":"<p>Il carisma della Visitazione \u00e8 vivere il Vangelo secondo lo spirito dei fondatori, san Francesco di Sales e santa Giovanna Francesca Fr\u00e9myot de Chantal, le cui caratteristiche si possono sintetizzare essenzialmente in tre punti: uno spirito che cerca Dio solo e tende continuamente all&#8217;unione con Lui, indipendente da tutto, fuorch\u00e9 dal beneplacito divino; uno spirito &hellip; <a href=\"https:\/\/www.diocesidicremona.it\/monasterovisitazione\/il-nostro-carisma\/\" class=\"more-link\">Continue reading <span class=\"screen-reader-text\">Il nostro carisma<\/span> <span class=\"meta-nav\">&raquo;<\/span><\/a><\/p>\n","protected":false},"author":6,"featured_media":0,"parent":0,"menu_order":0,"comment_status":"closed","ping_status":"open","template":"","meta":{"_acf_changed":false,"ip_address":"","user_agent":"","level":"","revision":"","cookie_id":"","page_referer":"","html_form":"","footnotes":"","_links_to":"","_links_to_target":""},"class_list":["post-34","page","type-page","status-publish","hentry"],"acf":[],"_links":{"self":[{"href":"https:\/\/www.diocesidicremona.it\/monasterovisitazione\/wp-json\/wp\/v2\/pages\/34","targetHints":{"allow":["GET"]}}],"collection":[{"href":"https:\/\/www.diocesidicremona.it\/monasterovisitazione\/wp-json\/wp\/v2\/pages"}],"about":[{"href":"https:\/\/www.diocesidicremona.it\/monasterovisitazione\/wp-json\/wp\/v2\/types\/page"}],"author":[{"embeddable":true,"href":"https:\/\/www.diocesidicremona.it\/monasterovisitazione\/wp-json\/wp\/v2\/users\/6"}],"replies":[{"embeddable":true,"href":"https:\/\/www.diocesidicremona.it\/monasterovisitazione\/wp-json\/wp\/v2\/comments?post=34"}],"version-history":[{"count":0,"href":"https:\/\/www.diocesidicremona.it\/monasterovisitazione\/wp-json\/wp\/v2\/pages\/34\/revisions"}],"wp:attachment":[{"href":"https:\/\/www.diocesidicremona.it\/monasterovisitazione\/wp-json\/wp\/v2\/media?parent=34"}],"curies":[{"name":"wp","href":"https:\/\/api.w.org\/{rel}","templated":true}]}}