{"id":2393,"date":"2020-01-21T22:25:12","date_gmt":"2020-01-21T21:25:12","guid":{"rendered":"https:\/\/www.diocesidicremona.it\/monasterovisitazione\/?page_id=2393"},"modified":"2020-01-21T22:33:29","modified_gmt":"2020-01-21T21:33:29","slug":"un-anno-santo-per-il-monastero-della-visitazione-di-soresina-nel-centesimo-anniversario-della-canonizzazione-di-santa-margherita-maria-alacoque-apostola-del-sacro-cuore-a-tutti-coloro-che-varcherann","status":"publish","type":"page","link":"https:\/\/www.diocesidicremona.it\/monasterovisitazione\/un-anno-santo-per-il-monastero-della-visitazione-di-soresina-nel-centesimo-anniversario-della-canonizzazione-di-santa-margherita-maria-alacoque-apostola-del-sacro-cuore-a-tutti-coloro-che-varcherann\/","title":{"rendered":"Un anno santo per il monastero della Visitazione di Soresina!"},"content":{"rendered":"<div class=\"pdfprnt-buttons pdfprnt-buttons-page pdfprnt-top-right\"><a href=\"https:\/\/www.diocesidicremona.it\/monasterovisitazione\/wp-json\/wp\/v2\/pages\/2393?print=pdf\" class=\"pdfprnt-button pdfprnt-button-pdf\" target=\"_blank\" ><img decoding=\"async\" src=\"https:\/\/www.diocesidicremona.it\/monasterovisitazione\/wp-content\/plugins\/pdf-print\/images\/pdf.png\" alt=\"image_pdf\" title=\"Visualizza PDF\" \/><\/a><a href=\"https:\/\/www.diocesidicremona.it\/monasterovisitazione\/wp-json\/wp\/v2\/pages\/2393?print=print\" class=\"pdfprnt-button pdfprnt-button-print\" target=\"_blank\" ><img decoding=\"async\" src=\"https:\/\/www.diocesidicremona.it\/monasterovisitazione\/wp-content\/plugins\/pdf-print\/images\/print.png\" alt=\"image_print\" title=\"Stampa contenuto\" \/><\/a><\/div><p><strong>Un anno santo per il monastero della Visitazione di Soresina nel centesimo anniversario della canonizzazione di santa Margherita Maria Alacoque, apostola del Sacro Cuore.<\/strong><\/p>\n<p><strong>A tutti coloro che varcheranno la porta delle chiese dei monasteri visitandini, tra cui quello soresinese, \u00e8 accordata la grazia di una indulgenza plenaria <\/strong><!--more--><\/p>\n<p>Santa Margherita Maria Alacoque fu colei che, con la parola e soprattutto con le numerose lettere che contengono l&#8217;essenza della sua dottrina mistico-teologica sul sacro Cuore di Ges\u00f9, ne propag\u00f2 la devozione.<\/p>\n<p>Nata a Lautecour (Autun) il 22 luglio 1647, ancora giovanissima si consacr\u00f2 a Dio con il voto di perpetua castit\u00e0.<\/p>\n<p>Venne educata fra le Clarisse urbaniste di Charolles e da allora mostr\u00f2 spiccata tendenza per la cita contemplativa.<\/p>\n<p>A ventitr\u00e9 anni entr\u00f2 nel monastero della Visitazione di Paray-le-Monial, emettendo la professione religiosa il 6 novembre 1672. Fu modello fra le consorelle di umilt\u00e0 e obbedienza. Copr\u00ec successivamente le cariche di assistente e maestra delle novizie.<\/p>\n<p>Dal 1673 al 1689 ebbe le rivelazioni particolarmente sulla devozione al Sacro Cuore di Ges\u00f9.<\/p>\n<p>Un giorno Egli le mostr\u00f2 il suo Cuore acceso di fiamme e circondato di spine e le disse: \u00abEcco quel Cuore che ha tanto amato gli uomini e dai quali non riceve che ingratitudine\u00bb. E ancora: \u00abCerco una vittima per il mio Cuore\u00bb. Ella risponde, scrivendo con il proprio sangue, un atto di completa dedizione.<\/p>\n<p>In una delle quattro rivelazioni pi\u00f9 importanti, Ges\u00f9 le affida la nuova missione di \u00abApostola del Sacro Cuore\u00bb, e le indica le due principali devozioni: la Comunione riparatrice al primo venerd\u00ec di ogni mese e l&#8217;ora santa nella notte tra il gioved\u00ec e il venerd\u00ec.<\/p>\n<p>Nel 1675, insistendo sugli oltraggi e ingratitudini degli uomini, particolarmente delle anime consacrate, Ges\u00f9 le chiese la celebrazione di una festa annuale in onore del suo Sacro Cuore, nel venerd\u00ec che segue l&#8217;ottava del Corpus Domini.<\/p>\n<p>La Santa lavor\u00f2 molto per introdurre il culto, aiutata dal suo direttore spirituale il beato Claudio de la Colombi\u00e8re, gesuita.<\/p>\n<p>Dopo molte sofferenze, dal 1686 in poi, ebbe la gioia di vedere i primi trionfi del Sacro Cuore.<\/p>\n<p>Santa Margherita Maria mor\u00ec serenamente, pronunciando il nome di Ges\u00f9 il 17 ottobre 1690. <strong>Fu canonizzata il 13 maggio 1920 da Benedetto XV<\/strong> e nel 1929 Pio XI estese la sua memoria alla Chiesa universale.<\/p>\n<p>Nostro Signore stesso la fece erede di tutti i tesori del suo Cuore con queste memorandi parole:<\/p>\n<p>\u00abTi costituisco erede del mio Cuore e di tutti i suoi tesori nel tempo e per l&#8217;eternit\u00e0, permettendoti di disporne secondo i tuoi desideri; ti prometto che non mancherai di soccorso se non quando il mio Cuore mancher\u00e0 di potenza.\u00bb<\/p>\n<p><img loading=\"lazy\" decoding=\"async\" class=\"aligncenter size-medium wp-image-2389\" src=\"https:\/\/www.diocesidicremona.it\/monasterovisitazione\/wp-content\/uploads\/sites\/4\/2020\/01\/Santa-Margherita-Maria-Alacoque-2020-300x206.jpg\" alt=\"\" width=\"300\" height=\"206\" srcset=\"https:\/\/www.diocesidicremona.it\/monasterovisitazione\/wp-content\/uploads\/sites\/4\/2020\/01\/Santa-Margherita-Maria-Alacoque-2020-300x206.jpg 300w, https:\/\/www.diocesidicremona.it\/monasterovisitazione\/wp-content\/uploads\/sites\/4\/2020\/01\/Santa-Margherita-Maria-Alacoque-2020-360x248.jpg 360w, https:\/\/www.diocesidicremona.it\/monasterovisitazione\/wp-content\/uploads\/sites\/4\/2020\/01\/Santa-Margherita-Maria-Alacoque-2020.jpg 439w\" sizes=\"auto, (max-width: 300px) 100vw, 300px\" \/><\/p>\n<p><a href=\"https:\/\/www.diocesidicremona.it\/monasterovisitazione\/2019\/10\/18\/al-monastero-di-soresina-aperto-dal-vescovo-emerito-lafranconi-lanno-giubilare-visitandino\/\">Al Monastero di Soresina aperto dal vescovo emerito Lafranconi l\u2019Anno giubilare visitandino<\/a> \u00a0 <em>(articolo apertura Anno Giubilare)<\/em><\/p>\n","protected":false},"excerpt":{"rendered":"<p>Un anno santo per il monastero della Visitazione di Soresina nel centesimo anniversario della canonizzazione di santa Margherita Maria Alacoque, apostola del Sacro Cuore. A tutti coloro che varcheranno la porta delle chiese dei monasteri visitandini, tra cui quello soresinese, \u00e8 accordata la grazia di una indulgenza plenaria<\/p>\n","protected":false},"author":10,"featured_media":0,"parent":0,"menu_order":0,"comment_status":"closed","ping_status":"closed","template":"","meta":{"_acf_changed":false,"ip_address":"","user_agent":"","level":"","revision":"","cookie_id":"","page_referer":"","html_form":"","footnotes":"","_links_to":"","_links_to_target":""},"class_list":["post-2393","page","type-page","status-publish","hentry"],"acf":[],"_links":{"self":[{"href":"https:\/\/www.diocesidicremona.it\/monasterovisitazione\/wp-json\/wp\/v2\/pages\/2393","targetHints":{"allow":["GET"]}}],"collection":[{"href":"https:\/\/www.diocesidicremona.it\/monasterovisitazione\/wp-json\/wp\/v2\/pages"}],"about":[{"href":"https:\/\/www.diocesidicremona.it\/monasterovisitazione\/wp-json\/wp\/v2\/types\/page"}],"author":[{"embeddable":true,"href":"https:\/\/www.diocesidicremona.it\/monasterovisitazione\/wp-json\/wp\/v2\/users\/10"}],"replies":[{"embeddable":true,"href":"https:\/\/www.diocesidicremona.it\/monasterovisitazione\/wp-json\/wp\/v2\/comments?post=2393"}],"version-history":[{"count":4,"href":"https:\/\/www.diocesidicremona.it\/monasterovisitazione\/wp-json\/wp\/v2\/pages\/2393\/revisions"}],"predecessor-version":[{"id":2402,"href":"https:\/\/www.diocesidicremona.it\/monasterovisitazione\/wp-json\/wp\/v2\/pages\/2393\/revisions\/2402"}],"wp:attachment":[{"href":"https:\/\/www.diocesidicremona.it\/monasterovisitazione\/wp-json\/wp\/v2\/media?parent=2393"}],"curies":[{"name":"wp","href":"https:\/\/api.w.org\/{rel}","templated":true}]}}