{"id":10045,"date":"2025-12-11T23:34:19","date_gmt":"2025-12-11T22:34:19","guid":{"rendered":"https:\/\/www.diocesidicremona.it\/monasterovisitazione\/?page_id=10045"},"modified":"2025-12-11T23:43:00","modified_gmt":"2025-12-11T22:43:00","slug":"la-spiritualita-di-santa-giovanna-francesca-de-chantal","status":"publish","type":"page","link":"https:\/\/www.diocesidicremona.it\/monasterovisitazione\/la-spiritualita-di-santa-giovanna-francesca-de-chantal\/","title":{"rendered":"La spiritualit\u00e0 di Santa Giovanna Francesca de Chantal"},"content":{"rendered":"<div class=\"pdfprnt-buttons pdfprnt-buttons-page pdfprnt-top-right\"><a href=\"https:\/\/www.diocesidicremona.it\/monasterovisitazione\/wp-json\/wp\/v2\/pages\/10045?print=pdf\" class=\"pdfprnt-button pdfprnt-button-pdf\" target=\"_blank\" ><img decoding=\"async\" src=\"https:\/\/www.diocesidicremona.it\/monasterovisitazione\/wp-content\/plugins\/pdf-print\/images\/pdf.png\" alt=\"image_pdf\" title=\"Visualizza PDF\" \/><\/a><a href=\"https:\/\/www.diocesidicremona.it\/monasterovisitazione\/wp-json\/wp\/v2\/pages\/10045?print=print\" class=\"pdfprnt-button pdfprnt-button-print\" target=\"_blank\" ><img decoding=\"async\" src=\"https:\/\/www.diocesidicremona.it\/monasterovisitazione\/wp-content\/plugins\/pdf-print\/images\/print.png\" alt=\"image_print\" title=\"Stampa contenuto\" \/><\/a><\/div><p style=\"text-align: center;\"><em>Viva + Ges\u00f9<\/em><\/p>\n<p><strong>13 dicembre anniversario di Santa Giovanna Francesca<\/strong><\/p>\n<p>Quest\u2019anno, il 2025, nel giorno di Santa Lucia, ricorre il 384^ anniversario della morte di Santa Giovanna Francesca di Chantal che \u00e8 spirata all\u2019et\u00e0 di 69 anni il 13 dicembre 1641, 31 anni dopo aver fondato con San Francesco di Sales l\u2019Ordine della Visitazione.<!--more--><\/p>\n<p>Perch\u00e9 allora la sua memoria liturgica si celebra il 12 agosto?<\/p>\n<p>Quando, il 21 novembre 1751, Papa Benedetto XIV beatific\u00f2 la fondatrice non poteva fissarne la memoria il 13 dicembre, cio\u00e8 come da tradizione il giorno della morte (detto \u201c<em>dies natalis<\/em>\u201d giorno della nascita al cielo), perch\u00e9 gi\u00e0 occupato dalla pi\u00f9 famosa Santa Lucia.<\/p>\n<p>Tocc\u00f2 al suo successore, Clemente XIII, solo 16 anni dopo, il 16 luglio 1767, canonizzare Santa Giovanna Francesca con memoria liturgica fissata al 21 agosto.<\/p>\n<p>E cos\u00ec rimase fino al 1969 quando, con la prima riforma liturgica, voluta dal Concilio Vaticano II, la memoria fu spostata al 12 dicembre, cio\u00e8 nel giorno della vigilia della sua morte.<\/p>\n<p>Una nuova riforma del martirologio romano fu attua nel 2001, sotto il pontificato di Giovanna Paolo II, e la data del 12 dicembre fu scelta per ricordare Nostra Signora di Guadalupe; quindi Santa Giovanna Francesca fu trasferita ancora una volta, ma al 12 agosto e, ormai da 25 anni, in questa data si celebra, presso il Monastero, la solenne memoria liturgica in onore della Santa Fondatrice.<\/p>\n<p>Questi spostamenti di data non sono un\u2019eccezione che riguarda solo la nostra Santa; basti pensare a San Benedetto da Norcia, per secoli ricordato il 21 marzo, giorno della sua morte, ed ora spostato all\u201911 luglio.<\/p>\n<p>Ma le vicissitudini del calendario liturgico non possono cancellare il fatto storico: il 13 dicembre \u00e8 l\u2019anniversario della morte di una donna straordinaria che speriment\u00f2 nella propria vita vicende molto singolari, con animo forte e fede incrollabile.<\/p>\n<p>E\u2019 giovane sposa a vent\u2019anni. Madre di sei figli dei quali quattro viventi allorch\u00e9 resta troppo presto vedova e da sola dirige la casa e governa le propriet\u00e0 del marito, conquistandosi la benevolenza dei sudditi, dei concittadini e soprattutto dei poveri che assiste personalmente.<\/p>\n<p>Quando finalmente pu\u00f2 staccarsi dall\u2019accudire il padre e il burbero suocero, realizza il sogno di seguire San Francesco di Sales nella fondazione del nuovo Ordine della Visitazione, il 6 giugno 1610.<\/p>\n<p>Partono in quattro Sorelle, ma alla morte della Madre, 31 anni dopo, i Monasteri sono gi\u00e0 85, sparsi in Savoia, allora stato indipendente, in Francia, in Italia e in Spagna.<\/p>\n<p>Certamente dietro l\u2019opera dei Santi Fondatori c\u2019era la mano dello Spirito Santo, invisibile, ma concreta, ma c\u2019erano anche (dopo la morte di San Francesco nel 1622), per i rimanenti 19 anni, i ricchi carismi \u201cdella Madre\u201d, perch\u00e9 la capacit\u00e0 \u201cmanageriale\u201d non \u00e8 richiesta solo per le imprese economiche, ma \u00e8 dono necessario anche nelle \u201cimprese spirituali\u201d che durano da 415 anni.<\/p>\n","protected":false},"excerpt":{"rendered":"<p>Viva + Ges\u00f9 13 dicembre anniversario di Santa Giovanna Francesca Quest\u2019anno, il 2025, nel giorno di Santa Lucia, ricorre il 384^ anniversario della morte di Santa Giovanna Francesca di Chantal che \u00e8 spirata all\u2019et\u00e0 di 69 anni il 13 dicembre 1641, 31 anni dopo aver fondato con San Francesco di Sales l\u2019Ordine della Visitazione.<\/p>\n","protected":false},"author":10,"featured_media":10051,"parent":0,"menu_order":0,"comment_status":"closed","ping_status":"closed","template":"","meta":{"_acf_changed":false,"ip_address":"","user_agent":"","level":"","revision":"","cookie_id":"","page_referer":"","html_form":"","footnotes":"","_links_to":"","_links_to_target":""},"class_list":["post-10045","page","type-page","status-publish","has-post-thumbnail","hentry"],"acf":[],"_links":{"self":[{"href":"https:\/\/www.diocesidicremona.it\/monasterovisitazione\/wp-json\/wp\/v2\/pages\/10045","targetHints":{"allow":["GET"]}}],"collection":[{"href":"https:\/\/www.diocesidicremona.it\/monasterovisitazione\/wp-json\/wp\/v2\/pages"}],"about":[{"href":"https:\/\/www.diocesidicremona.it\/monasterovisitazione\/wp-json\/wp\/v2\/types\/page"}],"author":[{"embeddable":true,"href":"https:\/\/www.diocesidicremona.it\/monasterovisitazione\/wp-json\/wp\/v2\/users\/10"}],"replies":[{"embeddable":true,"href":"https:\/\/www.diocesidicremona.it\/monasterovisitazione\/wp-json\/wp\/v2\/comments?post=10045"}],"version-history":[{"count":4,"href":"https:\/\/www.diocesidicremona.it\/monasterovisitazione\/wp-json\/wp\/v2\/pages\/10045\/revisions"}],"predecessor-version":[{"id":10053,"href":"https:\/\/www.diocesidicremona.it\/monasterovisitazione\/wp-json\/wp\/v2\/pages\/10045\/revisions\/10053"}],"wp:featuredmedia":[{"embeddable":true,"href":"https:\/\/www.diocesidicremona.it\/monasterovisitazione\/wp-json\/wp\/v2\/media\/10051"}],"wp:attachment":[{"href":"https:\/\/www.diocesidicremona.it\/monasterovisitazione\/wp-json\/wp\/v2\/media?parent=10045"}],"curies":[{"name":"wp","href":"https:\/\/api.w.org\/{rel}","templated":true}]}}