{"id":996,"date":"2020-10-07T17:39:29","date_gmt":"2020-10-07T15:39:29","guid":{"rendered":"https:\/\/www.diocesidicremona.it\/cmdcremona\/?page_id=996"},"modified":"2021-07-29T16:43:09","modified_gmt":"2021-07-29T14:43:09","slug":"cmd","status":"publish","type":"page","link":"https:\/\/www.diocesidicremona.it\/cmdcremona\/cmd\/","title":{"rendered":"CMD"},"content":{"rendered":"<div class=\"pdfprnt-buttons pdfprnt-buttons-page pdfprnt-top-right\"><a href=\"https:\/\/www.diocesidicremona.it\/cmdcremona\/wp-json\/wp\/v2\/pages\/996?print=pdf\" class=\"pdfprnt-button pdfprnt-button-pdf\" target=\"_blank\" ><img decoding=\"async\" src=\"https:\/\/www.diocesidicremona.it\/seminariovescovile\/wp-content\/plugins\/pdf-print\/images\/pdf.png\" alt=\"image_pdf\" title=\"Visualizza PDF\" \/><\/a><a href=\"https:\/\/www.diocesidicremona.it\/cmdcremona\/wp-json\/wp\/v2\/pages\/996?print=print\" class=\"pdfprnt-button pdfprnt-button-print\" target=\"_blank\" ><img decoding=\"async\" src=\"https:\/\/www.diocesidicremona.it\/seminariovescovile\/wp-content\/plugins\/pdf-print\/images\/print.png\" alt=\"image_print\" title=\"Stampa contenuto\" \/><\/a><\/div><p><strong>Ufficio per la Pastorale missionaria e Segretariato per la Cooperazione con le Chiese sorelle<\/strong><\/p>\n<p style=\"text-align: justify;\">L\u2019Ufficio per la pastorale missionaria\u00a0\u00e8 l\u2019organismo che d\u00e0 impulso alla dimensione missionaria della Chiesa e, coadiuvato dalla Commissione per la pastorale missionaria, coordina tutte le attivit\u00e0 missionarie della diocesi.\u00a0Si articola in due sezioni.<\/p>\n<p style=\"text-align: justify;\">Il Centro missionario diocesano,\u00a0coordinato da un Responsabile, che opera in stretto rapporto con il Vescovo e gli organismi diocesani:<\/p>\n<ul>\n<li>si propone di formare una coscienza missionaria in tutte le componenti della comunit\u00e0 diocesana: clero, membri di vita consacrata, laici, gruppi ecclesiali;<\/li>\n<li>si adopera particolarmente perch\u00e9 la dimensione missionaria animi gli organismi operativi della pastorale in diocesi;<\/li>\n<li>promuove la comunione tra i vari organismi che collaborano nell\u2019animazione missionaria della Chiesa particolare;<\/li>\n<li>predispone, ogni anno, il piano di animazione missionaria della diocesi;<\/li>\n<li>include anche le Pontificie Opere Missionarie e ne sostiene tutto l\u2019articolato servizio.<\/li>\n<\/ul>\n<p>Il Segretariato diocesano\u00a0per la cooperazione con le Chiese sorelle,\u00a0affidato a un presbitero in qualit\u00e0 di Responsabile (costituz. sin. 30), che a nome del Vescovo:<\/p>\n<ul>\n<li>sensibilizza la comunit\u00e0 diocesana perch\u00e9 assuma e sostenga, nella corresponsabilit\u00e0 e nello spirito di vera comunione, un servizio di cooperazione con qualche giovane Chiesa sorella, mantenendo, in questo, uno stretto rapporto con il Centro missionario diocesano;<\/li>\n<li>cura strettamente il collegamento della comunit\u00e0 diocesana con i suoi missionari.<\/li>\n<\/ul>\n<p>&nbsp;<\/p>\n<p style=\"text-align: right;\">\n","protected":false},"excerpt":{"rendered":"<p>Ufficio per la Pastorale missionaria e Segretariato per la Cooperazione con le Chiese sorelle L\u2019Ufficio per la pastorale missionaria\u00a0\u00e8 l\u2019organismo che d\u00e0 impulso alla dimensione missionaria della Chiesa e, coadiuvato dalla Commissione per la pastorale missionaria, coordina tutte le attivit\u00e0 missionarie della diocesi.\u00a0Si articola in due sezioni. Il Centro missionario diocesano,\u00a0coordinato da un Responsabile, che &hellip; <a href=\"https:\/\/www.diocesidicremona.it\/cmdcremona\/cmd\/\" class=\"more-link\">Continue reading <span class=\"screen-reader-text\">CMD<\/span> <span class=\"meta-nav\">&raquo;<\/span><\/a><\/p>\n","protected":false},"author":6,"featured_media":0,"parent":0,"menu_order":0,"comment_status":"closed","ping_status":"closed","template":"","meta":{"_acf_changed":false,"ip_address":"","user_agent":"","level":"","revision":"","cookie_id":"","page_referer":"","html_form":"","footnotes":"","_links_to":"","_links_to_target":""},"class_list":["post-996","page","type-page","status-publish","hentry"],"acf":[],"_links":{"self":[{"href":"https:\/\/www.diocesidicremona.it\/cmdcremona\/wp-json\/wp\/v2\/pages\/996","targetHints":{"allow":["GET"]}}],"collection":[{"href":"https:\/\/www.diocesidicremona.it\/cmdcremona\/wp-json\/wp\/v2\/pages"}],"about":[{"href":"https:\/\/www.diocesidicremona.it\/cmdcremona\/wp-json\/wp\/v2\/types\/page"}],"author":[{"embeddable":true,"href":"https:\/\/www.diocesidicremona.it\/cmdcremona\/wp-json\/wp\/v2\/users\/6"}],"replies":[{"embeddable":true,"href":"https:\/\/www.diocesidicremona.it\/cmdcremona\/wp-json\/wp\/v2\/comments?post=996"}],"version-history":[{"count":4,"href":"https:\/\/www.diocesidicremona.it\/cmdcremona\/wp-json\/wp\/v2\/pages\/996\/revisions"}],"predecessor-version":[{"id":1116,"href":"https:\/\/www.diocesidicremona.it\/cmdcremona\/wp-json\/wp\/v2\/pages\/996\/revisions\/1116"}],"wp:attachment":[{"href":"https:\/\/www.diocesidicremona.it\/cmdcremona\/wp-json\/wp\/v2\/media?parent=996"}],"curies":[{"name":"wp","href":"https:\/\/api.w.org\/{rel}","templated":true}]}}