{"id":1018,"date":"2020-10-07T17:45:31","date_gmt":"2020-10-07T15:45:31","guid":{"rendered":"https:\/\/www.diocesidicremona.it\/cmdcremona\/?page_id=1018"},"modified":"2021-02-16T16:08:44","modified_gmt":"2021-02-16T15:08:44","slug":"religiosi","status":"publish","type":"page","link":"https:\/\/www.diocesidicremona.it\/cmdcremona\/religiosi\/","title":{"rendered":"Religiosi"},"content":{"rendered":"<div class=\"pdfprnt-buttons pdfprnt-buttons-page pdfprnt-top-right\"><a href=\"https:\/\/www.diocesidicremona.it\/cmdcremona\/wp-json\/wp\/v2\/pages\/1018?print=pdf\" class=\"pdfprnt-button pdfprnt-button-pdf\" target=\"_blank\" ><img decoding=\"async\" src=\"https:\/\/www.diocesidicremona.it\/seminariovescovile\/wp-content\/plugins\/pdf-print\/images\/pdf.png\" alt=\"image_pdf\" title=\"Visualizza PDF\" \/><\/a><a href=\"https:\/\/www.diocesidicremona.it\/cmdcremona\/wp-json\/wp\/v2\/pages\/1018?print=print\" class=\"pdfprnt-button pdfprnt-button-print\" target=\"_blank\" ><img decoding=\"async\" src=\"https:\/\/www.diocesidicremona.it\/seminariovescovile\/wp-content\/plugins\/pdf-print\/images\/print.png\" alt=\"image_print\" title=\"Stampa contenuto\" \/><\/a><\/div><ul>\n<li>suor Rachele Fassera, comboniana, missionaria a Dubai negli Emirati Arabi<\/li>\n<\/ul>\n<p><a href=\"https:\/\/www.diocesidicremona.it\/cmdcremona\/wp-content\/uploads\/sites\/41\/2021\/02\/unnamed-3.jpg\" data-rel=\"lightbox-image-0\" data-rl_title=\"\" data-rl_caption=\"\" title=\"\"><img loading=\"lazy\" decoding=\"async\" class=\"alignnone wp-image-1087\" src=\"https:\/\/www.diocesidicremona.it\/cmdcremona\/wp-content\/uploads\/sites\/41\/2021\/02\/unnamed-3.jpg\" alt=\"\" width=\"146\" height=\"219\" srcset=\"https:\/\/www.diocesidicremona.it\/cmdcremona\/wp-content\/uploads\/sites\/41\/2021\/02\/unnamed-3.jpg 200w, https:\/\/www.diocesidicremona.it\/cmdcremona\/wp-content\/uploads\/sites\/41\/2021\/02\/unnamed-3-187x280.jpg 187w\" sizes=\"auto, (max-width: 146px) 100vw, 146px\" \/><\/a><\/p>\n<p>Originaria di Stilo de&#8217; Mariani, frazione di Pessina Cremonese, per anni missionaria in Uganda, vicedirettrice della scuola St. Mary&#8217;s college di Aboke nel Nord del paese che la vede protagonista di un fatto eclatante: nell&#8217;ottobre del 1996 un commando di guerriglieri rapisce 140 ragazze della scuola, suor Rachele riesce a rintracciare i guerriglieri e a convincerli a rilasciarne il pi\u00f9 possibile. Da questa storia \u00e8 stato tratto un libro dal titolo &#8220;Girl Soldier&#8221; e un film con protagonista Uma Thurman. Da circa 9 anni suor Rachele si trova a Dubai dove presta servizio in una delle due parrocchie cattoliche frequentata da quasi tutti lavoratori emigrati cattolici.<\/p>\n<p>Ascolta l&#8217;intervista di MissioConnessi a suor Rachele:\u00a0<a href=\"https:\/\/youtu.be\/pRcA-AQPMf0\" data-rel=\"lightbox-video-0\">https:\/\/youtu.be\/pRcA-AQPMf0<\/a><\/p>\n<ul>\n<li>padre Andrea Facchetti<\/li>\n<\/ul>\n<p><a href=\"https:\/\/youtu.be\/pRcA-AQPMf0\" data-rel=\"lightbox-video-1\"><img loading=\"lazy\" decoding=\"async\" class=\"alignnone wp-image-1092\" src=\"https:\/\/www.diocesidicremona.it\/cmdcremona\/wp-content\/uploads\/sites\/41\/2021\/02\/andrea-facchetti-e1553263278471-297x300.jpg\" alt=\"\" width=\"187\" height=\"189\" srcset=\"https:\/\/www.diocesidicremona.it\/cmdcremona\/wp-content\/uploads\/sites\/41\/2021\/02\/andrea-facchetti-e1553263278471-297x300.jpg 297w, https:\/\/www.diocesidicremona.it\/cmdcremona\/wp-content\/uploads\/sites\/41\/2021\/02\/andrea-facchetti-e1553263278471-277x280.jpg 277w, https:\/\/www.diocesidicremona.it\/cmdcremona\/wp-content\/uploads\/sites\/41\/2021\/02\/andrea-facchetti-e1553263278471-45x45.jpg 45w, https:\/\/www.diocesidicremona.it\/cmdcremona\/wp-content\/uploads\/sites\/41\/2021\/02\/andrea-facchetti-e1553263278471.jpg 530w\" sizes=\"auto, (max-width: 187px) 100vw, 187px\" \/><\/a><\/p>\n<p>Nel 2004 \u00e8 entrato nei Missionari Saveriani, terminati gli sudi in Teologia, nel 2011 la professione religiosa perpetua. Dal settembre 2012 vive in Mozambico e gi\u00e0 da diversi anni opera a Chemba, sulle rive dello Zambesi nella povera e secca savana africana.<\/p>\n<p>Ascolta l&#8217;intervista di MissioConnessi:\u00a0<a href=\"https:\/\/youtu.be\/6crD3VV2rpg\" data-rel=\"lightbox-video-2\">https:\/\/youtu.be\/6crD3VV2rpg<\/a><\/p>\n<ul>\n<li>padre Franco Moretti<\/li>\n<\/ul>\n<p><a href=\"https:\/\/www.diocesidicremona.it\/cmdcremona\/wp-content\/uploads\/sites\/41\/2021\/02\/20210216_111638.jpg\" data-rel=\"lightbox-image-1\" data-rl_title=\"\" data-rl_caption=\"\" title=\"\"><img loading=\"lazy\" decoding=\"async\" class=\"alignnone wp-image-1094\" src=\"https:\/\/www.diocesidicremona.it\/cmdcremona\/wp-content\/uploads\/sites\/41\/2021\/02\/20210216_111638-300x197.jpg\" alt=\"\" width=\"250\" height=\"164\" srcset=\"https:\/\/www.diocesidicremona.it\/cmdcremona\/wp-content\/uploads\/sites\/41\/2021\/02\/20210216_111638-300x197.jpg 300w, https:\/\/www.diocesidicremona.it\/cmdcremona\/wp-content\/uploads\/sites\/41\/2021\/02\/20210216_111638-1024x674.jpg 1024w, https:\/\/www.diocesidicremona.it\/cmdcremona\/wp-content\/uploads\/sites\/41\/2021\/02\/20210216_111638-768x505.jpg 768w, https:\/\/www.diocesidicremona.it\/cmdcremona\/wp-content\/uploads\/sites\/41\/2021\/02\/20210216_111638-360x237.jpg 360w, https:\/\/www.diocesidicremona.it\/cmdcremona\/wp-content\/uploads\/sites\/41\/2021\/02\/20210216_111638-1536x1011.jpg 1536w, https:\/\/www.diocesidicremona.it\/cmdcremona\/wp-content\/uploads\/sites\/41\/2021\/02\/20210216_111638-685x451.jpg 685w, https:\/\/www.diocesidicremona.it\/cmdcremona\/wp-content\/uploads\/sites\/41\/2021\/02\/20210216_111638.jpg 1641w\" sizes=\"auto, (max-width: 250px) 100vw, 250px\" \/><\/a><\/p>\n<p>Padre Franco Moretti, originario di Mozzanica, dopo essere enrato nei Comboniani, \u00e8 stato ordinato sacerdote nel 1976, dopo aver studiato filosofia e teologia. Il suo impegno \u00e8 sempre stato tra il giornalismo \u2013 redazione di Nigrizia e della rivista New People \u2013 e la missione \u201csul campo\u201d, in Kenya, Africa.<\/p>\n<p>Ascolta l&#8217;intervista di MissioConnessi:\u00a0<a href=\"https:\/\/youtu.be\/DApdhjcqwnQ\" data-rel=\"lightbox-video-3\">https:\/\/youtu.be\/DApdhjcqwnQ<\/a><\/p>\n<ul>\n<li>suor Bruna Faldi<\/li>\n<\/ul>\n<p><span style=\"color: #000000; font-size: 18px; font-style: italic;\"><a href=\"https:\/\/www.diocesidicremona.it\/cmdcremona\/wp-content\/uploads\/sites\/41\/2021\/02\/20210216_113734-1.jpg\" data-rel=\"lightbox-image-2\" data-rl_title=\"\" data-rl_caption=\"\" title=\"\"><img loading=\"lazy\" decoding=\"async\" class=\"alignnone wp-image-1097\" src=\"https:\/\/www.diocesidicremona.it\/cmdcremona\/wp-content\/uploads\/sites\/41\/2021\/02\/20210216_113734-1-163x300.jpg\" alt=\"\" width=\"111\" height=\"204\" srcset=\"https:\/\/www.diocesidicremona.it\/cmdcremona\/wp-content\/uploads\/sites\/41\/2021\/02\/20210216_113734-1-163x300.jpg 163w, https:\/\/www.diocesidicremona.it\/cmdcremona\/wp-content\/uploads\/sites\/41\/2021\/02\/20210216_113734-1-557x1024.jpg 557w, https:\/\/www.diocesidicremona.it\/cmdcremona\/wp-content\/uploads\/sites\/41\/2021\/02\/20210216_113734-1-768x1412.jpg 768w, https:\/\/www.diocesidicremona.it\/cmdcremona\/wp-content\/uploads\/sites\/41\/2021\/02\/20210216_113734-1-152x280.jpg 152w, https:\/\/www.diocesidicremona.it\/cmdcremona\/wp-content\/uploads\/sites\/41\/2021\/02\/20210216_113734-1-418x768.jpg 418w, https:\/\/www.diocesidicremona.it\/cmdcremona\/wp-content\/uploads\/sites\/41\/2021\/02\/20210216_113734-1-835x1536.jpg 835w, https:\/\/www.diocesidicremona.it\/cmdcremona\/wp-content\/uploads\/sites\/41\/2021\/02\/20210216_113734-1-685x1260.jpg 685w, https:\/\/www.diocesidicremona.it\/cmdcremona\/wp-content\/uploads\/sites\/41\/2021\/02\/20210216_113734-1-1024x1883.jpg 1024w, https:\/\/www.diocesidicremona.it\/cmdcremona\/wp-content\/uploads\/sites\/41\/2021\/02\/20210216_113734-1.jpg 1080w\" sizes=\"auto, (max-width: 111px) 100vw, 111px\" \/><\/a><\/span><\/p>\n<p><span style=\"color: #000000; font-size: 18px;\">Originaria di Pizzighettone, fa parte della famiglia delle Piccole Sorelle del Vangelo, legate allo spirito di Charles de Focauld. Attualmente si trova a Saint-Denis, a Parigi in Francia da dove opera ormai da diversi anni.<\/span><\/p>\n<p>Ascolta l&#8217;intervista di MissioConnessi: <a href=\"https:\/\/youtu.be\/QelqNn3YHuc\" data-rel=\"lightbox-video-4\">https:\/\/youtu.be\/QelqNn3YHuc<\/a><\/p>\n<ul>\n<li>padre Luigi Brioni<\/li>\n<\/ul>\n<p><a href=\"https:\/\/www.diocesidicremona.it\/cmdcremona\/wp-content\/uploads\/sites\/41\/2021\/02\/1397665803497.JPG-.jpg\" data-rel=\"lightbox-image-3\" data-rl_title=\"\" data-rl_caption=\"\" title=\"\"><img loading=\"lazy\" decoding=\"async\" class=\"alignnone wp-image-1099\" src=\"https:\/\/www.diocesidicremona.it\/cmdcremona\/wp-content\/uploads\/sites\/41\/2021\/02\/1397665803497.JPG--201x300.jpg\" alt=\"\" width=\"124\" height=\"185\" srcset=\"https:\/\/www.diocesidicremona.it\/cmdcremona\/wp-content\/uploads\/sites\/41\/2021\/02\/1397665803497.JPG--201x300.jpg 201w, https:\/\/www.diocesidicremona.it\/cmdcremona\/wp-content\/uploads\/sites\/41\/2021\/02\/1397665803497.JPG--188x280.jpg 188w, https:\/\/www.diocesidicremona.it\/cmdcremona\/wp-content\/uploads\/sites\/41\/2021\/02\/1397665803497.JPG-.jpg 300w\" sizes=\"auto, (max-width: 124px) 100vw, 124px\" \/><\/a><\/p>\n<p>Originario di Rivarolo del Re, si trova attualmente a Free Town, in Sierra Leone. <span id=\"more-144191\"><\/span>Formatosi nel Seminario di Cremona prima, presso i Saveriani a Parma poi, \u00e8 stato ordinato sacerdote nel 1961. Dopo una parentesi statunitense, arriva in Sierra Leone nel 1968, dove rimane fino ad oggi.<\/p>\n<p>Ascolta l&#8217;intervista di MissioConnessi:\u00a0<a href=\"https:\/\/youtu.be\/ZuuMzFA9s-4\" data-rel=\"lightbox-video-5\">https:\/\/youtu.be\/ZuuMzFA9s-4<\/a><\/p>\n<ul>\n<li>padre Vittorio Bongiovanni<\/li>\n<\/ul>\n<p><a href=\"https:\/\/www.diocesidicremona.it\/cmdcremona\/wp-content\/uploads\/sites\/41\/2021\/02\/download.jpg\" data-rel=\"lightbox-image-4\" data-rl_title=\"\" data-rl_caption=\"\" title=\"\"><img loading=\"lazy\" decoding=\"async\" class=\"alignnone size-medium wp-image-1103\" src=\"https:\/\/www.diocesidicremona.it\/cmdcremona\/wp-content\/uploads\/sites\/41\/2021\/02\/download-300x168.jpg\" alt=\"\" width=\"300\" height=\"168\" srcset=\"https:\/\/www.diocesidicremona.it\/cmdcremona\/wp-content\/uploads\/sites\/41\/2021\/02\/download-300x168.jpg 300w, https:\/\/www.diocesidicremona.it\/cmdcremona\/wp-content\/uploads\/sites\/41\/2021\/02\/download-360x201.jpg 360w, https:\/\/www.diocesidicremona.it\/cmdcremona\/wp-content\/uploads\/sites\/41\/2021\/02\/download-685x383.jpg 685w, https:\/\/www.diocesidicremona.it\/cmdcremona\/wp-content\/uploads\/sites\/41\/2021\/02\/download.jpg 700w\" sizes=\"auto, (max-width: 300px) 100vw, 300px\" \/><\/a><\/p>\n<p>Nato a Bozzolo (MN) 65 anni fa, dopo aver studiato a Cremona, \u00e8 diventato saveriano il 3 ottobre 1960 e otto anni dopo \u00e8 stato ordinato sacerdote. \u00c8 nipote di un missionario saveriano cremonese, morto in Congo nel 1985: p. Pacifico Fellini. Da pi\u00f9 di 40 anni opera in Sierra Leone, dove risiede attualmente, con una piccola parentesi negli Stati Uniti a Chicago.<\/p>\n<p>Leggi l&#8217;intervista: <a href=\"https:\/\/saveriani.it\/giornale\/archivio-ms\/item\/in-africa-gesu-mi-aspettava-intervista-a-p-v-bongiovanni\">https:\/\/saveriani.it\/giornale\/archivio-ms\/item\/in-africa-gesu-mi-aspettava-intervista-a-p-v-bongiovanni<\/a><\/p>\n<ul>\n<li>padre Claudio Marinoni<\/li>\n<\/ul>\n<p><a href=\"https:\/\/www.diocesidicremona.it\/cmdcremona\/wp-content\/uploads\/sites\/41\/2021\/02\/Screenshot_20210216-152126_WhatsApp.jpg\" data-rel=\"lightbox-image-5\" data-rl_title=\"\" data-rl_caption=\"\" title=\"\"><img loading=\"lazy\" decoding=\"async\" class=\"alignnone wp-image-1106\" src=\"https:\/\/www.diocesidicremona.it\/cmdcremona\/wp-content\/uploads\/sites\/41\/2021\/02\/Screenshot_20210216-152126_WhatsApp-300x300.jpg\" alt=\"\" width=\"164\" height=\"164\" srcset=\"https:\/\/www.diocesidicremona.it\/cmdcremona\/wp-content\/uploads\/sites\/41\/2021\/02\/Screenshot_20210216-152126_WhatsApp-300x300.jpg 300w, https:\/\/www.diocesidicremona.it\/cmdcremona\/wp-content\/uploads\/sites\/41\/2021\/02\/Screenshot_20210216-152126_WhatsApp-1024x1025.jpg 1024w, https:\/\/www.diocesidicremona.it\/cmdcremona\/wp-content\/uploads\/sites\/41\/2021\/02\/Screenshot_20210216-152126_WhatsApp-150x150.jpg 150w, https:\/\/www.diocesidicremona.it\/cmdcremona\/wp-content\/uploads\/sites\/41\/2021\/02\/Screenshot_20210216-152126_WhatsApp-768x769.jpg 768w, https:\/\/www.diocesidicremona.it\/cmdcremona\/wp-content\/uploads\/sites\/41\/2021\/02\/Screenshot_20210216-152126_WhatsApp-200x200.jpg 200w, https:\/\/www.diocesidicremona.it\/cmdcremona\/wp-content\/uploads\/sites\/41\/2021\/02\/Screenshot_20210216-152126_WhatsApp-280x280.jpg 280w, https:\/\/www.diocesidicremona.it\/cmdcremona\/wp-content\/uploads\/sites\/41\/2021\/02\/Screenshot_20210216-152126_WhatsApp-767x768.jpg 767w, https:\/\/www.diocesidicremona.it\/cmdcremona\/wp-content\/uploads\/sites\/41\/2021\/02\/Screenshot_20210216-152126_WhatsApp-685x686.jpg 685w, https:\/\/www.diocesidicremona.it\/cmdcremona\/wp-content\/uploads\/sites\/41\/2021\/02\/Screenshot_20210216-152126_WhatsApp-45x45.jpg 45w, https:\/\/www.diocesidicremona.it\/cmdcremona\/wp-content\/uploads\/sites\/41\/2021\/02\/Screenshot_20210216-152126_WhatsApp.jpg 1079w\" sizes=\"auto, (max-width: 164px) 100vw, 164px\" \/><\/a><\/p>\n<p>Originario di Pizzighettone, \u00e8 sacerdote dal 23 settembre 1979. Ha iniziato la sua esperienza missionaria \u201cad gentes\u201d nel 1983, dopo un breve periodo di studi a Brasilia. Suo compagno di corso \u00e8 stato padre Ezechiele Ramin, assassinato dai fazendeiros nel 1985 e ora in fase di beatificazione. Il suo primo incarico \u00e8 stato nell\u2019estrema periferia di Londrina, una citt\u00e0 di 700mila abitanti nello stato del Paran\u00e0 (Brasile). Qui ha seguito il movimento dei lavoratori senza terra e senza casa. Ha poi trascorso 20 anni nella \u201cperiferia della periferia\u201d della megalopoli di San Paolo. Attualmente si trova a Londrina (Brasile).<\/p>\n<ul>\n<li>padre Matteo Rebecchi<\/li>\n<\/ul>\n<p><a href=\"https:\/\/www.diocesidicremona.it\/cmdcremona\/wp-content\/uploads\/sites\/41\/2021\/02\/Screenshot_20210216-152530_WhatsApp.jpg\" data-rel=\"lightbox-image-6\" data-rl_title=\"\" data-rl_caption=\"\" title=\"\"><img loading=\"lazy\" decoding=\"async\" class=\"alignnone  wp-image-1108\" src=\"https:\/\/www.diocesidicremona.it\/cmdcremona\/wp-content\/uploads\/sites\/41\/2021\/02\/Screenshot_20210216-152530_WhatsApp-300x300.jpg\" alt=\"\" width=\"165\" height=\"165\" srcset=\"https:\/\/www.diocesidicremona.it\/cmdcremona\/wp-content\/uploads\/sites\/41\/2021\/02\/Screenshot_20210216-152530_WhatsApp-300x300.jpg 300w, https:\/\/www.diocesidicremona.it\/cmdcremona\/wp-content\/uploads\/sites\/41\/2021\/02\/Screenshot_20210216-152530_WhatsApp-1024x1024.jpg 1024w, https:\/\/www.diocesidicremona.it\/cmdcremona\/wp-content\/uploads\/sites\/41\/2021\/02\/Screenshot_20210216-152530_WhatsApp-150x150.jpg 150w, https:\/\/www.diocesidicremona.it\/cmdcremona\/wp-content\/uploads\/sites\/41\/2021\/02\/Screenshot_20210216-152530_WhatsApp-768x768.jpg 768w, https:\/\/www.diocesidicremona.it\/cmdcremona\/wp-content\/uploads\/sites\/41\/2021\/02\/Screenshot_20210216-152530_WhatsApp-200x200.jpg 200w, https:\/\/www.diocesidicremona.it\/cmdcremona\/wp-content\/uploads\/sites\/41\/2021\/02\/Screenshot_20210216-152530_WhatsApp-280x280.jpg 280w, https:\/\/www.diocesidicremona.it\/cmdcremona\/wp-content\/uploads\/sites\/41\/2021\/02\/Screenshot_20210216-152530_WhatsApp-685x685.jpg 685w, https:\/\/www.diocesidicremona.it\/cmdcremona\/wp-content\/uploads\/sites\/41\/2021\/02\/Screenshot_20210216-152530_WhatsApp-45x45.jpg 45w, https:\/\/www.diocesidicremona.it\/cmdcremona\/wp-content\/uploads\/sites\/41\/2021\/02\/Screenshot_20210216-152530_WhatsApp.jpg 1080w\" sizes=\"auto, (max-width: 165px) 100vw, 165px\" \/><\/a><\/p>\n<p>&nbsp;<\/p>\n<article id=\"post-144190\" class=\"post-144190 post type-post status-publish format-standard has-post-thumbnail hentry category-missioconnessi\">\n<div class=\"medium-9 columns\">\n<div class=\"entry-meta-header\"><\/div>\n<div class=\"entry-content\">\n<div class=\"flex-video widescreen\"><iframe loading=\"lazy\" title=\"Missio Connessi: suor Bruna Faldi (30\/12\/2020)\" src=\"https:\/\/www.youtube.com\/embed\/QelqNn3YHuc?feature=oembed\" width=\"1024\" height=\"576\" frameborder=\"0\" allowfullscreen=\"allowfullscreen\" data-mce-fragment=\"1\"><\/iframe><\/div>\n<div class=\"synved-social-container synved-social-container-share\"><\/div>\n<\/div>\n<\/div>\n<footer class=\"entry-meta\">\n<div class=\"entry-meta-footer\"><\/div>\n<\/footer>\n<div class=\"clearfix\"><\/div>\n<\/article>\n<article id=\"post-143472\" class=\"post-143472 post type-post status-publish format-standard has-post-thumbnail hentry category-missioconnessi\">\n<div class=\"entry-meta-image medium-3 columns\"><\/div>\n<\/article>\n<p>&nbsp;<\/p>\n","protected":false},"excerpt":{"rendered":"<p>suor Rachele Fassera, comboniana, missionaria a Dubai negli Emirati Arabi Originaria di Stilo de&#8217; Mariani, frazione di Pessina Cremonese, per anni missionaria in Uganda, vicedirettrice della scuola St. Mary&#8217;s college di Aboke nel Nord del paese che la vede protagonista di un fatto eclatante: nell&#8217;ottobre del 1996 un commando di guerriglieri rapisce 140 ragazze della &hellip; <a href=\"https:\/\/www.diocesidicremona.it\/cmdcremona\/religiosi\/\" class=\"more-link\">Continue reading <span class=\"screen-reader-text\">Religiosi<\/span> <span class=\"meta-nav\">&raquo;<\/span><\/a><\/p>\n","protected":false},"author":6,"featured_media":0,"parent":0,"menu_order":0,"comment_status":"closed","ping_status":"closed","template":"","meta":{"_acf_changed":false,"ip_address":"","user_agent":"","level":"","revision":"","cookie_id":"","page_referer":"","html_form":"","footnotes":"","_links_to":"","_links_to_target":""},"class_list":["post-1018","page","type-page","status-publish","hentry"],"acf":[],"_links":{"self":[{"href":"https:\/\/www.diocesidicremona.it\/cmdcremona\/wp-json\/wp\/v2\/pages\/1018","targetHints":{"allow":["GET"]}}],"collection":[{"href":"https:\/\/www.diocesidicremona.it\/cmdcremona\/wp-json\/wp\/v2\/pages"}],"about":[{"href":"https:\/\/www.diocesidicremona.it\/cmdcremona\/wp-json\/wp\/v2\/types\/page"}],"author":[{"embeddable":true,"href":"https:\/\/www.diocesidicremona.it\/cmdcremona\/wp-json\/wp\/v2\/users\/6"}],"replies":[{"embeddable":true,"href":"https:\/\/www.diocesidicremona.it\/cmdcremona\/wp-json\/wp\/v2\/comments?post=1018"}],"version-history":[{"count":5,"href":"https:\/\/www.diocesidicremona.it\/cmdcremona\/wp-json\/wp\/v2\/pages\/1018\/revisions"}],"predecessor-version":[{"id":1109,"href":"https:\/\/www.diocesidicremona.it\/cmdcremona\/wp-json\/wp\/v2\/pages\/1018\/revisions\/1109"}],"wp:attachment":[{"href":"https:\/\/www.diocesidicremona.it\/cmdcremona\/wp-json\/wp\/v2\/media?parent=1018"}],"curies":[{"name":"wp","href":"https:\/\/api.w.org\/{rel}","templated":true}]}}