{"id":1016,"date":"2020-10-07T17:45:17","date_gmt":"2020-10-07T15:45:17","guid":{"rendered":"https:\/\/www.diocesidicremona.it\/cmdcremona\/?page_id=1016"},"modified":"2021-02-16T11:58:31","modified_gmt":"2021-02-16T10:58:31","slug":"laici","status":"publish","type":"page","link":"https:\/\/www.diocesidicremona.it\/cmdcremona\/laici\/","title":{"rendered":"Laici"},"content":{"rendered":"<div class=\"pdfprnt-buttons pdfprnt-buttons-page pdfprnt-top-right\"><a href=\"https:\/\/www.diocesidicremona.it\/cmdcremona\/wp-json\/wp\/v2\/pages\/1016?print=pdf\" class=\"pdfprnt-button pdfprnt-button-pdf\" target=\"_blank\" ><img decoding=\"async\" src=\"https:\/\/www.diocesidicremona.it\/seminariovescovile\/wp-content\/plugins\/pdf-print\/images\/pdf.png\" alt=\"image_pdf\" title=\"Visualizza PDF\" \/><\/a><a href=\"https:\/\/www.diocesidicremona.it\/cmdcremona\/wp-json\/wp\/v2\/pages\/1016?print=print\" class=\"pdfprnt-button pdfprnt-button-print\" target=\"_blank\" ><img decoding=\"async\" src=\"https:\/\/www.diocesidicremona.it\/seminariovescovile\/wp-content\/plugins\/pdf-print\/images\/print.png\" alt=\"image_print\" title=\"Stampa contenuto\" \/><\/a><\/div><ul>\n<li>Riboni Reno e Anna Rossi, missionari laici della Comunit\u00e0 Papa Giovanni XXIII<\/li>\n<\/ul>\n<p>&nbsp;<\/p>\n<p><a href=\"https:\/\/www.diocesidicremona.it\/cmdcremona\/wp-content\/uploads\/sites\/41\/2021\/02\/download-1.jpeg\" data-rel=\"lightbox-image-0\" data-rl_title=\"\" data-rl_caption=\"\" title=\"\"><img loading=\"lazy\" decoding=\"async\" class=\"alignnone wp-image-1083\" src=\"https:\/\/www.diocesidicremona.it\/cmdcremona\/wp-content\/uploads\/sites\/41\/2021\/02\/download-1.jpeg\" alt=\"\" width=\"248\" height=\"139\" \/><\/a><\/p>\n<p>Entrambi originari di Cremona, si sono sposati nel 1989 e dal 1992 fanno parte della Comunit\u00e0 Papa Giovanni XXIII per la quale operano da pi\u00f9 di 30 anni in Brasile. Attualmente risiedono a Salvador de Bahia dove gestiscono una casafamiglia. Reno \u00e8 anche il responsabile in Brasile dell&#8217;associazione.<\/p>\n<p>Ascolta l&#8217;intervista di MissioConnessi:\u00a0<a href=\"https:\/\/youtu.be\/s7wYT4xNexE\" data-rel=\"lightbox-video-0\">https:\/\/youtu.be\/s7wYT4xNexE<\/a><\/p>\n<p>&nbsp;<\/p>\n","protected":false},"excerpt":{"rendered":"<p>Riboni Reno e Anna Rossi, missionari laici della Comunit\u00e0 Papa Giovanni XXIII &nbsp; Entrambi originari di Cremona, si sono sposati nel 1989 e dal 1992 fanno parte della Comunit\u00e0 Papa Giovanni XXIII per la quale operano da pi\u00f9 di 30 anni in Brasile. Attualmente risiedono a Salvador de Bahia dove gestiscono una casafamiglia. Reno \u00e8 &hellip; <a href=\"https:\/\/www.diocesidicremona.it\/cmdcremona\/laici\/\" class=\"more-link\">Continue reading <span class=\"screen-reader-text\">Laici<\/span> <span class=\"meta-nav\">&raquo;<\/span><\/a><\/p>\n","protected":false},"author":6,"featured_media":0,"parent":0,"menu_order":0,"comment_status":"closed","ping_status":"closed","template":"","meta":{"_acf_changed":false,"ip_address":"","user_agent":"","level":"","revision":"","cookie_id":"","page_referer":"","html_form":"","footnotes":"","_links_to":"","_links_to_target":""},"class_list":["post-1016","page","type-page","status-publish","hentry"],"acf":[],"_links":{"self":[{"href":"https:\/\/www.diocesidicremona.it\/cmdcremona\/wp-json\/wp\/v2\/pages\/1016","targetHints":{"allow":["GET"]}}],"collection":[{"href":"https:\/\/www.diocesidicremona.it\/cmdcremona\/wp-json\/wp\/v2\/pages"}],"about":[{"href":"https:\/\/www.diocesidicremona.it\/cmdcremona\/wp-json\/wp\/v2\/types\/page"}],"author":[{"embeddable":true,"href":"https:\/\/www.diocesidicremona.it\/cmdcremona\/wp-json\/wp\/v2\/users\/6"}],"replies":[{"embeddable":true,"href":"https:\/\/www.diocesidicremona.it\/cmdcremona\/wp-json\/wp\/v2\/comments?post=1016"}],"version-history":[{"count":5,"href":"https:\/\/www.diocesidicremona.it\/cmdcremona\/wp-json\/wp\/v2\/pages\/1016\/revisions"}],"predecessor-version":[{"id":1101,"href":"https:\/\/www.diocesidicremona.it\/cmdcremona\/wp-json\/wp\/v2\/pages\/1016\/revisions\/1101"}],"wp:attachment":[{"href":"https:\/\/www.diocesidicremona.it\/cmdcremona\/wp-json\/wp\/v2\/media?parent=1016"}],"curies":[{"name":"wp","href":"https:\/\/api.w.org\/{rel}","templated":true}]}}