{"id":1014,"date":"2020-10-07T17:45:04","date_gmt":"2020-10-07T15:45:04","guid":{"rendered":"https:\/\/www.diocesidicremona.it\/cmdcremona\/?page_id=1014"},"modified":"2022-11-03T18:39:27","modified_gmt":"2022-11-03T17:39:27","slug":"fidei-donum","status":"publish","type":"page","link":"https:\/\/www.diocesidicremona.it\/cmdcremona\/fidei-donum\/","title":{"rendered":"fidei donum"},"content":{"rendered":"<div class=\"pdfprnt-buttons pdfprnt-buttons-page pdfprnt-top-right\"><a href=\"https:\/\/www.diocesidicremona.it\/cmdcremona\/wp-json\/wp\/v2\/pages\/1014?print=pdf\" class=\"pdfprnt-button pdfprnt-button-pdf\" target=\"_blank\" ><img decoding=\"async\" src=\"https:\/\/www.diocesidicremona.it\/seminariovescovile\/wp-content\/plugins\/pdf-print\/images\/pdf.png\" alt=\"image_pdf\" title=\"Visualizza PDF\" \/><\/a><a href=\"https:\/\/www.diocesidicremona.it\/cmdcremona\/wp-json\/wp\/v2\/pages\/1014?print=print\" class=\"pdfprnt-button pdfprnt-button-print\" target=\"_blank\" ><img decoding=\"async\" src=\"https:\/\/www.diocesidicremona.it\/seminariovescovile\/wp-content\/plugins\/pdf-print\/images\/print.png\" alt=\"image_print\" title=\"Stampa contenuto\" \/><\/a><\/div><ul>\n<li>don Davide Ferretti,<em> fidei donum<\/em> in Brasile a Salvador de Bahia<\/li>\n<\/ul>\n<p><a href=\"https:\/\/www.diocesidicremona.it\/cmdcremona\/wp-content\/uploads\/sites\/41\/2021\/02\/20210215_160708.jpg\" data-rel=\"lightbox-image-0\" data-rl_title=\"\" data-rl_caption=\"\" title=\"\"><img loading=\"lazy\" decoding=\"async\" class=\"alignnone wp-image-1077\" src=\"https:\/\/www.diocesidicremona.it\/cmdcremona\/wp-content\/uploads\/sites\/41\/2021\/02\/20210215_160708-300x300.jpg\" alt=\"\" width=\"195\" height=\"195\" srcset=\"https:\/\/www.diocesidicremona.it\/cmdcremona\/wp-content\/uploads\/sites\/41\/2021\/02\/20210215_160708-300x300.jpg 300w, https:\/\/www.diocesidicremona.it\/cmdcremona\/wp-content\/uploads\/sites\/41\/2021\/02\/20210215_160708-1024x1019.jpg 1024w, https:\/\/www.diocesidicremona.it\/cmdcremona\/wp-content\/uploads\/sites\/41\/2021\/02\/20210215_160708-150x150.jpg 150w, https:\/\/www.diocesidicremona.it\/cmdcremona\/wp-content\/uploads\/sites\/41\/2021\/02\/20210215_160708-768x764.jpg 768w, https:\/\/www.diocesidicremona.it\/cmdcremona\/wp-content\/uploads\/sites\/41\/2021\/02\/20210215_160708-200x200.jpg 200w, https:\/\/www.diocesidicremona.it\/cmdcremona\/wp-content\/uploads\/sites\/41\/2021\/02\/20210215_160708-281x280.jpg 281w, https:\/\/www.diocesidicremona.it\/cmdcremona\/wp-content\/uploads\/sites\/41\/2021\/02\/20210215_160708-772x768.jpg 772w, https:\/\/www.diocesidicremona.it\/cmdcremona\/wp-content\/uploads\/sites\/41\/2021\/02\/20210215_160708-685x682.jpg 685w, https:\/\/www.diocesidicremona.it\/cmdcremona\/wp-content\/uploads\/sites\/41\/2021\/02\/20210215_160708-45x45.jpg 45w, https:\/\/www.diocesidicremona.it\/cmdcremona\/wp-content\/uploads\/sites\/41\/2021\/02\/20210215_160708.jpg 1080w\" sizes=\"auto, (max-width: 195px) 100vw, 195px\" \/><\/a><\/p>\n<p>Originario di Pizzighettone, ordinato sacerdote nel 1991, \u00e8 stato vicario a Robecco d&#8217;Oglio, a Cremona presso la parrocchia di S.Imerio e della Cattedrale. Dal 2007 \u00e8 stato parroco a Motta Baluffi e Solarolo Monasterolo, dal 2014 anche di Scandolara Ravara e Castelponzone. Dal 2017 \u00e8 stato anche amministratore parrocchiale di S.Martino del Lago e C\u00e0 de Soresini, oltre che Vicario Zonale della zona pastorale 4.<\/p>\n<p>&nbsp;<\/p>\n<p>&nbsp;<\/p>\n<p>&nbsp;<\/p>\n","protected":false},"excerpt":{"rendered":"<p>don Davide Ferretti, fidei donum in Brasile a Salvador de Bahia Originario di Pizzighettone, ordinato sacerdote nel 1991, \u00e8 stato vicario a Robecco d&#8217;Oglio, a Cremona presso la parrocchia di S.Imerio e della Cattedrale. Dal 2007 \u00e8 stato parroco a Motta Baluffi e Solarolo Monasterolo, dal 2014 anche di Scandolara Ravara e Castelponzone. Dal 2017 &hellip; <a href=\"https:\/\/www.diocesidicremona.it\/cmdcremona\/fidei-donum\/\" class=\"more-link\">Continue reading <span class=\"screen-reader-text\">fidei donum<\/span> <span class=\"meta-nav\">&raquo;<\/span><\/a><\/p>\n","protected":false},"author":6,"featured_media":0,"parent":0,"menu_order":0,"comment_status":"closed","ping_status":"closed","template":"","meta":{"_acf_changed":false,"ip_address":"","user_agent":"","level":"","revision":"","cookie_id":"","page_referer":"","html_form":"","footnotes":"","_links_to":"","_links_to_target":""},"class_list":["post-1014","page","type-page","status-publish","hentry"],"acf":[],"_links":{"self":[{"href":"https:\/\/www.diocesidicremona.it\/cmdcremona\/wp-json\/wp\/v2\/pages\/1014","targetHints":{"allow":["GET"]}}],"collection":[{"href":"https:\/\/www.diocesidicremona.it\/cmdcremona\/wp-json\/wp\/v2\/pages"}],"about":[{"href":"https:\/\/www.diocesidicremona.it\/cmdcremona\/wp-json\/wp\/v2\/types\/page"}],"author":[{"embeddable":true,"href":"https:\/\/www.diocesidicremona.it\/cmdcremona\/wp-json\/wp\/v2\/users\/6"}],"replies":[{"embeddable":true,"href":"https:\/\/www.diocesidicremona.it\/cmdcremona\/wp-json\/wp\/v2\/comments?post=1014"}],"version-history":[{"count":5,"href":"https:\/\/www.diocesidicremona.it\/cmdcremona\/wp-json\/wp\/v2\/pages\/1014\/revisions"}],"predecessor-version":[{"id":1118,"href":"https:\/\/www.diocesidicremona.it\/cmdcremona\/wp-json\/wp\/v2\/pages\/1014\/revisions\/1118"}],"wp:attachment":[{"href":"https:\/\/www.diocesidicremona.it\/cmdcremona\/wp-json\/wp\/v2\/media?parent=1014"}],"curies":[{"name":"wp","href":"https:\/\/api.w.org\/{rel}","templated":true}]}}