{"id":1010,"date":"2020-10-07T17:44:00","date_gmt":"2020-10-07T15:44:00","guid":{"rendered":"https:\/\/www.diocesidicremona.it\/cmdcremona\/?page_id=1010"},"modified":"2021-01-02T16:51:29","modified_gmt":"2021-01-02T15:51:29","slug":"esperienze-brevi","status":"publish","type":"page","link":"https:\/\/www.diocesidicremona.it\/cmdcremona\/esperienze-brevi\/","title":{"rendered":"Esperienze brevi"},"content":{"rendered":"<div class=\"pdfprnt-buttons pdfprnt-buttons-page pdfprnt-top-right\"><a href=\"https:\/\/www.diocesidicremona.it\/cmdcremona\/wp-json\/wp\/v2\/pages\/1010?print=pdf\" class=\"pdfprnt-button pdfprnt-button-pdf\" target=\"_blank\" ><img decoding=\"async\" src=\"https:\/\/www.diocesidicremona.it\/seminariovescovile\/wp-content\/plugins\/pdf-print\/images\/pdf.png\" alt=\"image_pdf\" title=\"Visualizza PDF\" \/><\/a><a href=\"https:\/\/www.diocesidicremona.it\/cmdcremona\/wp-json\/wp\/v2\/pages\/1010?print=print\" class=\"pdfprnt-button pdfprnt-button-print\" target=\"_blank\" ><img decoding=\"async\" src=\"https:\/\/www.diocesidicremona.it\/seminariovescovile\/wp-content\/plugins\/pdf-print\/images\/print.png\" alt=\"image_print\" title=\"Stampa contenuto\" \/><\/a><\/div><h6><\/h6>\n<h6><strong>ESPERIENZA ESTIVA 2019<\/strong><\/h6>\n<h6>Il gioco del dare e del ricevere: il vero senso di andare in missione<\/h6>\n<h6>Forse non tutti sanno che \u00e8 possibile sentirsi a casa anche dall\u2019altra parte del mondo. Forse non tutti sanno che \u00e8 possibile avere due famiglie. O forse \u00e8 una cosa che si sa, ma non sempre si conosce. Non sempre per lo meno lo si \u00e8 sperimentato.\u00c8 quello che \u00e8 successo a me ritornando per la seconda volta a Salvador de Bahia.<\/h6>\n<h6>Sono infatti stata ospite, insieme ad altri quattro ragazzi cremonesi, della parrocchia Ges\u00f9 Cristo Resuscitato di Salvador Da Bahia, dove opera come missionario il sacerdote castelleonese don Emilio Bellani E ad accoglierci abbiamo trovato gli abbracci di tutti: dagli adulti ai bambini.<\/h6>\n\n\t\t<style type=\"text\/css\">\n\t\t\t#gallery-1 {\n\t\t\t\tmargin: auto;\n\t\t\t}\n\t\t\t#gallery-1 .gallery-item {\n\t\t\t\tfloat: left;\n\t\t\t\tmargin-top: 10px;\n\t\t\t\ttext-align: center;\n\t\t\t\twidth: 33%;\n\t\t\t}\n\t\t\t#gallery-1 img {\n\t\t\t\tborder: 2px solid #cfcfcf;\n\t\t\t}\n\t\t\t#gallery-1 .gallery-caption {\n\t\t\t\tmargin-left: 0;\n\t\t\t}\n\t\t\t\/* see gallery_shortcode() in wp-includes\/media.php *\/\n\t\t<\/style>\n\t\t<div id='gallery-1' class='gallery galleryid-1010 gallery-columns-3 gallery-size-thumbnail'><dl class='gallery-item'>\n\t\t\t<dt class='gallery-icon landscape'>\n\t\t\t\t<a href='https:\/\/www.diocesidicremona.it\/cmdcremona\/wp-content\/uploads\/sites\/41\/2021\/01\/IMG-20190721-WA0022.jpg' title=\"\" data-rl_title=\"\" class=\"rl-gallery-link\" data-rl_caption=\"\" data-rel=\"lightbox-gallery-1\"><img loading=\"lazy\" decoding=\"async\" width=\"150\" height=\"150\" src=\"https:\/\/www.diocesidicremona.it\/cmdcremona\/wp-content\/uploads\/sites\/41\/2021\/01\/IMG-20190721-WA0022-150x150.jpg\" class=\"attachment-thumbnail size-thumbnail\" alt=\"\" srcset=\"https:\/\/www.diocesidicremona.it\/cmdcremona\/wp-content\/uploads\/sites\/41\/2021\/01\/IMG-20190721-WA0022-150x150.jpg 150w, https:\/\/www.diocesidicremona.it\/cmdcremona\/wp-content\/uploads\/sites\/41\/2021\/01\/IMG-20190721-WA0022-200x200.jpg 200w, https:\/\/www.diocesidicremona.it\/cmdcremona\/wp-content\/uploads\/sites\/41\/2021\/01\/IMG-20190721-WA0022-45x45.jpg 45w\" sizes=\"auto, (max-width: 150px) 100vw, 150px\" \/><\/a>\n\t\t\t<\/dt><\/dl><dl class='gallery-item'>\n\t\t\t<dt class='gallery-icon landscape'>\n\t\t\t\t<a href='https:\/\/www.diocesidicremona.it\/cmdcremona\/wp-content\/uploads\/sites\/41\/2021\/01\/IMG-20190721-WA0023.jpg' title=\"\" data-rl_title=\"\" class=\"rl-gallery-link\" data-rl_caption=\"\" data-rel=\"lightbox-gallery-1\"><img loading=\"lazy\" decoding=\"async\" width=\"150\" height=\"150\" src=\"https:\/\/www.diocesidicremona.it\/cmdcremona\/wp-content\/uploads\/sites\/41\/2021\/01\/IMG-20190721-WA0023-150x150.jpg\" class=\"attachment-thumbnail size-thumbnail\" alt=\"\" srcset=\"https:\/\/www.diocesidicremona.it\/cmdcremona\/wp-content\/uploads\/sites\/41\/2021\/01\/IMG-20190721-WA0023-150x150.jpg 150w, https:\/\/www.diocesidicremona.it\/cmdcremona\/wp-content\/uploads\/sites\/41\/2021\/01\/IMG-20190721-WA0023-200x200.jpg 200w, https:\/\/www.diocesidicremona.it\/cmdcremona\/wp-content\/uploads\/sites\/41\/2021\/01\/IMG-20190721-WA0023-45x45.jpg 45w\" sizes=\"auto, (max-width: 150px) 100vw, 150px\" \/><\/a>\n\t\t\t<\/dt><\/dl><dl class='gallery-item'>\n\t\t\t<dt class='gallery-icon landscape'>\n\t\t\t\t<a href='https:\/\/www.diocesidicremona.it\/cmdcremona\/wp-content\/uploads\/sites\/41\/2021\/01\/IMG-20190719-WA0003.jpg' title=\"\" data-rl_title=\"\" class=\"rl-gallery-link\" data-rl_caption=\"\" data-rel=\"lightbox-gallery-1\"><img loading=\"lazy\" decoding=\"async\" width=\"150\" height=\"150\" src=\"https:\/\/www.diocesidicremona.it\/cmdcremona\/wp-content\/uploads\/sites\/41\/2021\/01\/IMG-20190719-WA0003-150x150.jpg\" class=\"attachment-thumbnail size-thumbnail\" alt=\"\" srcset=\"https:\/\/www.diocesidicremona.it\/cmdcremona\/wp-content\/uploads\/sites\/41\/2021\/01\/IMG-20190719-WA0003-150x150.jpg 150w, https:\/\/www.diocesidicremona.it\/cmdcremona\/wp-content\/uploads\/sites\/41\/2021\/01\/IMG-20190719-WA0003-200x200.jpg 200w, https:\/\/www.diocesidicremona.it\/cmdcremona\/wp-content\/uploads\/sites\/41\/2021\/01\/IMG-20190719-WA0003-45x45.jpg 45w\" sizes=\"auto, (max-width: 150px) 100vw, 150px\" \/><\/a>\n\t\t\t<\/dt><\/dl><br style=\"clear: both\" \/>\n\t\t<\/div>\n\n<h6>A Salvador non hanno bisogno di noi. Intendiamoci: la povert\u00e0 \u00e8 tangibile. E si parla di precariet\u00e0 economica, scolastica, culturale e non solo. Ma si tratta pur sempre di una comunit\u00e0 con tante attivit\u00e0 avviate \u2013 dal calcio per i bambini, alla scuola di musica, fino al balletto per bambine e ragazze -, con delle scuole e dei centri educativi che, anche con oggettive fatiche, lavorano.<\/h6>\n<h6>E allora, perch\u00e9 andarci?<\/h6>\n<h6>Perch\u00e9 oggi andare in missione non vuol dire andare a salvare il mondo. Non vuol dire insegnare qualcosa. Non vuol dire dimostrare di essere delle brave persone.<\/h6>\n<h6>Andare in missione significa entrare in punta di piedi in un mondo totalmente altro, non solo con usi e costumi diversi, ma anche con codici di comportamento da imparare e rispettare. Significa dialogare alla pari. E imparare<\/h6>\n<h6>Dire che si riceve molto di pi\u00f9 di quello che si d\u00e0 non \u00e8 solo retorica. \u00c8 profonda verit\u00e0. Perch\u00e9 io posso aver \u201cdato\u201d la ricetta del salame al cioccolato durante il piccolo corso di cucina che abbiamo realizzato per le mamme, ma ho potuto sperimentare una genuinit\u00e0 delle relazioni e una semplicit\u00e0 della condivisione che troppo spesso qui sono macchiate da inutili sovrastrutture e banali pregiudizi.<\/h6>\n<p>&nbsp;<\/p>\n<h6><strong>ESPERIENZA ESTIVA 2018<\/strong><\/h6>\n<h6>\u00abBagun\u00e7a e abra\u00e7o (che tradotti in italiano significano confusione e abbraccio) sono le parole che meglio rispecchiano la situazione al nostro arrivo, la condizione in cui ci siamo trovati, l\u2019aria che abbiamo respirato e le forti emozioni che ci hanno travolto\u00bb.<\/h6>\n<h6>Perch\u00e9 la favela gioca questo scherzo: non d\u00e0 il tempo di capire, ci si ritrova nel mezzo della confusione, delle moltitudini di case una sopra l\u2019altra, di gente, di strade, di vie e viuzze che sembrano tutte uguali ma che, in realt\u00e0, hanno storie di umanit\u00e0 ben precise.<\/h6>\n<h6>E cos\u00ec si scopre che da soli per quelle vie non si pu\u00f2 andare perch\u00e9 \u00e8 troppo pericoloso, anche se la strada \u00e8 la stessa che ogni giorno si fa per arrivare alla scuola dove si fa servizio; che \u00e8 sempre bene non farsi notare per strada e che sull\u2019autobus \u00e8 meglio non parlare in italiano per non attirare troppo l\u2019attenzione. \u00abMa si incontrano anche persone cos\u00ec gentili che per strada ti fermano e si preoccupano se si vede il cellulare che hai in tasca, che vedendoci per l\u2019ennesima volta passare davanti la loro casa, ci sorride salutandoci con qualche parola in un italiano stentato o che sull\u2019autobus si preoccupa di farci scendere alla fermata giusta evitando che ci perdessimo in questa megalopoli di pi\u00f9 di 2 milioni e mezzo di abitanti\u00bb.<\/h6>\n<h6>Ecco <em>bagun\u00e7a <\/em>\u00e8 confusione, paura, disorientamento ma anche sorpresa, imprevisto e vicinanza\u2026 s\u00ec perch\u00e9 in questo oceano di umanit\u00e0 c\u2019\u00e8 posto per tutti e, nonostante il primo impatto possa sembrare molto duro, ci\u00f2 che impressiona \u00e8 il calore con il quale si viene accolti fin da subito.<\/h6>\n<h6>Questa \u00e8 la pi\u00f9 grande contraddizione: ricevere cos\u00ec tanta umanit\u00e0 da sentirsi parte di una comunit\u00e0, in un posto in cui ogni giorno si lotta aspramente per avere una vita dignitosa. Un\u2019umanit\u00e0 semplice, fatta di sorrisi, canti e, soprattutto abbracci, <em>abra<\/em>\u00e7<em>os<\/em> appunto. \u00abBasti pensare a quelle famiglie che la domenica ci invitavano a pranzo e che facevano di tutto per farci sentire parte della loro famiglia o a quella signora che ci teneva a farci sapere che aveva imparato il canto italiano che facevamo sempre a messa\u00bb<\/h6>\n\n\t\t<style type=\"text\/css\">\n\t\t\t#gallery-2 {\n\t\t\t\tmargin: auto;\n\t\t\t}\n\t\t\t#gallery-2 .gallery-item {\n\t\t\t\tfloat: left;\n\t\t\t\tmargin-top: 10px;\n\t\t\t\ttext-align: center;\n\t\t\t\twidth: 33%;\n\t\t\t}\n\t\t\t#gallery-2 img {\n\t\t\t\tborder: 2px solid #cfcfcf;\n\t\t\t}\n\t\t\t#gallery-2 .gallery-caption {\n\t\t\t\tmargin-left: 0;\n\t\t\t}\n\t\t\t\/* see gallery_shortcode() in wp-includes\/media.php *\/\n\t\t<\/style>\n\t\t<div id='gallery-2' class='gallery galleryid-1010 gallery-columns-3 gallery-size-thumbnail'><dl class='gallery-item'>\n\t\t\t<dt class='gallery-icon landscape'>\n\t\t\t\t<a href='https:\/\/www.diocesidicremona.it\/cmdcremona\/wp-content\/uploads\/sites\/41\/2021\/01\/IMG-20180726-WA0049.jpg' title=\"\" data-rl_title=\"\" class=\"rl-gallery-link\" data-rl_caption=\"\" data-rel=\"lightbox-gallery-2\"><img loading=\"lazy\" decoding=\"async\" width=\"150\" height=\"150\" src=\"https:\/\/www.diocesidicremona.it\/cmdcremona\/wp-content\/uploads\/sites\/41\/2021\/01\/IMG-20180726-WA0049-150x150.jpg\" class=\"attachment-thumbnail size-thumbnail\" alt=\"\" srcset=\"https:\/\/www.diocesidicremona.it\/cmdcremona\/wp-content\/uploads\/sites\/41\/2021\/01\/IMG-20180726-WA0049-150x150.jpg 150w, https:\/\/www.diocesidicremona.it\/cmdcremona\/wp-content\/uploads\/sites\/41\/2021\/01\/IMG-20180726-WA0049-200x200.jpg 200w, https:\/\/www.diocesidicremona.it\/cmdcremona\/wp-content\/uploads\/sites\/41\/2021\/01\/IMG-20180726-WA0049-45x45.jpg 45w\" sizes=\"auto, (max-width: 150px) 100vw, 150px\" \/><\/a>\n\t\t\t<\/dt><\/dl><dl class='gallery-item'>\n\t\t\t<dt class='gallery-icon landscape'>\n\t\t\t\t<a href='https:\/\/www.diocesidicremona.it\/cmdcremona\/wp-content\/uploads\/sites\/41\/2021\/01\/IMG-20180726-WA0039.jpg' title=\"\" data-rl_title=\"\" class=\"rl-gallery-link\" data-rl_caption=\"\" data-rel=\"lightbox-gallery-2\"><img loading=\"lazy\" decoding=\"async\" width=\"150\" height=\"150\" src=\"https:\/\/www.diocesidicremona.it\/cmdcremona\/wp-content\/uploads\/sites\/41\/2021\/01\/IMG-20180726-WA0039-150x150.jpg\" class=\"attachment-thumbnail size-thumbnail\" alt=\"\" srcset=\"https:\/\/www.diocesidicremona.it\/cmdcremona\/wp-content\/uploads\/sites\/41\/2021\/01\/IMG-20180726-WA0039-150x150.jpg 150w, https:\/\/www.diocesidicremona.it\/cmdcremona\/wp-content\/uploads\/sites\/41\/2021\/01\/IMG-20180726-WA0039-200x200.jpg 200w, https:\/\/www.diocesidicremona.it\/cmdcremona\/wp-content\/uploads\/sites\/41\/2021\/01\/IMG-20180726-WA0039-45x45.jpg 45w\" sizes=\"auto, (max-width: 150px) 100vw, 150px\" \/><\/a>\n\t\t\t<\/dt><\/dl><dl class='gallery-item'>\n\t\t\t<dt class='gallery-icon landscape'>\n\t\t\t\t<a href='https:\/\/www.diocesidicremona.it\/cmdcremona\/wp-content\/uploads\/sites\/41\/2021\/01\/IMG-20180717-WA0002.jpg' title=\"\" data-rl_title=\"\" class=\"rl-gallery-link\" data-rl_caption=\"\" data-rel=\"lightbox-gallery-2\"><img loading=\"lazy\" decoding=\"async\" width=\"150\" height=\"150\" src=\"https:\/\/www.diocesidicremona.it\/cmdcremona\/wp-content\/uploads\/sites\/41\/2021\/01\/IMG-20180717-WA0002-150x150.jpg\" class=\"attachment-thumbnail size-thumbnail\" alt=\"\" srcset=\"https:\/\/www.diocesidicremona.it\/cmdcremona\/wp-content\/uploads\/sites\/41\/2021\/01\/IMG-20180717-WA0002-150x150.jpg 150w, https:\/\/www.diocesidicremona.it\/cmdcremona\/wp-content\/uploads\/sites\/41\/2021\/01\/IMG-20180717-WA0002-200x200.jpg 200w, https:\/\/www.diocesidicremona.it\/cmdcremona\/wp-content\/uploads\/sites\/41\/2021\/01\/IMG-20180717-WA0002-45x45.jpg 45w\" sizes=\"auto, (max-width: 150px) 100vw, 150px\" \/><\/a>\n\t\t\t<\/dt><\/dl><br style=\"clear: both\" \/>\n\t\t<\/div>\n\n<h6>Per quanto ci si possa preparare, ci si scontra con un forte senso di impotenza e inutilit\u00e0: tante volte si devono cambiare o annullare i piani davanti ad imprevisti irrimediabili e spesso ci si domanda quale sia la reale utilit\u00e0 di una missione come questa, in mezzo a situazioni che non si possono cambiare o migliorare. \u00abLa risposta, come spesso avviene, \u00e8 arrivata alla fine del nostro servizio quando tutte le persone che avevamo incontrato volevano assolutamente salutarci! Leggendo altre esperienze di giovani in terre di missione, c\u2019\u00e8 una frase che pu\u00f2 riassumere bene ci\u00f2 che abbiamo vissuto: \u201cDio non sceglie chi \u00e8 capace ma rende capace chi sceglie\u201d\u00bb.<\/h6>\n","protected":false},"excerpt":{"rendered":"<p>ESPERIENZA ESTIVA 2019 Il gioco del dare e del ricevere: il vero senso di andare in missione Forse non tutti sanno che \u00e8 possibile sentirsi a casa anche dall\u2019altra parte del mondo. Forse non tutti sanno che \u00e8 possibile avere due famiglie. O forse \u00e8 una cosa che si sa, ma non sempre si conosce. &hellip; <a href=\"https:\/\/www.diocesidicremona.it\/cmdcremona\/esperienze-brevi\/\" class=\"more-link\">Continue reading <span class=\"screen-reader-text\">Esperienze brevi<\/span> <span class=\"meta-nav\">&raquo;<\/span><\/a><\/p>\n","protected":false},"author":6,"featured_media":0,"parent":0,"menu_order":0,"comment_status":"closed","ping_status":"closed","template":"","meta":{"_acf_changed":false,"ip_address":"","user_agent":"","level":"","revision":"","cookie_id":"","page_referer":"","html_form":"","footnotes":"","_links_to":"","_links_to_target":""},"class_list":["post-1010","page","type-page","status-publish","hentry"],"acf":[],"_links":{"self":[{"href":"https:\/\/www.diocesidicremona.it\/cmdcremona\/wp-json\/wp\/v2\/pages\/1010","targetHints":{"allow":["GET"]}}],"collection":[{"href":"https:\/\/www.diocesidicremona.it\/cmdcremona\/wp-json\/wp\/v2\/pages"}],"about":[{"href":"https:\/\/www.diocesidicremona.it\/cmdcremona\/wp-json\/wp\/v2\/types\/page"}],"author":[{"embeddable":true,"href":"https:\/\/www.diocesidicremona.it\/cmdcremona\/wp-json\/wp\/v2\/users\/6"}],"replies":[{"embeddable":true,"href":"https:\/\/www.diocesidicremona.it\/cmdcremona\/wp-json\/wp\/v2\/comments?post=1010"}],"version-history":[{"count":5,"href":"https:\/\/www.diocesidicremona.it\/cmdcremona\/wp-json\/wp\/v2\/pages\/1010\/revisions"}],"predecessor-version":[{"id":1069,"href":"https:\/\/www.diocesidicremona.it\/cmdcremona\/wp-json\/wp\/v2\/pages\/1010\/revisions\/1069"}],"wp:attachment":[{"href":"https:\/\/www.diocesidicremona.it\/cmdcremona\/wp-json\/wp\/v2\/media?parent=1010"}],"curies":[{"name":"wp","href":"https:\/\/api.w.org\/{rel}","templated":true}]}}