{"id":20,"date":"2015-07-21T09:36:23","date_gmt":"2015-07-21T07:36:23","guid":{"rendered":"https:\/\/www.diocesidicremona.it\/beniculturali\/?page_id=20"},"modified":"2021-11-15T10:44:07","modified_gmt":"2021-11-15T09:44:07","slug":"contatti","status":"publish","type":"page","link":"https:\/\/www.diocesidicremona.it\/beniculturali\/contatti\/","title":{"rendered":"Contatti"},"content":{"rendered":"<div class=\"pdfprnt-buttons pdfprnt-buttons-page pdfprnt-top-right\"><a href=\"https:\/\/www.diocesidicremona.it\/beniculturali\/wp-json\/wp\/v2\/pages\/20?print=pdf\" class=\"pdfprnt-button pdfprnt-button-pdf\" target=\"_blank\" ><img decoding=\"async\" src=\"https:\/\/www.diocesidicremona.it\/beniculturali\/wp-content\/plugins\/pdf-print\/images\/pdf.png\" alt=\"image_pdf\" title=\"Visualizza PDF\" \/><\/a><a href=\"https:\/\/www.diocesidicremona.it\/beniculturali\/wp-json\/wp\/v2\/pages\/20?print=print\" class=\"pdfprnt-button pdfprnt-button-print\" target=\"_blank\" ><img decoding=\"async\" src=\"https:\/\/www.diocesidicremona.it\/beniculturali\/wp-content\/plugins\/pdf-print\/images\/print.png\" alt=\"image_print\" title=\"Stampa contenuto\" \/><\/a><\/div><p style=\"text-align: center;\"><a href=\"https:\/\/www.diocesidicremona.it\/beniculturali\/wp-content\/uploads\/sites\/19\/2018\/05\/IMG-20161002-WA0009-e1526895061767.jpg\" data-rel=\"lightbox-image-0\" data-rl_title=\"\" data-rl_caption=\"\" title=\"\"><img loading=\"lazy\" decoding=\"async\" class=\"wp-image-326 aligncenter\" src=\"https:\/\/www.diocesidicremona.it\/beniculturali\/wp-content\/uploads\/sites\/19\/2018\/05\/IMG-20161002-WA0009-e1526895061767-300x274.jpg\" alt=\"\" width=\"223\" height=\"204\" srcset=\"https:\/\/www.diocesidicremona.it\/beniculturali\/wp-content\/uploads\/sites\/19\/2018\/05\/IMG-20161002-WA0009-e1526895061767-300x274.jpg 300w, https:\/\/www.diocesidicremona.it\/beniculturali\/wp-content\/uploads\/sites\/19\/2018\/05\/IMG-20161002-WA0009-e1526895061767-768x702.jpg 768w, https:\/\/www.diocesidicremona.it\/beniculturali\/wp-content\/uploads\/sites\/19\/2018\/05\/IMG-20161002-WA0009-e1526895061767-306x280.jpg 306w, https:\/\/www.diocesidicremona.it\/beniculturali\/wp-content\/uploads\/sites\/19\/2018\/05\/IMG-20161002-WA0009-e1526895061767-841x768.jpg 841w, https:\/\/www.diocesidicremona.it\/beniculturali\/wp-content\/uploads\/sites\/19\/2018\/05\/IMG-20161002-WA0009-e1526895061767-685x626.jpg 685w, https:\/\/www.diocesidicremona.it\/beniculturali\/wp-content\/uploads\/sites\/19\/2018\/05\/IMG-20161002-WA0009-e1526895061767.jpg 939w\" sizes=\"auto, (max-width: 223px) 100vw, 223px\" \/><\/a>Incaricato diocesano:<br \/>\n<em>Don Gianluca Gaiardi<\/em><\/p>\n<p style=\"text-align: center;\">Segretaria: <em>Anna Martinenghi<\/em><\/p>\n<p style=\"text-align: center;\">&#8212;&#8211;<\/p>\n<p style=\"text-align: center;\"><strong>Giorni ed orari di apertura dell&#8217;Ufficio<\/strong><\/p>\n<p style=\"text-align: center;\">presso Curia Vescovile<\/p>\n<p style=\"text-align: center;\">Piazza Sant&#8217;Antonio Maria Zaccaria, 5 &#8211; 26100 Cremona:<\/p>\n<p style=\"text-align: center;\"><span style=\"font-size: 1rem;\">\u00a0Luned\u00ec, Mercoled\u00ec e Venerd\u00ec dalle ore 9.30 alle ore 12.30 <\/span><\/p>\n<p style=\"text-align: center;\"><span style=\"font-size: 1rem;\">per la consegna delle pratiche, per la presentazione e discussione<\/span><\/p>\n<p style=\"text-align: center;\"><span style=\"font-size: 1rem;\">dei progetti si invita a fissare un appuntamento al fine di evitare<\/span><\/p>\n<p style=\"text-align: center;\"><span style=\"font-size: 1rem;\">spiacevoli attese ed agevolare il lavoro di tutti.<\/span><\/p>\n<p style=\"text-align: center;\">&#8212;&#8211;<\/p>\n<p style=\"text-align: center;\"><strong>e-mail ufficio<\/strong>:<em> <a href=\"mailto:beniculturali@diocesidicremona.it\">beniculturali@diocesidicremona.it<\/a><\/em><\/p>\n<p style=\"text-align: center;\"><strong>posta certificata<\/strong>: <em><a href=\"mailto:diocesidicremona@pec.chiesacattolica.it\">diocesidicremona@pec.chiesacattolica.it<\/a><\/em><\/p>\n<p style=\"text-align: center;\"><strong>e-mail direttore<\/strong>: <em><a href=\"mailto:direttorebeniculturali@diocesidicremona.it\">direttorebeniculturali@diocesidicremona.it<\/a><\/em><\/p>\n<p style=\"text-align: center;\"><strong>Tel.<\/strong> 0372 495032\u00a0 &#8211;\u00a0 0372 495015<\/p>\n<p style=\"text-align: center;\">\u00a0<strong>Fax<\/strong> 0372 495025<\/p>\n","protected":false},"excerpt":{"rendered":"<p>Incaricato diocesano: Don Gianluca Gaiardi Segretaria: Anna Martinenghi &#8212;&#8211; Giorni ed orari di apertura dell&#8217;Ufficio presso Curia Vescovile Piazza Sant&#8217;Antonio Maria Zaccaria, 5 &#8211; 26100 Cremona: \u00a0Luned\u00ec, Mercoled\u00ec e Venerd\u00ec dalle ore 9.30 alle ore 12.30 per la consegna delle pratiche, per la presentazione e discussione dei progetti si invita a fissare un appuntamento al &hellip; <a href=\"https:\/\/www.diocesidicremona.it\/beniculturali\/contatti\/\" class=\"more-link\">Continue reading <span class=\"screen-reader-text\">Contatti<\/span> <span class=\"meta-nav\">&raquo;<\/span><\/a><\/p>\n","protected":false},"author":6,"featured_media":0,"parent":0,"menu_order":0,"comment_status":"closed","ping_status":"open","template":"","meta":{"_acf_changed":false,"ip_address":"","user_agent":"","level":"","revision":"","cookie_id":"","page_referer":"","html_form":"","footnotes":"","_links_to":"","_links_to_target":""},"class_list":["post-20","page","type-page","status-publish","hentry"],"acf":[],"_links":{"self":[{"href":"https:\/\/www.diocesidicremona.it\/beniculturali\/wp-json\/wp\/v2\/pages\/20","targetHints":{"allow":["GET"]}}],"collection":[{"href":"https:\/\/www.diocesidicremona.it\/beniculturali\/wp-json\/wp\/v2\/pages"}],"about":[{"href":"https:\/\/www.diocesidicremona.it\/beniculturali\/wp-json\/wp\/v2\/types\/page"}],"author":[{"embeddable":true,"href":"https:\/\/www.diocesidicremona.it\/beniculturali\/wp-json\/wp\/v2\/users\/6"}],"replies":[{"embeddable":true,"href":"https:\/\/www.diocesidicremona.it\/beniculturali\/wp-json\/wp\/v2\/comments?post=20"}],"version-history":[{"count":6,"href":"https:\/\/www.diocesidicremona.it\/beniculturali\/wp-json\/wp\/v2\/pages\/20\/revisions"}],"predecessor-version":[{"id":782,"href":"https:\/\/www.diocesidicremona.it\/beniculturali\/wp-json\/wp\/v2\/pages\/20\/revisions\/782"}],"wp:attachment":[{"href":"https:\/\/www.diocesidicremona.it\/beniculturali\/wp-json\/wp\/v2\/media?parent=20"}],"curies":[{"name":"wp","href":"https:\/\/api.w.org\/{rel}","templated":true}]}}